{"id":75564,"date":"2026-01-21T16:38:02","date_gmt":"2026-01-21T16:38:02","guid":{"rendered":"https:\/\/modesthanim.com\/product\/aller-detayli-orme-pantolon-antrasit\/"},"modified":"2026-01-21T16:38:42","modified_gmt":"2026-01-21T16:38:42","slug":"aller-detayli-orme-pantolon-antrasit","status":"publish","type":"product","link":"https:\/\/mod.wisdar.net\/tr\/urun\/aller-detayli-orme-pantolon-antrasit\/","title":{"rendered":"Aller Detayl\u0131 \u00d6rme Pantolon \u2013 Antrasit"},"content":{"rendered":"<p>\u00d6rme dokusunun yumu\u015fakl\u0131\u011f\u0131n\u0131 aller detaylar\u0131yla zenginle\u015ftiren bu pantolon, sade siluetine modern bir karakter kazand\u0131r\u0131r.<br \/>\nKuma\u015f \u0130\u00e7eri\u011fi: %60 Rayon, %35 Naylon, %5 Span<br \/>\nDesen: D\u00fcz<br \/>\nBel Tipi: Normal Bel<br \/>\nPa\u00e7a Tipi: Bol Pa\u00e7a<br \/>\nCep: Yan Cep<br \/>\nAstar: Astars\u0131z<br \/>\n\u00dcr\u00fcn Boyu 108 cm<br \/>\nKal\u0131p Tipi: Rahat Kal\u0131p<br \/>\nManken \u00d6l\u00e7\u00fcleri:Boy: 176 cmG\u00f6\u011f\u00fcs: 78 cmBel: 59 cmBasen: 88 cm<br \/>\nMankenin Giydi\u011fi Beden: 38<\/p>\n","protected":false},"excerpt":{"rendered":"<p>\u00d6rme dokusunun yumu\u015fakl\u0131\u011f\u0131n\u0131 aller detaylar\u0131yla zenginle\u015ftiren bu pantolon, sade siluetine modern bir karakter kazand\u0131r\u0131r. Kuma\u015f \u0130\u00e7eri\u011fi: %60 Rayon, %35 Naylon, %5 Span Desen: D\u00fcz Bel Tipi: Normal Bel Pa\u00e7a Tipi: Bol Pa\u00e7a Cep: Yan Cep Astar: Astars\u0131z \u00dcr\u00fcn Boyu 108 cm Kal\u0131p Tipi: Rahat Kal\u0131p Manken \u00d6l\u00e7\u00fcleri:Boy: 176 cmG\u00f6\u011f\u00fcs: 78 cmBel: 59 cmBasen: 88 cm [&hellip;]<\/p>\n","protected":false},"featured_media":75557,"comment_status":"open","ping_status":"closed","template":"","meta":[],"product_brand":[],"product_cat":[1882],"product_tag":[6777,6761,7874,6882],"class_list":{"0":"post-75564","1":"product","2":"type-product","3":"status-publish","4":"has-post-thumbnail","6":"product_cat-alt-giyim","7":"product_tag-antrasit","8":"product_tag-bol-paca","9":"product_tag-moda-pantolonu","10":"product_tag-rahat-kesim-2","11":"pa_color-antrasit","12":"pa_size-4701","13":"pa_size-4706","14":"pa_size-4711","15":"pa_size-4713","16":"pa_size-4751","18":"first","19":"instock","20":"sale","21":"shipping-taxable","22":"purchasable","23":"product-type-variable"},"_links":{"self":[{"href":"https:\/\/mod.wisdar.net\/tr\/wp-json\/wp\/v2\/product\/75564","targetHints":{"allow":["GET"]}}],"collection":[{"href":"https:\/\/mod.wisdar.net\/tr\/wp-json\/wp\/v2\/product"}],"about":[{"href":"https:\/\/mod.wisdar.net\/tr\/wp-json\/wp\/v2\/types\/product"}],"replies":[{"embeddable":true,"href":"https:\/\/mod.wisdar.net\/tr\/wp-json\/wp\/v2\/comments?post=75564"}],"wp:featuredmedia":[{"embeddable":true,"href":"https:\/\/mod.wisdar.net\/tr\/wp-json\/wp\/v2\/media\/75557"}],"wp:attachment":[{"href":"https:\/\/mod.wisdar.net\/tr\/wp-json\/wp\/v2\/media?parent=75564"}],"wp:term":[{"taxonomy":"product_brand","embeddable":true,"href":"https:\/\/mod.wisdar.net\/tr\/wp-json\/wp\/v2\/product_brand?post=75564"},{"taxonomy":"product_cat","embeddable":true,"href":"https:\/\/mod.wisdar.net\/tr\/wp-json\/wp\/v2\/product_cat?post=75564"},{"taxonomy":"product_tag","embeddable":true,"href":"https:\/\/mod.wisdar.net\/tr\/wp-json\/wp\/v2\/product_tag?post=75564"}],"curies":[{"name":"wp","href":"https:\/\/api.w.org\/{rel}","templated":true}]}}