{"id":75580,"date":"2026-01-21T16:38:11","date_gmt":"2026-01-21T16:38:11","guid":{"rendered":"https:\/\/modesthanim.com\/product\/cakma-rivet-detayli-takim-indigo\/"},"modified":"2026-03-22T02:51:32","modified_gmt":"2026-03-22T02:51:32","slug":"cakma-rivet-detayli-takim-indigo","status":"publish","type":"product","link":"https:\/\/mod.wisdar.net\/tr\/urun\/cakma-rivet-detayli-takim-indigo\/","title":{"rendered":"\u00c7akma Rivet Detayl\u0131 Tak\u0131m \u2013 \u0130ndigo"},"content":{"rendered":"<p>\u00dcst ve alt par\u00e7an\u0131n uyumunu \u00e7akma rivet detaylar\u0131yla g\u00fc\u00e7lendiren bu tak\u0131m, sade formuna modern ve dinamik bir karakter ekler. Yumu\u015fak dokusu g\u00fcn boyu konfor sa\u011flarken, metalik vurgular \u015fehir stiline g\u00fc\u00e7l\u00fc ve sofistike bir hava katar.<br \/>\n\u00dcST<br \/>\nKuma\u015f \u0130\u00e7eri\u011fi: %63 Pamuklu, %33 Polyester, %4 Elastan<br \/>\nDesen: D\u00fcz<br \/>\nYaka Tipi: G\u00f6mlek Yaka<br \/>\nKol Tipi: D\u00fc\u015f\u00fck Kol<br \/>\nCep: Aplike Cep<br \/>\nAstar: Astars\u0131z<br \/>\n\u00dcr\u00fcn Boyu: 75 cm<br \/>\nKal\u0131p Tipi: Normal Kal\u0131pALT<br \/>\nKuma\u015f \u0130\u00e7eri\u011fi: %63 Pamuklu, %33 Polyester, %4 Elastan<br \/>\nDesen: D\u00fcz<br \/>\nBel Tipi: Normal Bel<br \/>\nPa\u00e7a Tipi: Bol Pa\u00e7a<br \/>\nCep: Yan Cep<br \/>\nAstar: Astars\u0131z<br \/>\n\u00dcr\u00fcn Boyu: 108 cm<br \/>\nKal\u0131p Tipi: Normal Kal\u0131p<br \/>\nManken \u00d6l\u00e7\u00fcleri:Boy: 174 cmG\u00f6\u011f\u00fcs: 82 cmBel: 60 cmBasen: 90 cm<br \/>\nMankenin Giydi\u011fi Beden: 38<\/p>\n<p>\u2014 Technical Details \u2014<br \/>\nmeasurements: {&#8217;38&#8217;: {&#8216;shoulder&#8217;: 50, &#8216;chest&#8217;: 110, &#8216;waist&#8217;: 112, &#8216;hip&#8217;: 116, &#8216;length&#8217;: 75, &#8216;sleeve_length&#8217;: 55}, &#8217;40&#8217;: {&#8216;shoulder&#8217;: 51, &#8216;chest&#8217;: 114, &#8216;waist&#8217;: 116, &#8216;hip&#8217;: 120, &#8216;length&#8217;: 75.5, &#8216;sleeve_length&#8217;: 55.5}, &#8217;42&#8217;: {&#8216;shoulder&#8217;: 52, &#8216;chest&#8217;: 118, &#8216;waist&#8217;: 120, &#8216;hip&#8217;: 124, &#8216;length&#8217;: 76, &#8216;sleeve_length&#8217;: 56}, &#8217;44&#8217;: {&#8216;shoulder&#8217;: 53, &#8216;chest&#8217;: 122, &#8216;waist&#8217;: 124, &#8216;hip&#8217;: 128, &#8216;length&#8217;: 76.5, &#8216;sleeve_length&#8217;: 56.5}, &#8217;46&#8217;: {&#8216;shoulder&#8217;: 54, &#8216;chest&#8217;: 128, &#8216;waist&#8217;: 130, &#8216;hip&#8217;: 134, &#8216;length&#8217;: 77, &#8216;sleeve_length&#8217;: 57}}<\/p>\n","protected":false},"excerpt":{"rendered":"<p>\u00dcst ve alt par\u00e7an\u0131n uyumunu \u00e7akma rivet detaylar\u0131yla g\u00fc\u00e7lendiren bu tak\u0131m, sade formuna modern ve dinamik bir karakter ekler. Yumu\u015fak dokusu g\u00fcn boyu konfor sa\u011flarken, metalik vurgular \u015fehir stiline g\u00fc\u00e7l\u00fc ve sofistike bir hava katar. \u00dcST Kuma\u015f \u0130\u00e7eri\u011fi: %63 Pamuklu, %33 Polyester, %4 Elastan Desen: D\u00fcz Yaka Tipi: G\u00f6mlek Yaka Kol Tipi: D\u00fc\u015f\u00fck Kol Cep: [&hellip;]<\/p>\n","protected":false},"featured_media":75563,"comment_status":"open","ping_status":"closed","template":"","meta":[],"product_brand":[],"product_cat":[1900],"product_tag":[6761,7425,6825],"class_list":{"0":"post-75580","1":"product","2":"type-product","3":"status-publish","4":"has-post-thumbnail","6":"product_cat-koordinatlar-setler","7":"product_tag-bol-paca","8":"product_tag-pamuk-karisimi","9":"product_tag-sehir-stili","10":"pa_color-indigo","11":"pa_size-4706","12":"pa_size-4711","13":"pa_size-4713","14":"pa_size-4751","15":"pa_size-4749","17":"first","18":"outofstock","19":"shipping-taxable","20":"product-type-variable"},"_links":{"self":[{"href":"https:\/\/mod.wisdar.net\/tr\/wp-json\/wp\/v2\/product\/75580","targetHints":{"allow":["GET"]}}],"collection":[{"href":"https:\/\/mod.wisdar.net\/tr\/wp-json\/wp\/v2\/product"}],"about":[{"href":"https:\/\/mod.wisdar.net\/tr\/wp-json\/wp\/v2\/types\/product"}],"replies":[{"embeddable":true,"href":"https:\/\/mod.wisdar.net\/tr\/wp-json\/wp\/v2\/comments?post=75580"}],"wp:featuredmedia":[{"embeddable":true,"href":"https:\/\/mod.wisdar.net\/tr\/wp-json\/wp\/v2\/media\/75563"}],"wp:attachment":[{"href":"https:\/\/mod.wisdar.net\/tr\/wp-json\/wp\/v2\/media?parent=75580"}],"wp:term":[{"taxonomy":"product_brand","embeddable":true,"href":"https:\/\/mod.wisdar.net\/tr\/wp-json\/wp\/v2\/product_brand?post=75580"},{"taxonomy":"product_cat","embeddable":true,"href":"https:\/\/mod.wisdar.net\/tr\/wp-json\/wp\/v2\/product_cat?post=75580"},{"taxonomy":"product_tag","embeddable":true,"href":"https:\/\/mod.wisdar.net\/tr\/wp-json\/wp\/v2\/product_tag?post=75580"}],"curies":[{"name":"wp","href":"https:\/\/api.w.org\/{rel}","templated":true}]}}