{"id":75643,"date":"2026-01-21T16:39:40","date_gmt":"2026-01-21T16:39:40","guid":{"rendered":"https:\/\/modesthanim.com\/product\/cizgi-desenli-pantolon-antrasit\/"},"modified":"2026-04-02T05:53:16","modified_gmt":"2026-04-02T05:53:16","slug":"cizgi-desenli-pantolon-antrasit","status":"publish","type":"product","link":"https:\/\/mod.wisdar.net\/tr\/urun\/cizgi-desenli-pantolon-antrasit\/","title":{"rendered":"\u00c7izgi Desenli Pantolon \u2013 Antrasit"},"content":{"rendered":"<p>\u00c7izgi Desenli Pantolon, ince \u00e7izgi detaylar\u0131 ve \u015f\u0131k kesimiyle stilinize sofistike bir hava kat\u0131yor. G\u00fcnl\u00fck kombinlerden ofis stiline kadar her an\u0131n\u0131za uyum sa\u011flayan \u00e7ok y\u00f6nl\u00fc bir par\u00e7a.<br \/>\nKuma\u015f \u0130\u00e7eri\u011fi: %65 Polyester, %32 Viskon, %3 Elastan<br \/>\nDesen: \u00c7izgili<br \/>\nBel Tipi: Y\u00fcksek Bel<br \/>\nPa\u00e7a Tipi: Palazzo<br \/>\nCep: Yan Cep<br \/>\nAstar: Astars\u0131z<br \/>\n\u00dcr\u00fcn Boyu: 107 cm<br \/>\nKal\u0131p Tip\u064a: Normal Kal\u0131p<br \/>\nMankenin Giydi\u011fi Beden: 38<br \/>\nManken \u00d6l\u00e7\u00fcleri: Boy: 175 cm, G\u00f6\u011f\u00fcs: 85 cm, Bel: 60 cm, Basen: 90 cm<\/p>\n","protected":false},"excerpt":{"rendered":"<p>\u00c7izgi Desenli Pantolon, ince \u00e7izgi detaylar\u0131 ve \u015f\u0131k kesimiyle stilinize sofistike bir hava kat\u0131yor. G\u00fcnl\u00fck kombinlerden ofis stiline kadar her an\u0131n\u0131za uyum sa\u011flayan \u00e7ok y\u00f6nl\u00fc bir par\u00e7a. Kuma\u015f \u0130\u00e7eri\u011fi: %65 Polyester, %32 Viskon, %3 Elastan Desen: \u00c7izgili Bel Tipi: Y\u00fcksek Bel Pa\u00e7a Tipi: Palazzo Cep: Yan Cep Astar: Astars\u0131z \u00dcr\u00fcn Boyu: 107 cm Kal\u0131p Tip\u064a: [&hellip;]<\/p>\n","protected":false},"featured_media":75628,"comment_status":"open","ping_status":"closed","template":"","meta":[],"product_brand":[],"product_cat":[1882],"product_tag":[],"class_list":{"0":"post-75643","1":"product","2":"type-product","3":"status-publish","4":"has-post-thumbnail","6":"product_cat-alt-giyim","7":"pa_brand-tugba","8":"pa_color-antrasit","9":"pa_size-4706","10":"pa_size-4711","11":"pa_size-4713","12":"pa_size-4751","13":"pa_size-4749","14":"pa_size-4747","16":"first","17":"instock","18":"sale","19":"shipping-taxable","20":"purchasable","21":"product-type-variable"},"_links":{"self":[{"href":"https:\/\/mod.wisdar.net\/tr\/wp-json\/wp\/v2\/product\/75643","targetHints":{"allow":["GET"]}}],"collection":[{"href":"https:\/\/mod.wisdar.net\/tr\/wp-json\/wp\/v2\/product"}],"about":[{"href":"https:\/\/mod.wisdar.net\/tr\/wp-json\/wp\/v2\/types\/product"}],"replies":[{"embeddable":true,"href":"https:\/\/mod.wisdar.net\/tr\/wp-json\/wp\/v2\/comments?post=75643"}],"wp:featuredmedia":[{"embeddable":true,"href":"https:\/\/mod.wisdar.net\/tr\/wp-json\/wp\/v2\/media\/75628"}],"wp:attachment":[{"href":"https:\/\/mod.wisdar.net\/tr\/wp-json\/wp\/v2\/media?parent=75643"}],"wp:term":[{"taxonomy":"product_brand","embeddable":true,"href":"https:\/\/mod.wisdar.net\/tr\/wp-json\/wp\/v2\/product_brand?post=75643"},{"taxonomy":"product_cat","embeddable":true,"href":"https:\/\/mod.wisdar.net\/tr\/wp-json\/wp\/v2\/product_cat?post=75643"},{"taxonomy":"product_tag","embeddable":true,"href":"https:\/\/mod.wisdar.net\/tr\/wp-json\/wp\/v2\/product_tag?post=75643"}],"curies":[{"name":"wp","href":"https:\/\/api.w.org\/{rel}","templated":true}]}}