{"id":75686,"date":"2026-01-21T16:40:33","date_gmt":"2026-01-21T16:40:33","guid":{"rendered":"https:\/\/modesthanim.com\/product\/bel-detayli-pantolon-aci-kahve\/"},"modified":"2026-04-09T11:33:06","modified_gmt":"2026-04-09T11:33:06","slug":"bel-detayli-pantolon-aci-kahve","status":"publish","type":"product","link":"https:\/\/mod.wisdar.net\/tr\/urun\/bel-detayli-pantolon-aci-kahve\/","title":{"rendered":"Bel Detayl\u0131 Pantolon \u2013 Ac\u0131 Kahve"},"content":{"rendered":"<p>Ak\u0131c\u0131 kesimi ve rahat yap\u0131s\u0131 g\u00fcn boyu konfor sa\u011flarken, minimal \u00e7izgileri sayesinde hem ofis kombinlerine hem de g\u00fcnl\u00fck \u015fehir stiline sofistike bir dokunu\u015f katar.<br \/>\nKuma\u015f \u0130\u00e7eri\u011fi: %92 Viskon, %8 Polyester<br \/>\nDesen: D\u00fcz<br \/>\nBel Tipi: Y\u00fcksek Bel<br \/>\nPa\u00e7a Tipi: Bol Pa\u00e7a<br \/>\nCep: Gizli Cep<br \/>\nAstar: Astars\u0131z<br \/>\n\u00dcr\u00fcn Boyu 110 cm<br \/>\nKal\u0131p Tipi: Normal Kal\u0131p<br \/>\nManken \u00d6l\u00e7\u00fcleri:Boy: 174 cmG\u00f6\u011f\u00fcs: 81 cmBel: 63 cmBasen: 89 cm<br \/>\nMankenin Giydi\u011fi Beden: 38<\/p>\n","protected":false},"excerpt":{"rendered":"<p>Ak\u0131c\u0131 kesimi ve rahat yap\u0131s\u0131 g\u00fcn boyu konfor sa\u011flarken, minimal \u00e7izgileri sayesinde hem ofis kombinlerine hem de g\u00fcnl\u00fck \u015fehir stiline sofistike bir dokunu\u015f katar. Kuma\u015f \u0130\u00e7eri\u011fi: %92 Viskon, %8 Polyester Desen: D\u00fcz Bel Tipi: Y\u00fcksek Bel Pa\u00e7a Tipi: Bol Pa\u00e7a Cep: Gizli Cep Astar: Astars\u0131z \u00dcr\u00fcn Boyu 110 cm Kal\u0131p Tipi: Normal Kal\u0131p Manken \u00d6l\u00e7\u00fcleri:Boy: [&hellip;]<\/p>\n","protected":false},"featured_media":75678,"comment_status":"open","ping_status":"closed","template":"","meta":[],"product_brand":[],"product_cat":[1882],"product_tag":[6930,6761,6754,6749,6825,7650],"class_list":{"0":"post-75686","1":"product","2":"type-product","3":"status-publish","4":"has-post-thumbnail","6":"product_cat-alt-giyim","7":"product_tag-bitter-coffee","8":"product_tag-bol-paca","9":"product_tag-ofis-kiyafeti","10":"product_tag-pantolon","11":"product_tag-sehir-stili","12":"product_tag-yuksek-bel-3","13":"pa_brand-tugba","14":"pa_color-aci-kahve-1","15":"pa_size-4706","16":"pa_size-4711","17":"pa_size-4713","18":"pa_size-4751","19":"pa_size-4749","20":"pa_size-4747","22":"first","23":"instock","24":"sale","25":"shipping-taxable","26":"purchasable","27":"product-type-variable"},"_links":{"self":[{"href":"https:\/\/mod.wisdar.net\/tr\/wp-json\/wp\/v2\/product\/75686","targetHints":{"allow":["GET"]}}],"collection":[{"href":"https:\/\/mod.wisdar.net\/tr\/wp-json\/wp\/v2\/product"}],"about":[{"href":"https:\/\/mod.wisdar.net\/tr\/wp-json\/wp\/v2\/types\/product"}],"replies":[{"embeddable":true,"href":"https:\/\/mod.wisdar.net\/tr\/wp-json\/wp\/v2\/comments?post=75686"}],"wp:featuredmedia":[{"embeddable":true,"href":"https:\/\/mod.wisdar.net\/tr\/wp-json\/wp\/v2\/media\/75678"}],"wp:attachment":[{"href":"https:\/\/mod.wisdar.net\/tr\/wp-json\/wp\/v2\/media?parent=75686"}],"wp:term":[{"taxonomy":"product_brand","embeddable":true,"href":"https:\/\/mod.wisdar.net\/tr\/wp-json\/wp\/v2\/product_brand?post=75686"},{"taxonomy":"product_cat","embeddable":true,"href":"https:\/\/mod.wisdar.net\/tr\/wp-json\/wp\/v2\/product_cat?post=75686"},{"taxonomy":"product_tag","embeddable":true,"href":"https:\/\/mod.wisdar.net\/tr\/wp-json\/wp\/v2\/product_tag?post=75686"}],"curies":[{"name":"wp","href":"https:\/\/api.w.org\/{rel}","templated":true}]}}