{"id":75740,"date":"2026-01-21T16:41:54","date_gmt":"2026-01-21T16:41:54","guid":{"rendered":"https:\/\/modesthanim.com\/product\/bol-paca-pantolon-bordo\/"},"modified":"2026-03-22T02:51:48","modified_gmt":"2026-03-22T02:51:48","slug":"bol-paca-pantolon-bordo","status":"publish","type":"product","link":"https:\/\/mod.wisdar.net\/tr\/urun\/bol-paca-pantolon-bordo\/","title":{"rendered":"Bol Pa\u00e7a Pantolon \u2013 Bordo"},"content":{"rendered":"<p>Zarif bi\u00e7imde d\u00f6k\u00fclen formu ve kusursuz kesimiyle bu bol pa\u00e7a pantolon, modern kad\u0131n siluetinin en sofistike h\u00e2lini yans\u0131t\u0131yor. Ak\u0131c\u0131 kuma\u015f dokusu, her ad\u0131mda zarafetle hareket ederken y\u00fcksek bel detay\u0131 v\u00fccuda dengeli bir duru\u015f kazand\u0131r\u0131r.<\/p>\n<p>Kuma\u015f \u0130\u00e7eri\u011fi: %63 Viskon, %37 Lyocell<br \/>\nDesen: D\u00fcz<br \/>\nBel Tipi: Normal Bel<br \/>\nPa\u00e7a Tipi: Bol Pa\u00e7a<br \/>\nCep: Yan Cep<br \/>\nAstar: Astars\u0131z<br \/>\n\u00dcr\u00fcn Boyu: 110 cm<br \/>\nKal\u0131p Tipi: Normal Kal\u0131p<br \/>\nMankenin Giydi\u011fi Beden: 38<br \/>\nManken \u00d6l\u00e7\u00fcleri: Boy: 175 cm, G\u00f6\u011f\u00fcs: 85 cm, Bel: 60 cm, Basen: 90 cm<\/p>\n","protected":false},"excerpt":{"rendered":"<p>Zarif bi\u00e7imde d\u00f6k\u00fclen formu ve kusursuz kesimiyle bu bol pa\u00e7a pantolon, modern kad\u0131n siluetinin en sofistike h\u00e2lini yans\u0131t\u0131yor. Ak\u0131c\u0131 kuma\u015f dokusu, her ad\u0131mda zarafetle hareket ederken y\u00fcksek bel detay\u0131 v\u00fccuda dengeli bir duru\u015f kazand\u0131r\u0131r. Kuma\u015f \u0130\u00e7eri\u011fi: %63 Viskon, %37 Lyocell Desen: D\u00fcz Bel Tipi: Normal Bel Pa\u00e7a Tipi: Bol Pa\u00e7a Cep: Yan Cep Astar: Astars\u0131z [&hellip;]<\/p>\n","protected":false},"featured_media":75726,"comment_status":"open","ping_status":"closed","template":"","meta":[],"product_brand":[],"product_cat":[1882],"product_tag":[],"class_list":{"0":"post-75740","1":"product","2":"type-product","3":"status-publish","4":"has-post-thumbnail","6":"product_cat-alt-giyim","7":"pa_color-bordo","8":"pa_size-4706","9":"pa_size-4711","10":"pa_size-4713","11":"pa_size-4751","12":"pa_size-4749","13":"pa_size-4747","15":"first","16":"instock","17":"sale","18":"shipping-taxable","19":"purchasable","20":"product-type-variable"},"_links":{"self":[{"href":"https:\/\/mod.wisdar.net\/tr\/wp-json\/wp\/v2\/product\/75740","targetHints":{"allow":["GET"]}}],"collection":[{"href":"https:\/\/mod.wisdar.net\/tr\/wp-json\/wp\/v2\/product"}],"about":[{"href":"https:\/\/mod.wisdar.net\/tr\/wp-json\/wp\/v2\/types\/product"}],"replies":[{"embeddable":true,"href":"https:\/\/mod.wisdar.net\/tr\/wp-json\/wp\/v2\/comments?post=75740"}],"wp:featuredmedia":[{"embeddable":true,"href":"https:\/\/mod.wisdar.net\/tr\/wp-json\/wp\/v2\/media\/75726"}],"wp:attachment":[{"href":"https:\/\/mod.wisdar.net\/tr\/wp-json\/wp\/v2\/media?parent=75740"}],"wp:term":[{"taxonomy":"product_brand","embeddable":true,"href":"https:\/\/mod.wisdar.net\/tr\/wp-json\/wp\/v2\/product_brand?post=75740"},{"taxonomy":"product_cat","embeddable":true,"href":"https:\/\/mod.wisdar.net\/tr\/wp-json\/wp\/v2\/product_cat?post=75740"},{"taxonomy":"product_tag","embeddable":true,"href":"https:\/\/mod.wisdar.net\/tr\/wp-json\/wp\/v2\/product_tag?post=75740"}],"curies":[{"name":"wp","href":"https:\/\/api.w.org\/{rel}","templated":true}]}}