{"id":75809,"date":"2026-01-21T16:43:47","date_gmt":"2026-01-21T16:43:47","guid":{"rendered":"https:\/\/modesthanim.com\/product\/bol-pantolon-bej\/"},"modified":"2026-04-09T11:33:16","modified_gmt":"2026-04-09T11:33:16","slug":"bol-pantolon-bej","status":"publish","type":"product","link":"https:\/\/mod.wisdar.net\/tr\/urun\/bol-pantolon-bej\/","title":{"rendered":"Bol Pantolon \u2013 Bej"},"content":{"rendered":"<p>Rahatl\u0131k ve \u015f\u0131kl\u0131\u011f\u0131 bir araya getiren bu bol pantolon, ak\u0131c\u0131 duru\u015fuyla hareket \u00f6zg\u00fcrl\u00fc\u011f\u00fc sa\u011flarken zarif bir siluet olu\u015fturur.<br \/>\nKuma\u015f \u0130\u00e7eri\u011fi: %60 Polyester, %26 Viskon, %10 Y\u00fcn, %4 Elastan<br \/>\nDesen: D\u00fcz<br \/>\nBel Tipi: Y\u00fcksek Bel<br \/>\nPa\u00e7a Tipi: Bol Pa\u00e7a<br \/>\nCep: Yan Cep<br \/>\nAstar: Astars\u0131z<br \/>\n\u00dcr\u00fcn Boyu: 112 cm<br \/>\nKal\u0131p Tipi: Normal Kal\u0131p<br \/>\nManken \u00d6l\u00e7\u00fcleri: Boy: 173 cm, G\u00f6\u011f\u00fcs: 81 cm, Bel: 63 cm, Basen: 90 cm<br \/>\nMankenin Giydi\u011fi Beden: 38<\/p>\n","protected":false},"excerpt":{"rendered":"<p>Rahatl\u0131k ve \u015f\u0131kl\u0131\u011f\u0131 bir araya getiren bu bol pantolon, ak\u0131c\u0131 duru\u015fuyla hareket \u00f6zg\u00fcrl\u00fc\u011f\u00fc sa\u011flarken zarif bir siluet olu\u015fturur. Kuma\u015f \u0130\u00e7eri\u011fi: %60 Polyester, %26 Viskon, %10 Y\u00fcn, %4 Elastan Desen: D\u00fcz Bel Tipi: Y\u00fcksek Bel Pa\u00e7a Tipi: Bol Pa\u00e7a Cep: Yan Cep Astar: Astars\u0131z \u00dcr\u00fcn Boyu: 112 cm Kal\u0131p Tipi: Normal Kal\u0131p Manken \u00d6l\u00e7\u00fcleri: Boy: 173 [&hellip;]<\/p>\n","protected":false},"featured_media":75804,"comment_status":"open","ping_status":"closed","template":"","meta":[],"product_brand":[],"product_cat":[1882],"product_tag":[],"class_list":{"0":"post-75809","1":"product","2":"type-product","3":"status-publish","4":"has-post-thumbnail","6":"product_cat-alt-giyim","7":"pa_brand-tugba","8":"pa_color-bej","9":"pa_size-4706","10":"pa_size-4711","11":"pa_size-4713","12":"pa_size-4751","13":"pa_size-4749","14":"pa_size-4747","16":"first","17":"instock","18":"sale","19":"shipping-taxable","20":"purchasable","21":"product-type-variable"},"_links":{"self":[{"href":"https:\/\/mod.wisdar.net\/tr\/wp-json\/wp\/v2\/product\/75809","targetHints":{"allow":["GET"]}}],"collection":[{"href":"https:\/\/mod.wisdar.net\/tr\/wp-json\/wp\/v2\/product"}],"about":[{"href":"https:\/\/mod.wisdar.net\/tr\/wp-json\/wp\/v2\/types\/product"}],"replies":[{"embeddable":true,"href":"https:\/\/mod.wisdar.net\/tr\/wp-json\/wp\/v2\/comments?post=75809"}],"wp:featuredmedia":[{"embeddable":true,"href":"https:\/\/mod.wisdar.net\/tr\/wp-json\/wp\/v2\/media\/75804"}],"wp:attachment":[{"href":"https:\/\/mod.wisdar.net\/tr\/wp-json\/wp\/v2\/media?parent=75809"}],"wp:term":[{"taxonomy":"product_brand","embeddable":true,"href":"https:\/\/mod.wisdar.net\/tr\/wp-json\/wp\/v2\/product_brand?post=75809"},{"taxonomy":"product_cat","embeddable":true,"href":"https:\/\/mod.wisdar.net\/tr\/wp-json\/wp\/v2\/product_cat?post=75809"},{"taxonomy":"product_tag","embeddable":true,"href":"https:\/\/mod.wisdar.net\/tr\/wp-json\/wp\/v2\/product_tag?post=75809"}],"curies":[{"name":"wp","href":"https:\/\/api.w.org\/{rel}","templated":true}]}}