{"id":75867,"date":"2026-01-21T16:45:53","date_gmt":"2026-01-21T16:45:53","guid":{"rendered":"https:\/\/modesthanim.com\/product\/yaka-bagcik-detayli-tunik-lacivert\/"},"modified":"2026-04-02T06:02:51","modified_gmt":"2026-04-02T06:02:51","slug":"yaka-bagcik-detayli-tunik-lacivert","status":"publish","type":"product","link":"https:\/\/mod.wisdar.net\/tr\/urun\/yaka-bagcik-detayli-tunik-lacivert\/","title":{"rendered":"Yaka Ba\u011fc\u0131k Detayl\u0131 Tunik \u2013 Lacivert"},"content":{"rendered":"<p>Yaka k\u0131sm\u0131ndaki ba\u011fc\u0131k detay\u0131yla tasar\u0131ma zarif ve fonksiyonel bir hareket kazand\u0131ran bu tunik, ak\u0131c\u0131 yap\u0131s\u0131yla g\u00fcn boyu konfor sunar.<br \/>\nKuma\u015f \u0130\u00e7eri\u011fi: %100 Lyocell<br \/>\nDesen: D\u00fcz<br \/>\nYaka Tipi: Fular Yaka<br \/>\nKol Tipi: Uzun Kol<br \/>\nCep: Cepsiz<br \/>\nAstar: Astars\u0131z<br \/>\n\u00dcr\u00fcn Boyu: 110 cm<br \/>\nKal\u0131p Tipi: Normal Kal\u0131p<br \/>\nManken \u00d6l\u00e7\u00fcleri:Boy: 176 cmG\u00f6\u011f\u00fcs: 78 cmBel: 59 cmBasen: 88 cm<br \/>\nMankenin Giydi\u011fi Beden: 38<\/p>\n","protected":false},"excerpt":{"rendered":"<p>Yaka k\u0131sm\u0131ndaki ba\u011fc\u0131k detay\u0131yla tasar\u0131ma zarif ve fonksiyonel bir hareket kazand\u0131ran bu tunik, ak\u0131c\u0131 yap\u0131s\u0131yla g\u00fcn boyu konfor sunar. Kuma\u015f \u0130\u00e7eri\u011fi: %100 Lyocell Desen: D\u00fcz Yaka Tipi: Fular Yaka Kol Tipi: Uzun Kol Cep: Cepsiz Astar: Astars\u0131z \u00dcr\u00fcn Boyu: 110 cm Kal\u0131p Tipi: Normal Kal\u0131p Manken \u00d6l\u00e7\u00fcleri:Boy: 176 cmG\u00f6\u011f\u00fcs: 78 cmBel: 59 cmBasen: 88 cm [&hellip;]<\/p>\n","protected":false},"featured_media":75856,"comment_status":"open","ping_status":"closed","template":"","meta":[],"product_brand":[],"product_cat":[2050],"product_tag":[6744,7238,6768],"class_list":{"0":"post-75867","1":"product","2":"type-product","3":"status-publish","4":"has-post-thumbnail","6":"product_cat-blazer-ceketler","7":"product_tag-kadin-modasi","8":"product_tag-lacivert","9":"product_tag-uzun-kol","10":"pa_brand-tugba","11":"pa_color-lacivert","12":"pa_size-4706","13":"pa_size-4711","14":"pa_size-4713","15":"pa_size-4751","16":"pa_size-4749","17":"pa_size-4747","19":"first","20":"instock","21":"sale","22":"shipping-taxable","23":"purchasable","24":"product-type-variable"},"_links":{"self":[{"href":"https:\/\/mod.wisdar.net\/tr\/wp-json\/wp\/v2\/product\/75867","targetHints":{"allow":["GET"]}}],"collection":[{"href":"https:\/\/mod.wisdar.net\/tr\/wp-json\/wp\/v2\/product"}],"about":[{"href":"https:\/\/mod.wisdar.net\/tr\/wp-json\/wp\/v2\/types\/product"}],"replies":[{"embeddable":true,"href":"https:\/\/mod.wisdar.net\/tr\/wp-json\/wp\/v2\/comments?post=75867"}],"wp:featuredmedia":[{"embeddable":true,"href":"https:\/\/mod.wisdar.net\/tr\/wp-json\/wp\/v2\/media\/75856"}],"wp:attachment":[{"href":"https:\/\/mod.wisdar.net\/tr\/wp-json\/wp\/v2\/media?parent=75867"}],"wp:term":[{"taxonomy":"product_brand","embeddable":true,"href":"https:\/\/mod.wisdar.net\/tr\/wp-json\/wp\/v2\/product_brand?post=75867"},{"taxonomy":"product_cat","embeddable":true,"href":"https:\/\/mod.wisdar.net\/tr\/wp-json\/wp\/v2\/product_cat?post=75867"},{"taxonomy":"product_tag","embeddable":true,"href":"https:\/\/mod.wisdar.net\/tr\/wp-json\/wp\/v2\/product_tag?post=75867"}],"curies":[{"name":"wp","href":"https:\/\/api.w.org\/{rel}","templated":true}]}}