{"id":75957,"date":"2026-01-21T16:48:16","date_gmt":"2026-01-21T16:48:16","guid":{"rendered":"https:\/\/modesthanim.com\/product\/kusak-detayli-manto-taba\/"},"modified":"2026-02-13T22:55:06","modified_gmt":"2026-02-13T22:55:06","slug":"kusak-detayli-manto-taba","status":"publish","type":"product","link":"https:\/\/mod.wisdar.net\/tr\/urun\/kusak-detayli-manto-taba\/","title":{"rendered":"Ku\u015fak Detayl\u0131 Manto \u2013 Taba"},"content":{"rendered":"<p>Tok yap\u0131s\u0131 ve sade tasar\u0131m\u0131yla hem g\u00fcnl\u00fck kullan\u0131mda hem de daha \u00f6zenli kombinlerde rahatl\u0131kla tercih edilebilir.<br \/>\nKuma\u015f \u0130\u00e7eri\u011fi: %60 Naylon, %40 Polyester<br \/>\nDesen: D\u00fcz<br \/>\nYaka Tipi: \u015eal Yaka<br \/>\nKol Tipi: Uzun Kol<br \/>\nCep: Fleto Cep<br \/>\nAstar: Astarl\u0131<br \/>\n\u00dcr\u00fcn Boyu: 130 cm<br \/>\nKal\u0131p Tipi: Normal Kal\u0131p<br \/>\nManken \u00d6l\u00e7\u00fcleri:<br \/>\nBoy: 173 cm<br \/>\nG\u00f6\u011f\u00fcs: 83 cm<br \/>\nBel: 61 cm<br \/>\nBasen: 89 cm<br \/>\nMankenin Giydi\u011fi Beden: 38<\/p>\n","protected":false},"excerpt":{"rendered":"<p>Tok yap\u0131s\u0131 ve sade tasar\u0131m\u0131yla hem g\u00fcnl\u00fck kullan\u0131mda hem de daha \u00f6zenli kombinlerde rahatl\u0131kla tercih edilebilir. Kuma\u015f \u0130\u00e7eri\u011fi: %60 Naylon, %40 Polyester Desen: D\u00fcz Yaka Tipi: \u015eal Yaka Kol Tipi: Uzun Kol Cep: Fleto Cep Astar: Astarl\u0131 \u00dcr\u00fcn Boyu: 130 cm Kal\u0131p Tipi: Normal Kal\u0131p Manken \u00d6l\u00e7\u00fcleri: Boy: 173 cm G\u00f6\u011f\u00fcs: 83 cm Bel: 61 [&hellip;]<\/p>\n","protected":false},"featured_media":75946,"comment_status":"open","ping_status":"closed","template":"","meta":[],"product_brand":[],"product_cat":[2047],"product_tag":[6753,5010,5012,7668,7144],"class_list":{"0":"post-75957","1":"product","2":"type-product","3":"status-publish","4":"has-post-thumbnail","6":"product_cat-paltolar","7":"product_tag-bej","8":"product_tag-coat","9":"product_tag-elegant","10":"product_tag-kemerli","11":"product_tag-minimalist","12":"pa_color-taba","13":"pa_size-4706","14":"pa_size-4711","15":"pa_size-4713","16":"pa_size-4751","17":"pa_size-4749","18":"pa_size-4747","20":"first","21":"instock","22":"sale","23":"shipping-taxable","24":"purchasable","25":"product-type-variable"},"_links":{"self":[{"href":"https:\/\/mod.wisdar.net\/tr\/wp-json\/wp\/v2\/product\/75957","targetHints":{"allow":["GET"]}}],"collection":[{"href":"https:\/\/mod.wisdar.net\/tr\/wp-json\/wp\/v2\/product"}],"about":[{"href":"https:\/\/mod.wisdar.net\/tr\/wp-json\/wp\/v2\/types\/product"}],"replies":[{"embeddable":true,"href":"https:\/\/mod.wisdar.net\/tr\/wp-json\/wp\/v2\/comments?post=75957"}],"wp:featuredmedia":[{"embeddable":true,"href":"https:\/\/mod.wisdar.net\/tr\/wp-json\/wp\/v2\/media\/75946"}],"wp:attachment":[{"href":"https:\/\/mod.wisdar.net\/tr\/wp-json\/wp\/v2\/media?parent=75957"}],"wp:term":[{"taxonomy":"product_brand","embeddable":true,"href":"https:\/\/mod.wisdar.net\/tr\/wp-json\/wp\/v2\/product_brand?post=75957"},{"taxonomy":"product_cat","embeddable":true,"href":"https:\/\/mod.wisdar.net\/tr\/wp-json\/wp\/v2\/product_cat?post=75957"},{"taxonomy":"product_tag","embeddable":true,"href":"https:\/\/mod.wisdar.net\/tr\/wp-json\/wp\/v2\/product_tag?post=75957"}],"curies":[{"name":"wp","href":"https:\/\/api.w.org\/{rel}","templated":true}]}}