{"id":76033,"date":"2026-01-21T16:49:49","date_gmt":"2026-01-21T16:49:49","guid":{"rendered":"https:\/\/modesthanim.com\/product\/kemerli-manto-vizon\/"},"modified":"2026-02-14T22:18:18","modified_gmt":"2026-02-14T22:18:18","slug":"kemerli-manto-vizon","status":"publish","type":"product","link":"https:\/\/mod.wisdar.net\/tr\/urun\/kemerli-manto-vizon\/","title":{"rendered":"Kemerli Manto \u2013 Vizon"},"content":{"rendered":"<p>Sa\u011flam yap\u0131s\u0131 ve sade tasar\u0131m\u0131 ile hem g\u00fcnl\u00fck kullan\u0131m hem de daha \u00f6zenli k\u0131yafetler i\u00e7in kolayl\u0131kla tercih edilebilir.<\/p>\n<p>Kuma\u015f Bile\u015fimi: %60 Naylon, %40 Polyester<\/p>\n<p>Desen: D\u00fcz<\/p>\n<p>Yaka Tipi: \u015eal Yaka<\/p>\n<p>Kol Tipi: Uzun Kol<\/p>\n<p>Cep: File Cep<\/p>\n<p>Astarlama: Astarl\u0131<\/p>\n<p>\u00dcr\u00fcn Boyu: 130 cm<\/p>\n<p>Kal\u0131p Tipi: Standart Kal\u0131p<\/p>\n<p>Model \u00d6l\u00e7\u00fcleri: Boy: 176 cm G\u00f6\u011f\u00fcs: 78 cm Bel: 59 cm Kal\u00e7a: 88 cm<\/p>\n<p>Model 38 beden giymektedir.<\/p>\n","protected":false},"excerpt":{"rendered":"<p>Sa\u011flam yap\u0131s\u0131 ve sade tasar\u0131m\u0131 ile hem g\u00fcnl\u00fck kullan\u0131m hem de daha \u00f6zenli k\u0131yafetler i\u00e7in kolayl\u0131kla tercih edilebilir. Kuma\u015f Bile\u015fimi: %60 Naylon, %40 Polyester Desen: D\u00fcz Yaka Tipi: \u015eal Yaka Kol Tipi: Uzun Kol Cep: File Cep Astarlama: Astarl\u0131 \u00dcr\u00fcn Boyu: 130 cm Kal\u0131p Tipi: Standart Kal\u0131p Model \u00d6l\u00e7\u00fcleri: Boy: 176 cm G\u00f6\u011f\u00fcs: 78 cm [&hellip;]<\/p>\n","protected":false},"featured_media":76019,"comment_status":"open","ping_status":"closed","template":"","meta":[],"product_brand":[],"product_cat":[2047],"product_tag":[],"class_list":{"0":"post-76033","1":"product","2":"type-product","3":"status-publish","4":"has-post-thumbnail","6":"product_cat-paltolar","7":"pa_color-vizon","8":"pa_size-4706","9":"pa_size-4711","10":"pa_size-4713","11":"pa_size-4751","12":"pa_size-4749","13":"pa_size-4747","15":"first","16":"instock","17":"sale","18":"shipping-taxable","19":"purchasable","20":"product-type-variable"},"_links":{"self":[{"href":"https:\/\/mod.wisdar.net\/tr\/wp-json\/wp\/v2\/product\/76033","targetHints":{"allow":["GET"]}}],"collection":[{"href":"https:\/\/mod.wisdar.net\/tr\/wp-json\/wp\/v2\/product"}],"about":[{"href":"https:\/\/mod.wisdar.net\/tr\/wp-json\/wp\/v2\/types\/product"}],"replies":[{"embeddable":true,"href":"https:\/\/mod.wisdar.net\/tr\/wp-json\/wp\/v2\/comments?post=76033"}],"wp:featuredmedia":[{"embeddable":true,"href":"https:\/\/mod.wisdar.net\/tr\/wp-json\/wp\/v2\/media\/76019"}],"wp:attachment":[{"href":"https:\/\/mod.wisdar.net\/tr\/wp-json\/wp\/v2\/media?parent=76033"}],"wp:term":[{"taxonomy":"product_brand","embeddable":true,"href":"https:\/\/mod.wisdar.net\/tr\/wp-json\/wp\/v2\/product_brand?post=76033"},{"taxonomy":"product_cat","embeddable":true,"href":"https:\/\/mod.wisdar.net\/tr\/wp-json\/wp\/v2\/product_cat?post=76033"},{"taxonomy":"product_tag","embeddable":true,"href":"https:\/\/mod.wisdar.net\/tr\/wp-json\/wp\/v2\/product_tag?post=76033"}],"curies":[{"name":"wp","href":"https:\/\/api.w.org\/{rel}","templated":true}]}}