{"id":76161,"date":"2026-01-21T16:52:16","date_gmt":"2026-01-21T16:52:16","guid":{"rendered":"https:\/\/modesthanim.com\/product\/kruvaze-ince-kusakli-kaban-vizon\/"},"modified":"2026-04-02T06:12:35","modified_gmt":"2026-04-02T06:12:35","slug":"kruvaze-ince-kusakli-kaban-vizon","status":"publish","type":"product","link":"https:\/\/mod.wisdar.net\/tr\/urun\/kruvaze-ince-kusakli-kaban-vizon\/","title":{"rendered":"Kruvaze \u0130nce Ku\u015fakl\u0131 Kaban \u2013 Vizon"},"content":{"rendered":"<p>Tok yap\u0131s\u0131 ve ak\u0131c\u0131 formu sayesinde hem g\u00fcnl\u00fck hem de daha \u00f6zenli kombinlerde rahatl\u0131kla kullan\u0131labilir. Sade \u00e7izgileriyle zamans\u0131z, detaylar\u0131yla etkileyici bir d\u0131\u015f giyim par\u00e7as\u0131d\u0131r.<br \/>\nKuma\u015f \u0130\u00e7eri\u011fi: %98 Viskon, %2 Elastan<br \/>\nDesen: D\u00fcz<br \/>\nYaka Tipi: Kruvaze Yaka<br \/>\nKol Tipi: Uzun Kol<br \/>\nCep: Peto Cep<br \/>\nAstar: Astarl\u0131<br \/>\n\u00dcr\u00fcn Boyu: 130 cm<br \/>\nKal\u0131p Tipi: Normal Kal\u0131p<br \/>\nManken \u00d6l\u00e7\u00fcleri:Boy: 176 cmG\u00f6\u011f\u00fcs: 78 cmBel: 59 cmBasen: 88 cm<br \/>\nMankenin Giydi\u011fi Beden: 38<\/p>\n<p>\u2014 Technical Details \u2014<br \/>\nDesen: D\u00fcz<br \/>\nYaka Tipi: Kruvaze Yaka<br \/>\nKol Tipi: Uzun Kol<br \/>\nCep: Peto Cep<br \/>\nAstar: Astarl\u0131<br \/>\n\u00dcr\u00fcn Boyu: 130 cm<br \/>\nKal\u0131p Tipi: Normal Kal\u0131p<br \/>\nManken \u00d6l\u00e7\u00fcleri: Boy: 176 cm, G\u00f6\u011f\u00fcs: 78 cm, Bel: 59 cm, Basen: 88 cm<br \/>\nMankenin Giydi\u011fi Beden: 38<\/p>\n","protected":false},"excerpt":{"rendered":"<p>Tok yap\u0131s\u0131 ve ak\u0131c\u0131 formu sayesinde hem g\u00fcnl\u00fck hem de daha \u00f6zenli kombinlerde rahatl\u0131kla kullan\u0131labilir. Sade \u00e7izgileriyle zamans\u0131z, detaylar\u0131yla etkileyici bir d\u0131\u015f giyim par\u00e7as\u0131d\u0131r. Kuma\u015f \u0130\u00e7eri\u011fi: %98 Viskon, %2 Elastan Desen: D\u00fcz Yaka Tipi: Kruvaze Yaka Kol Tipi: Uzun Kol Cep: Peto Cep Astar: Astarl\u0131 \u00dcr\u00fcn Boyu: 130 cm Kal\u0131p Tipi: Normal Kal\u0131p Manken \u00d6l\u00e7\u00fcleri:Boy: [&hellip;]<\/p>\n","protected":false},"featured_media":76156,"comment_status":"open","ping_status":"closed","template":"","meta":[],"product_brand":[],"product_cat":[2047],"product_tag":[4999,6311],"class_list":{"0":"post-76161","1":"product","2":"type-product","3":"status-publish","4":"has-post-thumbnail","6":"product_cat-paltolar","7":"product_tag-outerwear","8":"product_tag-winter-coat","9":"pa_brand-tugba","10":"pa_color-vizon","11":"pa_size-4701","12":"pa_size-4706","13":"pa_size-4711","14":"pa_size-4713","15":"pa_size-4751","16":"pa_size-4749","17":"pa_size-4747","19":"first","20":"instock","21":"sale","22":"shipping-taxable","23":"purchasable","24":"product-type-variable"},"_links":{"self":[{"href":"https:\/\/mod.wisdar.net\/tr\/wp-json\/wp\/v2\/product\/76161","targetHints":{"allow":["GET"]}}],"collection":[{"href":"https:\/\/mod.wisdar.net\/tr\/wp-json\/wp\/v2\/product"}],"about":[{"href":"https:\/\/mod.wisdar.net\/tr\/wp-json\/wp\/v2\/types\/product"}],"replies":[{"embeddable":true,"href":"https:\/\/mod.wisdar.net\/tr\/wp-json\/wp\/v2\/comments?post=76161"}],"wp:featuredmedia":[{"embeddable":true,"href":"https:\/\/mod.wisdar.net\/tr\/wp-json\/wp\/v2\/media\/76156"}],"wp:attachment":[{"href":"https:\/\/mod.wisdar.net\/tr\/wp-json\/wp\/v2\/media?parent=76161"}],"wp:term":[{"taxonomy":"product_brand","embeddable":true,"href":"https:\/\/mod.wisdar.net\/tr\/wp-json\/wp\/v2\/product_brand?post=76161"},{"taxonomy":"product_cat","embeddable":true,"href":"https:\/\/mod.wisdar.net\/tr\/wp-json\/wp\/v2\/product_cat?post=76161"},{"taxonomy":"product_tag","embeddable":true,"href":"https:\/\/mod.wisdar.net\/tr\/wp-json\/wp\/v2\/product_tag?post=76161"}],"curies":[{"name":"wp","href":"https:\/\/api.w.org\/{rel}","templated":true}]}}