{"id":76206,"date":"2026-01-21T16:56:28","date_gmt":"2026-01-21T16:56:28","guid":{"rendered":"https:\/\/modesthanim.com\/product\/dugme-detayli-takim-kahve\/"},"modified":"2026-04-09T11:43:24","modified_gmt":"2026-04-09T11:43:24","slug":"dugme-detayli-takim-kahve","status":"publish","type":"product","link":"https:\/\/mod.wisdar.net\/tr\/urun\/dugme-detayli-takim-kahve\/","title":{"rendered":"D\u00fc\u011fme Detayl\u0131 Tak\u0131m \u2013 Kahve"},"content":{"rendered":"<p>G\u00fcnl\u00fck kullan\u0131mdan \u00f6zel kombinlere kadar rahatl\u0131kla uyum sa\u011flayan tak\u0131m, hem konforlu hem de \u00f6zenli bir stil arayanlar i\u00e7in ideal bir se\u00e7enektir.<br \/>\n\u00dcST<br \/>\nKuma\u015f \u0130\u00e7eri\u011fi: %62 Polyester, %34 Viskon, %4 Elastan<br \/>\nDesen: D\u00fcz<br \/>\nYaka Tipi: S\u0131f\u0131r Yaka<br \/>\nKol Tipi: D\u00fc\u015f\u00fck Kol<br \/>\nCep: Fleto Cep<br \/>\nAstar: Astarl\u0131<br \/>\n\u00dcr\u00fcn Boyu: 58 cm<br \/>\nKal\u0131p Tipi: Normal Kal\u0131pALT<br \/>\nKuma\u015f \u0130\u00e7eri\u011fi: %62 Polyester, %34 Viskon, %4 Elastan<br \/>\nDesen: D\u00fcz<br \/>\nBel Tipi: Normal Bel<br \/>\nEtek Tipi: \u00c7an Etek<br \/>\nCep: Gizli Cep<br \/>\nAstar: Astarl\u0131<br \/>\n\u00dcr\u00fcn Boyu: 95 cm<br \/>\nKal\u0131p Tipi: Normal Kal\u0131p<br \/>\nManken \u00d6l\u00e7\u00fcleri:Boy: 174 cmG\u00f6\u011f\u00fcs: 81 cmBel: 60 cmBasen: 88 cm<br \/>\nMankenin Giydi\u011fi Beden: 36<\/p>\n","protected":false},"excerpt":{"rendered":"<p>G\u00fcnl\u00fck kullan\u0131mdan \u00f6zel kombinlere kadar rahatl\u0131kla uyum sa\u011flayan tak\u0131m, hem konforlu hem de \u00f6zenli bir stil arayanlar i\u00e7in ideal bir se\u00e7enektir. \u00dcST Kuma\u015f \u0130\u00e7eri\u011fi: %62 Polyester, %34 Viskon, %4 Elastan Desen: D\u00fcz Yaka Tipi: S\u0131f\u0131r Yaka Kol Tipi: D\u00fc\u015f\u00fck Kol Cep: Fleto Cep Astar: Astarl\u0131 \u00dcr\u00fcn Boyu: 58 cm Kal\u0131p Tipi: Normal Kal\u0131pALT Kuma\u015f \u0130\u00e7eri\u011fi: [&hellip;]<\/p>\n","protected":false},"featured_media":76202,"comment_status":"open","ping_status":"closed","template":"","meta":[],"product_brand":[],"product_cat":[1900],"product_tag":[],"class_list":{"0":"post-76206","1":"product","2":"type-product","3":"status-publish","4":"has-post-thumbnail","6":"product_cat-koordinatlar-setler","7":"pa_brand-tugba","8":"pa_color-kahve","9":"pa_size-4701","10":"pa_size-4706","11":"pa_size-4711","12":"pa_size-4713","13":"pa_size-4751","15":"first","16":"instock","17":"sale","18":"shipping-taxable","19":"purchasable","20":"product-type-variable"},"_links":{"self":[{"href":"https:\/\/mod.wisdar.net\/tr\/wp-json\/wp\/v2\/product\/76206","targetHints":{"allow":["GET"]}}],"collection":[{"href":"https:\/\/mod.wisdar.net\/tr\/wp-json\/wp\/v2\/product"}],"about":[{"href":"https:\/\/mod.wisdar.net\/tr\/wp-json\/wp\/v2\/types\/product"}],"replies":[{"embeddable":true,"href":"https:\/\/mod.wisdar.net\/tr\/wp-json\/wp\/v2\/comments?post=76206"}],"wp:featuredmedia":[{"embeddable":true,"href":"https:\/\/mod.wisdar.net\/tr\/wp-json\/wp\/v2\/media\/76202"}],"wp:attachment":[{"href":"https:\/\/mod.wisdar.net\/tr\/wp-json\/wp\/v2\/media?parent=76206"}],"wp:term":[{"taxonomy":"product_brand","embeddable":true,"href":"https:\/\/mod.wisdar.net\/tr\/wp-json\/wp\/v2\/product_brand?post=76206"},{"taxonomy":"product_cat","embeddable":true,"href":"https:\/\/mod.wisdar.net\/tr\/wp-json\/wp\/v2\/product_cat?post=76206"},{"taxonomy":"product_tag","embeddable":true,"href":"https:\/\/mod.wisdar.net\/tr\/wp-json\/wp\/v2\/product_tag?post=76206"}],"curies":[{"name":"wp","href":"https:\/\/api.w.org\/{rel}","templated":true}]}}