{"id":7623,"date":"2025-11-07T20:16:06","date_gmt":"2025-11-07T20:16:06","guid":{"rendered":"https:\/\/modesthanim.com\/product\/lacivert-pamel-kisa-trenckot\/"},"modified":"2025-12-25T23:22:37","modified_gmt":"2025-12-25T23:22:37","slug":"lacivert-pamel-kisa-trenckot","status":"publish","type":"product","link":"https:\/\/mod.wisdar.net\/tr\/urun\/lacivert-pamel-kisa-trenckot\/","title":{"rendered":"Lacivert Pamel K\u0131sa Tren\u00e7kot"},"content":{"rendered":"<p>BU \u00dcR\u00dcNDE \u0130ADE YAPILMAMAKTADIR. Manken \u00d6l\u00e7\u00fcleri: Boy \u2013 165 cm \/ Kilo \u2013 55 kg. Seyyar kemerlidir. \u00d6nden d\u00fc\u011fmeli. Astar\u0131 yok. \u0130ki cepli. Kuma\u015f: %90 Polyester, %10 Lycra. \u00dcr\u00fcn boyu: 77 cm.<\/p>\n","protected":false},"excerpt":{"rendered":"<p>BU \u00dcR\u00dcNDE \u0130ADE YAPILMAMAKTADIR. Manken \u00d6l\u00e7\u00fcleri: Boy \u2013 165 cm \/ Kilo \u2013 55 kg. Seyyar kemerlidir. \u00d6nden d\u00fc\u011fmeli. Astar\u0131 yok. \u0130ki cepli. Kuma\u015f: %90 Polyester, %10 Lycra. \u00dcr\u00fcn boyu: 77 cm.<\/p>\n","protected":false},"featured_media":51937,"comment_status":"open","ping_status":"closed","template":"","meta":[],"product_brand":[],"product_cat":[1853],"product_tag":[],"class_list":{"0":"post-7623","1":"product","2":"type-product","3":"status-publish","4":"has-post-thumbnail","6":"product_cat-womens-fashion-ar","7":"pa_color-lacivert","9":"first","10":"instock","11":"sale","12":"shipping-taxable","13":"purchasable","14":"product-type-variable"},"_links":{"self":[{"href":"https:\/\/mod.wisdar.net\/tr\/wp-json\/wp\/v2\/product\/7623","targetHints":{"allow":["GET"]}}],"collection":[{"href":"https:\/\/mod.wisdar.net\/tr\/wp-json\/wp\/v2\/product"}],"about":[{"href":"https:\/\/mod.wisdar.net\/tr\/wp-json\/wp\/v2\/types\/product"}],"replies":[{"embeddable":true,"href":"https:\/\/mod.wisdar.net\/tr\/wp-json\/wp\/v2\/comments?post=7623"}],"wp:featuredmedia":[{"embeddable":true,"href":"https:\/\/mod.wisdar.net\/tr\/wp-json\/wp\/v2\/media\/51937"}],"wp:attachment":[{"href":"https:\/\/mod.wisdar.net\/tr\/wp-json\/wp\/v2\/media?parent=7623"}],"wp:term":[{"taxonomy":"product_brand","embeddable":true,"href":"https:\/\/mod.wisdar.net\/tr\/wp-json\/wp\/v2\/product_brand?post=7623"},{"taxonomy":"product_cat","embeddable":true,"href":"https:\/\/mod.wisdar.net\/tr\/wp-json\/wp\/v2\/product_cat?post=7623"},{"taxonomy":"product_tag","embeddable":true,"href":"https:\/\/mod.wisdar.net\/tr\/wp-json\/wp\/v2\/product_tag?post=7623"}],"curies":[{"name":"wp","href":"https:\/\/api.w.org\/{rel}","templated":true}]}}