{"id":76264,"date":"2026-01-21T16:59:50","date_gmt":"2026-01-21T16:59:50","guid":{"rendered":"https:\/\/modesthanim.com\/product\/blazer-ceket-kahve\/"},"modified":"2026-04-15T22:02:42","modified_gmt":"2026-04-15T22:02:42","slug":"blazer-ceket-kahve","status":"publish","type":"product","link":"https:\/\/mod.wisdar.net\/tr\/urun\/blazer-ceket-kahve\/","title":{"rendered":"Blazer Ceket \u2013 Kahve"},"content":{"rendered":"<p>Keskin hatlarla yap\u0131land\u0131r\u0131lm\u0131\u015f bu blazer ceket, kusursuz kesimi ve dengeli oranlar\u0131yla modern \u015f\u0131kl\u0131\u011f\u0131n en rafine yorumunu sunar. Net omuz \u00e7izgileri ve ak\u0131c\u0131 silueti, g\u00fc\u00e7l\u00fc ama zarif bir duru\u015f yarat\u0131rken; sade tasar\u0131m\u0131 zamans\u0131z bir l\u00fcks anlay\u0131\u015f\u0131n\u0131 yans\u0131t\u0131r.<br \/>\nKuma\u015f \u0130\u00e7eri\u011fi: %62 Polyester, %34 Viskon, %4 Elastan<br \/>\nDesen: Duz<br \/>\nYaka Tipi: Blazer Yaka<br \/>\nKol Tipi: Uzun Kol<br \/>\nCep: Aplike Cep<br \/>\nAstar: Astarl\u0131<br \/>\n\u00dcr\u00fcn Boyu: 85 cm<br \/>\nKal\u0131p Tipi: Normal Kal\u0131p<br \/>\nManken \u00d6l\u00e7\u00fcleri:Boy: 176 cmG\u00f6\u011f\u00fcs: 78 cmBel: 59 cmBasen: 88 cm<br \/>\nMankenin Giydi\u011fi Beden: 38<\/p>\n","protected":false},"excerpt":{"rendered":"<p>Keskin hatlarla yap\u0131land\u0131r\u0131lm\u0131\u015f bu blazer ceket, kusursuz kesimi ve dengeli oranlar\u0131yla modern \u015f\u0131kl\u0131\u011f\u0131n en rafine yorumunu sunar. Net omuz \u00e7izgileri ve ak\u0131c\u0131 silueti, g\u00fc\u00e7l\u00fc ama zarif bir duru\u015f yarat\u0131rken; sade tasar\u0131m\u0131 zamans\u0131z bir l\u00fcks anlay\u0131\u015f\u0131n\u0131 yans\u0131t\u0131r. Kuma\u015f \u0130\u00e7eri\u011fi: %62 Polyester, %34 Viskon, %4 Elastan Desen: Duz Yaka Tipi: Blazer Yaka Kol Tipi: Uzun Kol Cep: [&hellip;]<\/p>\n","protected":false},"featured_media":76254,"comment_status":"open","ping_status":"closed","template":"","meta":[],"product_brand":[],"product_cat":[2050],"product_tag":[7943,5012,7328,5013,8399,8373],"class_list":{"0":"post-76264","1":"product","2":"type-product","3":"status-publish","4":"has-post-thumbnail","6":"product_cat-blazer-ceketler","7":"product_tag-blazer","8":"product_tag-elegant","9":"product_tag-kahverengi","10":"product_tag-modern","11":"product_tag-sik-2","12":"product_tag-terzi-isi","13":"pa_brand-tugba","14":"pa_color-kahve","15":"pa_size-4706","16":"pa_size-4711","17":"pa_size-4713","18":"pa_size-4751","20":"first","21":"outofstock","22":"shipping-taxable","23":"product-type-variable"},"_links":{"self":[{"href":"https:\/\/mod.wisdar.net\/tr\/wp-json\/wp\/v2\/product\/76264","targetHints":{"allow":["GET"]}}],"collection":[{"href":"https:\/\/mod.wisdar.net\/tr\/wp-json\/wp\/v2\/product"}],"about":[{"href":"https:\/\/mod.wisdar.net\/tr\/wp-json\/wp\/v2\/types\/product"}],"replies":[{"embeddable":true,"href":"https:\/\/mod.wisdar.net\/tr\/wp-json\/wp\/v2\/comments?post=76264"}],"wp:featuredmedia":[{"embeddable":true,"href":"https:\/\/mod.wisdar.net\/tr\/wp-json\/wp\/v2\/media\/76254"}],"wp:attachment":[{"href":"https:\/\/mod.wisdar.net\/tr\/wp-json\/wp\/v2\/media?parent=76264"}],"wp:term":[{"taxonomy":"product_brand","embeddable":true,"href":"https:\/\/mod.wisdar.net\/tr\/wp-json\/wp\/v2\/product_brand?post=76264"},{"taxonomy":"product_cat","embeddable":true,"href":"https:\/\/mod.wisdar.net\/tr\/wp-json\/wp\/v2\/product_cat?post=76264"},{"taxonomy":"product_tag","embeddable":true,"href":"https:\/\/mod.wisdar.net\/tr\/wp-json\/wp\/v2\/product_tag?post=76264"}],"curies":[{"name":"wp","href":"https:\/\/api.w.org\/{rel}","templated":true}]}}