{"id":76269,"date":"2026-01-21T16:59:44","date_gmt":"2026-01-21T16:59:44","guid":{"rendered":"https:\/\/modesthanim.com\/product\/dugme-detayli-takim-haki\/"},"modified":"2026-04-09T11:43:40","modified_gmt":"2026-04-09T11:43:40","slug":"dugme-detayli-takim-haki","status":"publish","type":"product","link":"https:\/\/mod.wisdar.net\/tr\/urun\/dugme-detayli-takim-haki\/","title":{"rendered":"D\u00fc\u011fme Detayl\u0131 Tak\u0131m \u2013 Haki"},"content":{"rendered":"<p>G\u00fcnl\u00fck kullan\u0131mdan \u00f6zel kombinlere kadar rahatl\u0131kla uyum sa\u011flayan tak\u0131m, hem konforlu hem de \u00f6zenli bir stil arayanlar i\u00e7in ideal bir se\u00e7enektir.<br \/>\n\u00dcST<br \/>\nKuma\u015f \u0130\u00e7eri\u011fi: %62 Polyester, %34 Viskon, %4 Elastan<br \/>\nDesen: D\u00fcz<br \/>\nYaka Tipi: S\u0131f\u0131r Yaka<br \/>\nKol Tipi: D\u00fc\u015f\u00fck Kol<br \/>\nCep: Fleto Cep<br \/>\nAstar: Astarl\u0131<br \/>\n\u00dcr\u00fcn Boyu: 58 cm<br \/>\nKal\u0131p Tipi: Normal Kal\u0131pALT<br \/>\nKuma\u015f \u0130\u00e7eri\u011fi: %62 Polyester, %34 Viskon, %4 Elastan<br \/>\nDesen: D\u00fcz<br \/>\nBel Tipi: Normal Bel<br \/>\nEtek Tipi: \u00c7an Etek<br \/>\nCep: Gizli Cep<br \/>\nAstar: Astarl\u0131<br \/>\n\u00dcr\u00fcn Boyu: 95 cm<br \/>\nKal\u0131p Tipi: Normal Kal\u0131p<br \/>\nManken \u00d6l\u00e7\u00fcleri:Boy: 173 cmG\u00f6\u011f\u00fcs: 83 cmBel: 61 cmBasen: 89 cm<br \/>\nMankenin Giydi\u011fi Beden: 36<\/p>\n","protected":false},"excerpt":{"rendered":"<p>G\u00fcnl\u00fck kullan\u0131mdan \u00f6zel kombinlere kadar rahatl\u0131kla uyum sa\u011flayan tak\u0131m, hem konforlu hem de \u00f6zenli bir stil arayanlar i\u00e7in ideal bir se\u00e7enektir. \u00dcST Kuma\u015f \u0130\u00e7eri\u011fi: %62 Polyester, %34 Viskon, %4 Elastan Desen: D\u00fcz Yaka Tipi: S\u0131f\u0131r Yaka Kol Tipi: D\u00fc\u015f\u00fck Kol Cep: Fleto Cep Astar: Astarl\u0131 \u00dcr\u00fcn Boyu: 58 cm Kal\u0131p Tipi: Normal Kal\u0131pALT Kuma\u015f \u0130\u00e7eri\u011fi: [&hellip;]<\/p>\n","protected":false},"featured_media":76253,"comment_status":"open","ping_status":"closed","template":"","meta":[],"product_brand":[],"product_cat":[1900],"product_tag":[3043,5340,6288,4933,5309],"class_list":{"0":"post-76269","1":"product","2":"type-product","3":"status-publish","4":"has-post-thumbnail","6":"product_cat-koordinatlar-setler","7":"product_tag-button-detail","8":"product_tag-comfortable-wear","9":"product_tag-khaki-set","10":"product_tag-matching-set","11":"product_tag-versatile-outfit","12":"pa_brand-tugba","13":"pa_color-haki","14":"pa_size-4701","15":"pa_size-4706","16":"pa_size-4711","17":"pa_size-4713","18":"pa_size-4751","20":"first","21":"instock","22":"sale","23":"shipping-taxable","24":"purchasable","25":"product-type-variable"},"_links":{"self":[{"href":"https:\/\/mod.wisdar.net\/tr\/wp-json\/wp\/v2\/product\/76269","targetHints":{"allow":["GET"]}}],"collection":[{"href":"https:\/\/mod.wisdar.net\/tr\/wp-json\/wp\/v2\/product"}],"about":[{"href":"https:\/\/mod.wisdar.net\/tr\/wp-json\/wp\/v2\/types\/product"}],"replies":[{"embeddable":true,"href":"https:\/\/mod.wisdar.net\/tr\/wp-json\/wp\/v2\/comments?post=76269"}],"wp:featuredmedia":[{"embeddable":true,"href":"https:\/\/mod.wisdar.net\/tr\/wp-json\/wp\/v2\/media\/76253"}],"wp:attachment":[{"href":"https:\/\/mod.wisdar.net\/tr\/wp-json\/wp\/v2\/media?parent=76269"}],"wp:term":[{"taxonomy":"product_brand","embeddable":true,"href":"https:\/\/mod.wisdar.net\/tr\/wp-json\/wp\/v2\/product_brand?post=76269"},{"taxonomy":"product_cat","embeddable":true,"href":"https:\/\/mod.wisdar.net\/tr\/wp-json\/wp\/v2\/product_cat?post=76269"},{"taxonomy":"product_tag","embeddable":true,"href":"https:\/\/mod.wisdar.net\/tr\/wp-json\/wp\/v2\/product_tag?post=76269"}],"curies":[{"name":"wp","href":"https:\/\/api.w.org\/{rel}","templated":true}]}}