{"id":76348,"date":"2026-01-21T17:03:20","date_gmt":"2026-01-21T17:03:20","guid":{"rendered":"https:\/\/modesthanim.com\/product\/hakim-yaka-gizli-patli-tunik-siyah\/"},"modified":"2026-04-09T11:44:33","modified_gmt":"2026-04-09T11:44:33","slug":"hakim-yaka-gizli-patli-tunik-siyah","status":"publish","type":"product","link":"https:\/\/mod.wisdar.net\/tr\/urun\/hakim-yaka-gizli-patli-tunik-siyah\/","title":{"rendered":"Hakim Yaka Gizli Patl\u0131 Tunik \u2013 Siyah"},"content":{"rendered":"<p>Hakim Yaka Gizli Patl\u0131 Tunik, minimal tasar\u0131m\u0131yla zarif ve \u015f\u0131k bir g\u00f6r\u00fcn\u00fcm sunar. Hakim yaka detay\u0131, tuni\u011fe modern bir dokunu\u015f katarken, gizli pat ile sade bir \u015f\u0131kl\u0131k yarat\u0131r.<br \/>\nKuma\u015f \u0130\u00e7eri\u011fi: %100 Polyester<br \/>\nDesen: D\u00fcz<br \/>\nYaka Tipi: Hakim Yaka<br \/>\nKol Tipi: Uzun Kol<br \/>\nCep: Cepsiz<br \/>\nAstar: Astars\u0131z<br \/>\n\u00dcr\u00fcn Boyu: 95 cm<br \/>\nKal\u0131p Tipi: Normal Kal\u0131p<br \/>\nManken \u00d6l\u00e7\u00fcleri:Boy: 175 cmG\u00f6\u011f\u00fcs: 82 cmBel: 60 cmBasen: 90 cm<br \/>\nMankenin Giydi\u011fi Beden: 38<\/p>\n<p>\u2014 Technical Details \u2014<br \/>\nshoulder: {&#8217;38&#8217;: 37, &#8217;40&#8217;: 38, &#8217;42&#8217;: 39, &#8217;44&#8217;: 40, &#8217;46&#8217;: 41, &#8217;48&#8217;: 42, &#8217;50&#8217;: 43, &#8217;52&#8217;: 44}<br \/>\nchest: {&#8217;38&#8217;: 100, &#8217;40&#8217;: 104, &#8217;42&#8217;: 108, &#8217;44&#8217;: 112, &#8217;46&#8217;: 116, &#8217;48&#8217;: 120, &#8217;50&#8217;: 124, &#8217;52&#8217;: 128}<br \/>\nwaist: {&#8217;38&#8217;: 101, &#8217;40&#8217;: 105, &#8217;42&#8217;: 109, &#8217;44&#8217;: 113, &#8217;46&#8217;: 117, &#8217;48&#8217;: 121, &#8217;50&#8217;: 125, &#8217;52&#8217;: 129}<br \/>\nhip: {&#8217;38&#8217;: 113, &#8217;40&#8217;: 117, &#8217;42&#8217;: 121, &#8217;44&#8217;: 125, &#8217;46&#8217;: 129, &#8217;48&#8217;: 133, &#8217;50&#8217;: 137, &#8217;52&#8217;: 141}<br \/>\nlength: {&#8217;38&#8217;: 95, &#8217;40&#8217;: 95, &#8217;42&#8217;: 95, &#8217;44&#8217;: 95, &#8217;46&#8217;: 95, &#8217;48&#8217;: 95, &#8217;50&#8217;: 95, &#8217;52&#8217;: 95}<br \/>\nsleeve_length: {&#8217;38&#8217;: 61, &#8217;40&#8217;: 61.5, &#8217;42&#8217;: 62, &#8217;44&#8217;: 62.5, &#8217;46&#8217;: 63, &#8217;48&#8217;: 63.5, &#8217;50&#8217;: 64, &#8217;52&#8217;: 64.5}<\/p>\n","protected":false},"excerpt":{"rendered":"<p>Hakim Yaka Gizli Patl\u0131 Tunik, minimal tasar\u0131m\u0131yla zarif ve \u015f\u0131k bir g\u00f6r\u00fcn\u00fcm sunar. Hakim yaka detay\u0131, tuni\u011fe modern bir dokunu\u015f katarken, gizli pat ile sade bir \u015f\u0131kl\u0131k yarat\u0131r. Kuma\u015f \u0130\u00e7eri\u011fi: %100 Polyester Desen: D\u00fcz Yaka Tipi: Hakim Yaka Kol Tipi: Uzun Kol Cep: Cepsiz Astar: Astars\u0131z \u00dcr\u00fcn Boyu: 95 cm Kal\u0131p Tipi: Normal Kal\u0131p Manken [&hellip;]<\/p>\n","protected":false},"featured_media":76337,"comment_status":"open","ping_status":"closed","template":"","meta":[],"product_brand":[],"product_cat":[2050],"product_tag":[3490,5125,5488,5154,5190,6291,3263,6290],"class_list":{"0":"post-76348","1":"product","2":"type-product","3":"status-publish","4":"has-post-thumbnail","6":"product_cat-blazer-ceketler","7":"product_tag-black-tunic","8":"product_tag-elegant-tunic","9":"product_tag-hidden-slit","10":"product_tag-long-sleeve-tunic","11":"product_tag-minimalist-fashion","12":"product_tag-polyester-tunic","13":"product_tag-regular-fit","14":"product_tag-v-neck-tunic","15":"pa_brand-tugba","16":"pa_color-siyah","17":"pa_size-4706","18":"pa_size-4711","19":"pa_size-4713","20":"pa_size-4751","21":"pa_size-4749","22":"pa_size-4747","23":"pa_size-4746","24":"pa_size-4744","26":"first","27":"instock","28":"shipping-taxable","29":"purchasable","30":"product-type-variable"},"_links":{"self":[{"href":"https:\/\/mod.wisdar.net\/tr\/wp-json\/wp\/v2\/product\/76348","targetHints":{"allow":["GET"]}}],"collection":[{"href":"https:\/\/mod.wisdar.net\/tr\/wp-json\/wp\/v2\/product"}],"about":[{"href":"https:\/\/mod.wisdar.net\/tr\/wp-json\/wp\/v2\/types\/product"}],"replies":[{"embeddable":true,"href":"https:\/\/mod.wisdar.net\/tr\/wp-json\/wp\/v2\/comments?post=76348"}],"wp:featuredmedia":[{"embeddable":true,"href":"https:\/\/mod.wisdar.net\/tr\/wp-json\/wp\/v2\/media\/76337"}],"wp:attachment":[{"href":"https:\/\/mod.wisdar.net\/tr\/wp-json\/wp\/v2\/media?parent=76348"}],"wp:term":[{"taxonomy":"product_brand","embeddable":true,"href":"https:\/\/mod.wisdar.net\/tr\/wp-json\/wp\/v2\/product_brand?post=76348"},{"taxonomy":"product_cat","embeddable":true,"href":"https:\/\/mod.wisdar.net\/tr\/wp-json\/wp\/v2\/product_cat?post=76348"},{"taxonomy":"product_tag","embeddable":true,"href":"https:\/\/mod.wisdar.net\/tr\/wp-json\/wp\/v2\/product_tag?post=76348"}],"curies":[{"name":"wp","href":"https:\/\/api.w.org\/{rel}","templated":true}]}}