{"id":76435,"date":"2026-01-21T17:05:05","date_gmt":"2026-01-21T17:05:05","guid":{"rendered":"https:\/\/modesthanim.com\/product\/muhtesem-yaka-gizli-plaket-tunik-nane-yesili\/"},"modified":"2026-04-02T20:15:28","modified_gmt":"2026-04-02T20:15:28","slug":"muhtesem-yaka-gizli-plaket-tunik-nane-yesili","status":"publish","type":"product","link":"https:\/\/mod.wisdar.net\/tr\/urun\/muhtesem-yaka-gizli-plaket-tunik-nane-yesili\/","title":{"rendered":"Muhte\u015fem Yaka Gizli Plaket Tunik \u2013 Nane Ye\u015fili"},"content":{"rendered":"<p>Gizli Plaketli Mandarin Yaka Tunik, minimalist tasar\u0131m\u0131yla zarif ve \u015f\u0131k bir g\u00f6r\u00fcn\u00fcm sunar. Mandarin yaka detay\u0131 tuni\u011fe modern bir dokunu\u015f katarken, gizli plaket sade bir sofistikasyon yarat\u0131r.<\/p>\n<p>Kuma\u015f Bile\u015fimi: %100 Polyester<\/p>\n<p>Desen: D\u00fcz<\/p>\n<p>Yaka Tipi: Mandarin Yaka<\/p>\n<p>Kol Tipi: Uzun Kol<\/p>\n<p>Cep: Cepsiz<\/p>\n<p>Astarlama: Astars\u0131z<\/p>\n<p>\u00dcr\u00fcn Uzunlu\u011fu: 95 cm<\/p>\n<p>Kal\u0131p Tipi: Standart Kal\u0131p<\/p>\n<p>Model \u00d6l\u00e7\u00fcleri: Boy: 173 cm G\u00f6\u011f\u00fcs: 83 cm Bel: 61 cm Kal\u00e7a: 89 cm<\/p>\n<p>Model 38 beden giymektedir.<\/p>\n<p>\u2014 Teknik Detaylar \u2014<br \/>\ndesen: D\u00fcz<br \/>\nyaka_tipi: Mandarin Yaka<br \/>\nkol_tipi: Uzun Kol<br \/>\ncep: Cepsiz<br \/>\nastarlama: Astars\u0131z<br \/>\nurun_uzunlugu_cm: 95<br \/>\nkalip_tipi: Standart Kal\u0131p<\/p>\n","protected":false},"excerpt":{"rendered":"<p>Gizli Plaketli Mandarin Yaka Tunik, minimalist tasar\u0131m\u0131yla zarif ve \u015f\u0131k bir g\u00f6r\u00fcn\u00fcm sunar. Mandarin yaka detay\u0131 tuni\u011fe modern bir dokunu\u015f katarken, gizli plaket sade bir sofistikasyon yarat\u0131r. Kuma\u015f Bile\u015fimi: %100 Polyester Desen: D\u00fcz Yaka Tipi: Mandarin Yaka Kol Tipi: Uzun Kol Cep: Cepsiz Astarlama: Astars\u0131z \u00dcr\u00fcn Uzunlu\u011fu: 95 cm Kal\u0131p Tipi: Standart Kal\u0131p Model \u00d6l\u00e7\u00fcleri: [&hellip;]<\/p>\n","protected":false},"featured_media":76425,"comment_status":"open","ping_status":"closed","template":"","meta":[],"product_brand":[],"product_cat":[2050],"product_tag":[],"class_list":{"0":"post-76435","1":"product","2":"type-product","3":"status-publish","4":"has-post-thumbnail","6":"product_cat-blazer-ceketler","7":"pa_brand-tugba","8":"pa_color-mint","9":"pa_size-4706","10":"pa_size-4711","11":"pa_size-4713","12":"pa_size-4751","13":"pa_size-4749","14":"pa_size-4747","15":"pa_size-4746","16":"pa_size-4744","18":"first","19":"outofstock","20":"shipping-taxable","21":"product-type-variable"},"_links":{"self":[{"href":"https:\/\/mod.wisdar.net\/tr\/wp-json\/wp\/v2\/product\/76435","targetHints":{"allow":["GET"]}}],"collection":[{"href":"https:\/\/mod.wisdar.net\/tr\/wp-json\/wp\/v2\/product"}],"about":[{"href":"https:\/\/mod.wisdar.net\/tr\/wp-json\/wp\/v2\/types\/product"}],"replies":[{"embeddable":true,"href":"https:\/\/mod.wisdar.net\/tr\/wp-json\/wp\/v2\/comments?post=76435"}],"wp:featuredmedia":[{"embeddable":true,"href":"https:\/\/mod.wisdar.net\/tr\/wp-json\/wp\/v2\/media\/76425"}],"wp:attachment":[{"href":"https:\/\/mod.wisdar.net\/tr\/wp-json\/wp\/v2\/media?parent=76435"}],"wp:term":[{"taxonomy":"product_brand","embeddable":true,"href":"https:\/\/mod.wisdar.net\/tr\/wp-json\/wp\/v2\/product_brand?post=76435"},{"taxonomy":"product_cat","embeddable":true,"href":"https:\/\/mod.wisdar.net\/tr\/wp-json\/wp\/v2\/product_cat?post=76435"},{"taxonomy":"product_tag","embeddable":true,"href":"https:\/\/mod.wisdar.net\/tr\/wp-json\/wp\/v2\/product_tag?post=76435"}],"curies":[{"name":"wp","href":"https:\/\/api.w.org\/{rel}","templated":true}]}}