{"id":76436,"date":"2026-01-21T17:05:06","date_gmt":"2026-01-21T17:05:06","guid":{"rendered":"https:\/\/modesthanim.com\/product\/hakim-yaka-gizli-patli-tunik-lacivert\/"},"modified":"2026-03-22T03:21:30","modified_gmt":"2026-03-22T03:21:30","slug":"hakim-yaka-gizli-patli-tunik-lacivert","status":"publish","type":"product","link":"https:\/\/mod.wisdar.net\/tr\/urun\/hakim-yaka-gizli-patli-tunik-lacivert\/","title":{"rendered":"Hakim Yaka Gizli Patl\u0131 Tunik \u2013 Lacivert"},"content":{"rendered":"<p>Hakim Yaka Gizli Patl\u0131 Tunik, minimal tasar\u0131m\u0131yla zarif ve \u015f\u0131k bir g\u00f6r\u00fcn\u00fcm sunar. Hakim yaka detay\u0131, tuni\u011fe modern bir dokunu\u015f katarken, gizli pat ile sade bir \u015f\u0131kl\u0131k yarat\u0131r.<br \/>\nKuma\u015f \u0130\u00e7eri\u011fi: %100 Polyester<br \/>\nDesen: D\u00fcz<br \/>\nYaka Tipi: Hakim Yaka<br \/>\nKol Tipi: Uzun Kol<br \/>\nCep: Cepsiz<br \/>\nAstar: Astars\u0131z<br \/>\n\u00dcr\u00fcn Boyu: 95 cm<br \/>\nKal\u0131p Tipi: Normal Kal\u0131p<br \/>\nMankenin Giydi\u011fi Beden: 38<br \/>\nManken \u00d6l\u00e7\u00fcleri:Boy: 176 cmG\u00f6\u011f\u00fcs: 78 cmBel: 59 cmBasen: 88 cm<\/p>\n","protected":false},"excerpt":{"rendered":"<p>Hakim Yaka Gizli Patl\u0131 Tunik, minimal tasar\u0131m\u0131yla zarif ve \u015f\u0131k bir g\u00f6r\u00fcn\u00fcm sunar. Hakim yaka detay\u0131, tuni\u011fe modern bir dokunu\u015f katarken, gizli pat ile sade bir \u015f\u0131kl\u0131k yarat\u0131r. Kuma\u015f \u0130\u00e7eri\u011fi: %100 Polyester Desen: D\u00fcz Yaka Tipi: Hakim Yaka Kol Tipi: Uzun Kol Cep: Cepsiz Astar: Astars\u0131z \u00dcr\u00fcn Boyu: 95 cm Kal\u0131p Tipi: Normal Kal\u0131p Mankenin [&hellip;]<\/p>\n","protected":false},"featured_media":76426,"comment_status":"open","ping_status":"closed","template":"","meta":[],"product_brand":[],"product_cat":[2050],"product_tag":[7311,5012,7238,7144,7021,8399,6768],"class_list":{"0":"post-76436","1":"product","2":"type-product","3":"status-publish","4":"has-post-thumbnail","6":"product_cat-blazer-ceketler","7":"product_tag-dik-yaka","8":"product_tag-elegant","9":"product_tag-lacivert","10":"product_tag-minimalist","11":"product_tag-polyester","12":"product_tag-sik-2","13":"product_tag-uzun-kol","14":"pa_color-lacivert","15":"pa_size-4706","16":"pa_size-4711","17":"pa_size-4713","18":"pa_size-4751","19":"pa_size-4749","20":"pa_size-4747","21":"pa_size-4746","22":"pa_size-4744","24":"first","25":"outofstock","26":"shipping-taxable","27":"product-type-variable"},"_links":{"self":[{"href":"https:\/\/mod.wisdar.net\/tr\/wp-json\/wp\/v2\/product\/76436","targetHints":{"allow":["GET"]}}],"collection":[{"href":"https:\/\/mod.wisdar.net\/tr\/wp-json\/wp\/v2\/product"}],"about":[{"href":"https:\/\/mod.wisdar.net\/tr\/wp-json\/wp\/v2\/types\/product"}],"replies":[{"embeddable":true,"href":"https:\/\/mod.wisdar.net\/tr\/wp-json\/wp\/v2\/comments?post=76436"}],"wp:featuredmedia":[{"embeddable":true,"href":"https:\/\/mod.wisdar.net\/tr\/wp-json\/wp\/v2\/media\/76426"}],"wp:attachment":[{"href":"https:\/\/mod.wisdar.net\/tr\/wp-json\/wp\/v2\/media?parent=76436"}],"wp:term":[{"taxonomy":"product_brand","embeddable":true,"href":"https:\/\/mod.wisdar.net\/tr\/wp-json\/wp\/v2\/product_brand?post=76436"},{"taxonomy":"product_cat","embeddable":true,"href":"https:\/\/mod.wisdar.net\/tr\/wp-json\/wp\/v2\/product_cat?post=76436"},{"taxonomy":"product_tag","embeddable":true,"href":"https:\/\/mod.wisdar.net\/tr\/wp-json\/wp\/v2\/product_tag?post=76436"}],"curies":[{"name":"wp","href":"https:\/\/api.w.org\/{rel}","templated":true}]}}