{"id":76521,"date":"2026-01-21T17:06:35","date_gmt":"2026-01-21T17:06:35","guid":{"rendered":"https:\/\/modesthanim.com\/product\/denim-gomlek-elbise-lacivert\/"},"modified":"2026-04-09T11:50:34","modified_gmt":"2026-04-09T11:50:34","slug":"denim-gomlek-elbise-lacivert","status":"publish","type":"product","link":"https:\/\/mod.wisdar.net\/tr\/urun\/denim-gomlek-elbise-lacivert\/","title":{"rendered":"Denim G\u00f6mlek Elbise \u2013 Lacivert"},"content":{"rendered":"<p>G\u00f6mlek yaka formunu denim dokunun g\u00fc\u00e7l\u00fc duru\u015fuyla bulu\u015fturan bu elbise, rahat siluetiyle g\u00fcnl\u00fck stile modern bir yorum katar. Ak\u0131c\u0131 yap\u0131s\u0131 g\u00fcn boyu konfor sunarken, klasik denim g\u00f6r\u00fcn\u00fcm\u00fc her mevsim kolayca kombinlenebilir.<\/p>\n<p>Kuma\u015f \u0130\u00e7eri\u011fi: %100 Pamuklu<br \/>\nDesen: D\u00fcz<br \/>\nYaka Tipi: G\u00f6mlek Yaka<br \/>\nKol Tipi: Uzun Kol<br \/>\nCep: Yan Cep<br \/>\nAstar: Astars\u0131z<br \/>\n\u00dcr\u00fcn Boyu: 135 cm<br \/>\nKal\u0131p Tipi: Normal Kal\u0131p<br \/>\nManken \u00d6l\u00e7\u00fcleri: Boy: 173 cm, G\u00f6\u011f\u00fcs: 83 cm, Bel: 61 cm, Basen: 89 cm<br \/>\nMankenin Giydi\u011fi Beden: 38<\/p>\n","protected":false},"excerpt":{"rendered":"<p>G\u00f6mlek yaka formunu denim dokunun g\u00fc\u00e7l\u00fc duru\u015fuyla bulu\u015fturan bu elbise, rahat siluetiyle g\u00fcnl\u00fck stile modern bir yorum katar. Ak\u0131c\u0131 yap\u0131s\u0131 g\u00fcn boyu konfor sunarken, klasik denim g\u00f6r\u00fcn\u00fcm\u00fc her mevsim kolayca kombinlenebilir. Kuma\u015f \u0130\u00e7eri\u011fi: %100 Pamuklu Desen: D\u00fcz Yaka Tipi: G\u00f6mlek Yaka Kol Tipi: Uzun Kol Cep: Yan Cep Astar: Astars\u0131z \u00dcr\u00fcn Boyu: 135 cm Kal\u0131p [&hellip;]<\/p>\n","protected":false},"featured_media":76506,"comment_status":"open","ping_status":"closed","template":"","meta":[],"product_brand":[],"product_cat":[6249,4077],"product_tag":[],"class_list":{"0":"post-76521","1":"product","2":"type-product","3":"status-publish","4":"has-post-thumbnail","6":"product_cat-elbiseler","7":"product_cat-kot-elbiseler","8":"pa_brand-tugba","9":"pa_color-lacivert","10":"pa_size-4706","11":"pa_size-4711","12":"pa_size-4713","13":"pa_size-4751","15":"first","16":"instock","17":"sale","18":"shipping-taxable","19":"purchasable","20":"product-type-variable"},"_links":{"self":[{"href":"https:\/\/mod.wisdar.net\/tr\/wp-json\/wp\/v2\/product\/76521","targetHints":{"allow":["GET"]}}],"collection":[{"href":"https:\/\/mod.wisdar.net\/tr\/wp-json\/wp\/v2\/product"}],"about":[{"href":"https:\/\/mod.wisdar.net\/tr\/wp-json\/wp\/v2\/types\/product"}],"replies":[{"embeddable":true,"href":"https:\/\/mod.wisdar.net\/tr\/wp-json\/wp\/v2\/comments?post=76521"}],"wp:featuredmedia":[{"embeddable":true,"href":"https:\/\/mod.wisdar.net\/tr\/wp-json\/wp\/v2\/media\/76506"}],"wp:attachment":[{"href":"https:\/\/mod.wisdar.net\/tr\/wp-json\/wp\/v2\/media?parent=76521"}],"wp:term":[{"taxonomy":"product_brand","embeddable":true,"href":"https:\/\/mod.wisdar.net\/tr\/wp-json\/wp\/v2\/product_brand?post=76521"},{"taxonomy":"product_cat","embeddable":true,"href":"https:\/\/mod.wisdar.net\/tr\/wp-json\/wp\/v2\/product_cat?post=76521"},{"taxonomy":"product_tag","embeddable":true,"href":"https:\/\/mod.wisdar.net\/tr\/wp-json\/wp\/v2\/product_tag?post=76521"}],"curies":[{"name":"wp","href":"https:\/\/api.w.org\/{rel}","templated":true}]}}