{"id":76542,"date":"2026-01-21T17:06:49","date_gmt":"2026-01-21T17:06:49","guid":{"rendered":"https:\/\/modesthanim.com\/product\/hakim-yaka-gizli-patli-tunik-bordo\/"},"modified":"2026-04-02T20:15:50","modified_gmt":"2026-04-02T20:15:50","slug":"hakim-yaka-gizli-patli-tunik-bordo","status":"publish","type":"product","link":"https:\/\/mod.wisdar.net\/tr\/urun\/hakim-yaka-gizli-patli-tunik-bordo\/","title":{"rendered":"Hakim Yaka Gizli Patl\u0131 Tunik \u2013 Bordo"},"content":{"rendered":"<p>Hakim Yaka Gizli Patl\u0131 Tunik, minimal tasar\u0131m\u0131yla zarif ve \u015f\u0131k bir g\u00f6r\u00fcn\u00fcm sunar. Hakim yaka detay\u0131, tuni\u011fe modern bir dokunu\u015f katarken, gizli pat ile sade bir \u015f\u0131kl\u0131k yarat\u0131r.<br \/>\nKuma\u015f \u0130\u00e7eri\u011fi: %100 Polyester<br \/>\nDesen: D\u00fcz<br \/>\nYaka Tipi: Hakim Yaka<br \/>\nKol Tipi: Uzun Kol<br \/>\nCep: Cepsiz<br \/>\nAstar: Astars\u0131z<br \/>\n\u00dcr\u00fcn Boyu: 95 cm<br \/>\nKal\u0131p Tipi: Normal Kal\u0131p<br \/>\nManken \u00d6l\u00e7\u00fcleri:<br \/>\nBoy: 176 cm<br \/>\nG\u00f6\u011f\u00fcs: 78 cm<br \/>\nBel: 59 cm<br \/>\nBasen: 88 cm<br \/>\nMankenin Giydi\u011fi Beden: 38<\/p>\n<p>\u2014 Technical Details \u2014<br \/>\ndesen: D\u00fcz<br \/>\nyaka_tipi: Hakim Yaka<br \/>\nkol_tipi: Uzun Kol<br \/>\ncep: Cepsiz<br \/>\nastar: Astars\u0131z<br \/>\nurun_boyu: 95 cm<br \/>\nkalip_tipi: Normal Kal\u0131p<br \/>\nbeden_olculeri: {&#8217;38&#8217;: {&#8216;omuz&#8217;: &#8217;37&#8217;, &#8216;gogus&#8217;: &#8216;100&#8217;, &#8216;bel&#8217;: &#8216;101&#8217;, &#8216;basen&#8217;: &#8216;113&#8217;, &#8216;boy&#8217;: &#8217;95&#8217;, &#8216;kol_boyu&#8217;: &#8217;61&#8217;}, &#8217;40&#8217;: {&#8216;omuz&#8217;: &#8217;38&#8217;, &#8216;gogus&#8217;: &#8216;104&#8217;, &#8216;bel&#8217;: &#8216;105&#8217;, &#8216;basen&#8217;: &#8216;117&#8217;, &#8216;boy&#8217;: &#8217;95&#8217;, &#8216;kol_boyu&#8217;: &#8216;61.5&#8217;}, &#8217;42&#8217;: {&#8216;omuz&#8217;: &#8217;39&#8217;, &#8216;gogus&#8217;: &#8216;108&#8217;, &#8216;bel&#8217;: &#8216;109&#8217;, &#8216;basen&#8217;: &#8216;121&#8217;, &#8216;boy&#8217;: &#8217;95&#8217;, &#8216;kol_boyu&#8217;: &#8217;62&#8217;}, &#8217;44&#8217;: {&#8216;omuz&#8217;: &#8217;40&#8217;, &#8216;gogus&#8217;: &#8216;112&#8217;, &#8216;bel&#8217;: &#8216;113&#8217;, &#8216;basen&#8217;: &#8216;125&#8217;, &#8216;boy&#8217;: &#8217;95&#8217;, &#8216;kol_boyu&#8217;: &#8216;62.5&#8217;}, &#8217;46&#8217;: {&#8216;omuz&#8217;: &#8217;41&#8217;, &#8216;gogus&#8217;: &#8216;116&#8217;, &#8216;bel&#8217;: &#8216;117&#8217;, &#8216;basen&#8217;: &#8216;129&#8217;, &#8216;boy&#8217;: &#8217;95&#8217;, &#8216;kol_boyu&#8217;: &#8217;63&#8217;}, &#8217;48&#8217;: {&#8216;omuz&#8217;: &#8217;42&#8217;, &#8216;gogus&#8217;: &#8216;120&#8217;, &#8216;bel&#8217;: &#8216;121&#8217;, &#8216;basen&#8217;: &#8216;133&#8217;, &#8216;boy&#8217;: &#8217;95&#8217;, &#8216;kol_boyu&#8217;: &#8216;63.5&#8217;}, &#8217;50&#8217;: {&#8216;omuz&#8217;: &#8217;43&#8217;, &#8216;gogus&#8217;: &#8216;124&#8217;, &#8216;bel&#8217;: &#8216;125&#8217;, &#8216;basen&#8217;: &#8216;137&#8217;, &#8216;boy&#8217;: &#8217;95&#8217;, &#8216;kol_boyu&#8217;: &#8217;64&#8217;}, &#8217;52&#8217;: {&#8216;omuz&#8217;: &#8217;44&#8217;, &#8216;gogus&#8217;: &#8216;128&#8217;, &#8216;bel&#8217;: &#8216;129&#8217;, &#8216;basen&#8217;: &#8216;141&#8217;, &#8216;boy&#8217;: &#8217;95&#8217;, &#8216;kol_boyu&#8217;: &#8216;64.5&#8217;}}<\/p>\n","protected":false},"excerpt":{"rendered":"<p>Hakim Yaka Gizli Patl\u0131 Tunik, minimal tasar\u0131m\u0131yla zarif ve \u015f\u0131k bir g\u00f6r\u00fcn\u00fcm sunar. Hakim yaka detay\u0131, tuni\u011fe modern bir dokunu\u015f katarken, gizli pat ile sade bir \u015f\u0131kl\u0131k yarat\u0131r. Kuma\u015f \u0130\u00e7eri\u011fi: %100 Polyester Desen: D\u00fcz Yaka Tipi: Hakim Yaka Kol Tipi: Uzun Kol Cep: Cepsiz Astar: Astars\u0131z \u00dcr\u00fcn Boyu: 95 cm Kal\u0131p Tipi: Normal Kal\u0131p Manken [&hellip;]<\/p>\n","protected":false},"featured_media":76530,"comment_status":"open","ping_status":"closed","template":"","meta":[],"product_brand":[],"product_cat":[2050],"product_tag":[7150,5012,6744,7144,7021,8399,6768],"class_list":{"0":"post-76542","1":"product","2":"type-product","3":"status-publish","4":"has-post-thumbnail","6":"product_cat-blazer-ceketler","7":"product_tag-bordo","8":"product_tag-elegant","9":"product_tag-kadin-modasi","10":"product_tag-minimalist","11":"product_tag-polyester","12":"product_tag-sik-2","13":"product_tag-uzun-kol","14":"pa_brand-tugba","15":"pa_color-bordo","16":"pa_size-4706","17":"pa_size-4711","18":"pa_size-4713","19":"pa_size-4751","20":"pa_size-4749","21":"pa_size-4747","22":"pa_size-4746","23":"pa_size-4744","25":"first","26":"outofstock","27":"shipping-taxable","28":"product-type-variable"},"_links":{"self":[{"href":"https:\/\/mod.wisdar.net\/tr\/wp-json\/wp\/v2\/product\/76542","targetHints":{"allow":["GET"]}}],"collection":[{"href":"https:\/\/mod.wisdar.net\/tr\/wp-json\/wp\/v2\/product"}],"about":[{"href":"https:\/\/mod.wisdar.net\/tr\/wp-json\/wp\/v2\/types\/product"}],"replies":[{"embeddable":true,"href":"https:\/\/mod.wisdar.net\/tr\/wp-json\/wp\/v2\/comments?post=76542"}],"wp:featuredmedia":[{"embeddable":true,"href":"https:\/\/mod.wisdar.net\/tr\/wp-json\/wp\/v2\/media\/76530"}],"wp:attachment":[{"href":"https:\/\/mod.wisdar.net\/tr\/wp-json\/wp\/v2\/media?parent=76542"}],"wp:term":[{"taxonomy":"product_brand","embeddable":true,"href":"https:\/\/mod.wisdar.net\/tr\/wp-json\/wp\/v2\/product_brand?post=76542"},{"taxonomy":"product_cat","embeddable":true,"href":"https:\/\/mod.wisdar.net\/tr\/wp-json\/wp\/v2\/product_cat?post=76542"},{"taxonomy":"product_tag","embeddable":true,"href":"https:\/\/mod.wisdar.net\/tr\/wp-json\/wp\/v2\/product_tag?post=76542"}],"curies":[{"name":"wp","href":"https:\/\/api.w.org\/{rel}","templated":true}]}}