{"id":76694,"date":"2026-01-21T17:09:57","date_gmt":"2026-01-21T17:09:57","guid":{"rendered":"https:\/\/modesthanim.com\/product\/gizli-pat-ferace-siyah\/"},"modified":"2026-04-15T22:04:13","modified_gmt":"2026-04-15T22:04:13","slug":"gizli-pat-ferace-siyah","status":"publish","type":"product","link":"https:\/\/mod.wisdar.net\/tr\/urun\/gizli-pat-ferace-siyah\/","title":{"rendered":"Gizli Pat Ferace \u2013 Siyah"},"content":{"rendered":"<p>Gizli pat detay\u0131yla sade ve d\u00fczenli bir g\u00f6r\u00fcn\u00fcm sunan bu ferace, temiz \u00e7izgileriyle zamans\u0131z bir duru\u015f sergiler. \u00d6n kapamadaki gizli yap\u0131, par\u00e7aya b\u00fct\u00fcnl\u00fckl\u00fc ve ak\u0131c\u0131 bir form kazand\u0131r\u0131r.<br \/>\nKuma\u015f \u0130\u00e7eri\u011fi: %60 Polyester, %26 Viskon, %10 Y\u00fcn, %4 Elastan<br \/>\nDesen: D\u00fcz<br \/>\nYaka Tipi: S\u0131f\u0131r Yaka<br \/>\nKol Tipi: D\u00fc\u015f\u00fck Kol<br \/>\nCep: Gizli Cep<br \/>\nAstar: Astars\u0131z<br \/>\n\u00dcr\u00fcn Boyu: 130 cm<br \/>\nKal\u0131p Tipi: Rahat Kal\u0131p<br \/>\nManken \u00d6l\u00e7\u00fcleri:<br \/>\nBoy: 173 cm<br \/>\nG\u00f6\u011f\u00fcs: 83 cm<br \/>\nBel: 61 cm<br \/>\nBasen: 89 cm<br \/>\nMankenin Giydi\u011fi Beden: 38<\/p>\n","protected":false},"excerpt":{"rendered":"<p>Gizli pat detay\u0131yla sade ve d\u00fczenli bir g\u00f6r\u00fcn\u00fcm sunan bu ferace, temiz \u00e7izgileriyle zamans\u0131z bir duru\u015f sergiler. \u00d6n kapamadaki gizli yap\u0131, par\u00e7aya b\u00fct\u00fcnl\u00fckl\u00fc ve ak\u0131c\u0131 bir form kazand\u0131r\u0131r. Kuma\u015f \u0130\u00e7eri\u011fi: %60 Polyester, %26 Viskon, %10 Y\u00fcn, %4 Elastan Desen: D\u00fcz Yaka Tipi: S\u0131f\u0131r Yaka Kol Tipi: D\u00fc\u015f\u00fck Kol Cep: Gizli Cep Astar: Astars\u0131z \u00dcr\u00fcn Boyu: [&hellip;]<\/p>\n","protected":false},"featured_media":76685,"comment_status":"open","ping_status":"closed","template":"","meta":[],"product_brand":[],"product_cat":[4028],"product_tag":[8298,7326,5012,7548,7803],"class_list":{"0":"post-76694","1":"product","2":"type-product","3":"status-publish","4":"has-post-thumbnail","6":"product_cat-abaya","7":"product_tag-abaya","8":"product_tag-bol-kesim","9":"product_tag-elegant","10":"product_tag-mutevazi-moda","11":"product_tag-tesettur-giyim","12":"pa_brand-tugba","13":"pa_color-siyah","14":"pa_size-4706","15":"pa_size-4711","16":"pa_size-4713","17":"pa_size-4751","18":"pa_size-4749","19":"pa_size-4747","21":"first","22":"instock","23":"sale","24":"shipping-taxable","25":"purchasable","26":"product-type-variable","27":"has-default-attributes"},"_links":{"self":[{"href":"https:\/\/mod.wisdar.net\/tr\/wp-json\/wp\/v2\/product\/76694","targetHints":{"allow":["GET"]}}],"collection":[{"href":"https:\/\/mod.wisdar.net\/tr\/wp-json\/wp\/v2\/product"}],"about":[{"href":"https:\/\/mod.wisdar.net\/tr\/wp-json\/wp\/v2\/types\/product"}],"replies":[{"embeddable":true,"href":"https:\/\/mod.wisdar.net\/tr\/wp-json\/wp\/v2\/comments?post=76694"}],"wp:featuredmedia":[{"embeddable":true,"href":"https:\/\/mod.wisdar.net\/tr\/wp-json\/wp\/v2\/media\/76685"}],"wp:attachment":[{"href":"https:\/\/mod.wisdar.net\/tr\/wp-json\/wp\/v2\/media?parent=76694"}],"wp:term":[{"taxonomy":"product_brand","embeddable":true,"href":"https:\/\/mod.wisdar.net\/tr\/wp-json\/wp\/v2\/product_brand?post=76694"},{"taxonomy":"product_cat","embeddable":true,"href":"https:\/\/mod.wisdar.net\/tr\/wp-json\/wp\/v2\/product_cat?post=76694"},{"taxonomy":"product_tag","embeddable":true,"href":"https:\/\/mod.wisdar.net\/tr\/wp-json\/wp\/v2\/product_tag?post=76694"}],"curies":[{"name":"wp","href":"https:\/\/api.w.org\/{rel}","templated":true}]}}