{"id":76703,"date":"2026-01-21T17:10:01","date_gmt":"2026-01-21T17:10:01","guid":{"rendered":"https:\/\/modesthanim.com\/product\/gizli-pat-ferace-bej\/"},"modified":"2026-04-09T11:51:52","modified_gmt":"2026-04-09T11:51:52","slug":"gizli-pat-ferace-bej","status":"publish","type":"product","link":"https:\/\/mod.wisdar.net\/tr\/urun\/gizli-pat-ferace-bej\/","title":{"rendered":"Gizli Pat Ferace \u2013 Bej"},"content":{"rendered":"<p>Gizli pat detay\u0131yla sade ve d\u00fczenli bir g\u00f6r\u00fcn\u00fcm sunan bu ferace, temiz \u00e7izgileriyle zamans\u0131z bir duru\u015f sergiler. \u00d6n kapamadaki gizli yap\u0131, par\u00e7aya b\u00fct\u00fcnl\u00fckl\u00fc ve ak\u0131c\u0131 bir form kazand\u0131r\u0131r.<br \/>\nKuma\u015f \u0130\u00e7eri\u011fi: %60 Polyester, %26 Viskon, %10 Y\u00fcn, %4 Elastan<br \/>\nDesen: D\u00fcz<br \/>\nYaka Tipi: S\u0131f\u0131r Yaka<br \/>\nKol Tipi: D\u00fc\u015f\u00fck Kol<br \/>\nCep: Gizli Cep<br \/>\nAstar: Astars\u0131z<br \/>\n\u00dcr\u00fcn Boyu: 130 cm<br \/>\nKal\u0131p Tipi: Rahat Kal\u0131p<br \/>\nManken \u00d6l\u00e7\u00fcleri: Boy: 176 cm, G\u00f6\u011f\u00fcs: 78 cm, Bel: 59 cm, Basen: 88 cm<br \/>\nMankenin Giydi\u011fi Beden: 38<\/p>\n","protected":false},"excerpt":{"rendered":"<p>Gizli pat detay\u0131yla sade ve d\u00fczenli bir g\u00f6r\u00fcn\u00fcm sunan bu ferace, temiz \u00e7izgileriyle zamans\u0131z bir duru\u015f sergiler. \u00d6n kapamadaki gizli yap\u0131, par\u00e7aya b\u00fct\u00fcnl\u00fckl\u00fc ve ak\u0131c\u0131 bir form kazand\u0131r\u0131r. Kuma\u015f \u0130\u00e7eri\u011fi: %60 Polyester, %26 Viskon, %10 Y\u00fcn, %4 Elastan Desen: D\u00fcz Yaka Tipi: S\u0131f\u0131r Yaka Kol Tipi: D\u00fc\u015f\u00fck Kol Cep: Gizli Cep Astar: Astars\u0131z \u00dcr\u00fcn Boyu: [&hellip;]<\/p>\n","protected":false},"featured_media":76687,"comment_status":"open","ping_status":"closed","template":"","meta":[],"product_brand":[],"product_cat":[4028],"product_tag":[],"class_list":{"0":"post-76703","1":"product","2":"type-product","3":"status-publish","4":"has-post-thumbnail","6":"product_cat-abaya","7":"pa_brand-tugba","8":"pa_color-beige","9":"pa_size-4706","10":"pa_size-4711","11":"pa_size-4713","12":"pa_size-4751","13":"pa_size-4749","14":"pa_size-4747","16":"first","17":"instock","18":"sale","19":"shipping-taxable","20":"purchasable","21":"product-type-variable"},"_links":{"self":[{"href":"https:\/\/mod.wisdar.net\/tr\/wp-json\/wp\/v2\/product\/76703","targetHints":{"allow":["GET"]}}],"collection":[{"href":"https:\/\/mod.wisdar.net\/tr\/wp-json\/wp\/v2\/product"}],"about":[{"href":"https:\/\/mod.wisdar.net\/tr\/wp-json\/wp\/v2\/types\/product"}],"replies":[{"embeddable":true,"href":"https:\/\/mod.wisdar.net\/tr\/wp-json\/wp\/v2\/comments?post=76703"}],"wp:featuredmedia":[{"embeddable":true,"href":"https:\/\/mod.wisdar.net\/tr\/wp-json\/wp\/v2\/media\/76687"}],"wp:attachment":[{"href":"https:\/\/mod.wisdar.net\/tr\/wp-json\/wp\/v2\/media?parent=76703"}],"wp:term":[{"taxonomy":"product_brand","embeddable":true,"href":"https:\/\/mod.wisdar.net\/tr\/wp-json\/wp\/v2\/product_brand?post=76703"},{"taxonomy":"product_cat","embeddable":true,"href":"https:\/\/mod.wisdar.net\/tr\/wp-json\/wp\/v2\/product_cat?post=76703"},{"taxonomy":"product_tag","embeddable":true,"href":"https:\/\/mod.wisdar.net\/tr\/wp-json\/wp\/v2\/product_tag?post=76703"}],"curies":[{"name":"wp","href":"https:\/\/api.w.org\/{rel}","templated":true}]}}