{"id":76765,"date":"2026-01-21T17:12:30","date_gmt":"2026-01-21T17:12:30","guid":{"rendered":"https:\/\/modesthanim.com\/product\/v-yaka-blazer-ceket-siyah\/"},"modified":"2026-04-09T11:53:07","modified_gmt":"2026-04-09T11:53:07","slug":"v-yaka-blazer-ceket-siyah","status":"publish","type":"product","link":"https:\/\/mod.wisdar.net\/tr\/urun\/v-yaka-blazer-ceket-siyah\/","title":{"rendered":"V Yaka Blazer Ceket \u2013 Siyah"},"content":{"rendered":"<p>V Yaka Blazer Ceket, net kesimi ve dengeli formuyla \u00fcst bedende zarif bir duru\u015f sunar.<br \/>\nKuma\u015f \u0130\u00e7eri\u011fi: %60 Polyester, %26 Viskon, %10 Y\u00fcn, %4 Elastan<br \/>\nDesen: D\u00fcz<br \/>\nYaka Tipi: V Yaka<br \/>\nKol Tipi: Uzun Kol<br \/>\nCep: Cepsiz<br \/>\nAstar: Astarl\u0131<br \/>\n\u00dcr\u00fcn Boyu: 75 cm<br \/>\nKal\u0131p Tipi: Normal Kal\u0131p<br \/>\nManken \u00d6l\u00e7\u00fcleri:Boy: 173 cmG\u00f6\u011f\u00fcs: 83 cmBel: 61 cmBasen: 89 cm<br \/>\nMankenin Giydi\u011fi Beden: 38<\/p>\n","protected":false},"excerpt":{"rendered":"<p>V Yaka Blazer Ceket, net kesimi ve dengeli formuyla \u00fcst bedende zarif bir duru\u015f sunar. Kuma\u015f \u0130\u00e7eri\u011fi: %60 Polyester, %26 Viskon, %10 Y\u00fcn, %4 Elastan Desen: D\u00fcz Yaka Tipi: V Yaka Kol Tipi: Uzun Kol Cep: Cepsiz Astar: Astarl\u0131 \u00dcr\u00fcn Boyu: 75 cm Kal\u0131p Tipi: Normal Kal\u0131p Manken \u00d6l\u00e7\u00fcleri:Boy: 173 cmG\u00f6\u011f\u00fcs: 83 cmBel: 61 cmBasen: [&hellip;]<\/p>\n","protected":false},"featured_media":76759,"comment_status":"open","ping_status":"closed","template":"","meta":[],"product_brand":[],"product_cat":[2044],"product_tag":[7943,6744,6754],"class_list":{"0":"post-76765","1":"product","2":"type-product","3":"status-publish","4":"has-post-thumbnail","6":"product_cat-ceketler","7":"product_tag-blazer","8":"product_tag-kadin-modasi","9":"product_tag-ofis-kiyafeti","10":"pa_brand-tugba","11":"pa_color-siyah","12":"pa_size-4706","13":"pa_size-4711","14":"pa_size-4713","15":"pa_size-4751","16":"pa_size-4749","17":"pa_size-4747","19":"first","20":"instock","21":"sale","22":"shipping-taxable","23":"purchasable","24":"product-type-variable"},"_links":{"self":[{"href":"https:\/\/mod.wisdar.net\/tr\/wp-json\/wp\/v2\/product\/76765","targetHints":{"allow":["GET"]}}],"collection":[{"href":"https:\/\/mod.wisdar.net\/tr\/wp-json\/wp\/v2\/product"}],"about":[{"href":"https:\/\/mod.wisdar.net\/tr\/wp-json\/wp\/v2\/types\/product"}],"replies":[{"embeddable":true,"href":"https:\/\/mod.wisdar.net\/tr\/wp-json\/wp\/v2\/comments?post=76765"}],"wp:featuredmedia":[{"embeddable":true,"href":"https:\/\/mod.wisdar.net\/tr\/wp-json\/wp\/v2\/media\/76759"}],"wp:attachment":[{"href":"https:\/\/mod.wisdar.net\/tr\/wp-json\/wp\/v2\/media?parent=76765"}],"wp:term":[{"taxonomy":"product_brand","embeddable":true,"href":"https:\/\/mod.wisdar.net\/tr\/wp-json\/wp\/v2\/product_brand?post=76765"},{"taxonomy":"product_cat","embeddable":true,"href":"https:\/\/mod.wisdar.net\/tr\/wp-json\/wp\/v2\/product_cat?post=76765"},{"taxonomy":"product_tag","embeddable":true,"href":"https:\/\/mod.wisdar.net\/tr\/wp-json\/wp\/v2\/product_tag?post=76765"}],"curies":[{"name":"wp","href":"https:\/\/api.w.org\/{rel}","templated":true}]}}