{"id":76833,"date":"2026-01-21T17:16:52","date_gmt":"2026-01-21T17:16:52","guid":{"rendered":"https:\/\/modesthanim.com\/product\/kirma-detayli-bluz-kahve\/"},"modified":"2026-04-02T06:42:38","modified_gmt":"2026-04-02T06:42:38","slug":"kirma-detayli-bluz-kahve","status":"publish","type":"product","link":"https:\/\/mod.wisdar.net\/tr\/urun\/kirma-detayli-bluz-kahve\/","title":{"rendered":"K\u0131rma Detayl\u0131 Bluz \u2013 Kahve"},"content":{"rendered":"<p>K\u0131rma detaylar\u0131yla y\u00fczeyde incelikli bir hareket yaratan bu bluz, sade formunu heykelsi bir estetikle d\u00f6n\u00fc\u015ft\u00fcr\u00fcr. Ak\u0131c\u0131 silueti bedende do\u011fal bir zarafet olu\u015ftururken, kontroll\u00fc hacmi modern l\u00fcks anlay\u0131\u015f\u0131n\u0131 sessiz bir g\u00fc\u00e7le yans\u0131t\u0131r.<br \/>\nKuma\u015f \u0130\u00e7eri\u011fi: %100 Viskon<br \/>\nDesen: \u00c7i\u00e7ek Desen<br \/>\nYaka Tipi: Hakim Yaka<br \/>\nKol Tipi: Uzun Kol<br \/>\nCep: Cepsiz<br \/>\nAstar: Astarl\u0131<br \/>\n\u00dcr\u00fcn Boyu: 65 cm<br \/>\nKal\u0131p Tipi: Normal Kal\u0131p<br \/>\nManken \u00d6l\u00e7\u00fcleri:Boy: 173 cmG\u00f6\u011f\u00fcs: 83 cmBel: 61 cmBasen: 89 cm<br \/>\nMankenin Giydi\u011fi Beden: 38<\/p>\n<p>\u2014 Technical Details \u2014<br \/>\nDesen: \u00c7i\u00e7ek Desen<br \/>\nYaka Tipi: Hakim Yaka<br \/>\nKol Tipi: Uzun Kol<br \/>\nCep: Cepsiz<br \/>\nAstar: Astarl\u0131<br \/>\n\u00dcr\u00fcn Boyu: 65 cm<br \/>\nKal\u0131p Tipi: Normal Kal\u0131p<br \/>\nManken \u00d6l\u00e7\u00fcleri: Boy: 173 cm, G\u00f6\u011f\u00fcs: 83 cm, Bel: 61 cm, Basen: 89 cm<br \/>\nMankenin Giydi\u011fi Beden: 38<\/p>\n","protected":false},"excerpt":{"rendered":"<p>K\u0131rma detaylar\u0131yla y\u00fczeyde incelikli bir hareket yaratan bu bluz, sade formunu heykelsi bir estetikle d\u00f6n\u00fc\u015ft\u00fcr\u00fcr. Ak\u0131c\u0131 silueti bedende do\u011fal bir zarafet olu\u015ftururken, kontroll\u00fc hacmi modern l\u00fcks anlay\u0131\u015f\u0131n\u0131 sessiz bir g\u00fc\u00e7le yans\u0131t\u0131r. Kuma\u015f \u0130\u00e7eri\u011fi: %100 Viskon Desen: \u00c7i\u00e7ek Desen Yaka Tipi: Hakim Yaka Kol Tipi: Uzun Kol Cep: Cepsiz Astar: Astarl\u0131 \u00dcr\u00fcn Boyu: 65 cm Kal\u0131p [&hellip;]<\/p>\n","protected":false},"featured_media":76825,"comment_status":"open","ping_status":"closed","template":"","meta":[],"product_brand":[],"product_cat":[1909],"product_tag":[6744,6768],"class_list":{"0":"post-76833","1":"product","2":"type-product","3":"status-publish","4":"has-post-thumbnail","6":"product_cat-bluzlar-ve-gomlekler","7":"product_tag-kadin-modasi","8":"product_tag-uzun-kol","9":"pa_brand-tugba","10":"pa_color-kahve","11":"pa_size-4706","12":"pa_size-4711","13":"pa_size-4713","14":"pa_size-4751","15":"pa_size-4749","16":"pa_size-4747","17":"pa_size-4746","19":"first","20":"instock","21":"shipping-taxable","22":"purchasable","23":"product-type-variable"},"_links":{"self":[{"href":"https:\/\/mod.wisdar.net\/tr\/wp-json\/wp\/v2\/product\/76833","targetHints":{"allow":["GET"]}}],"collection":[{"href":"https:\/\/mod.wisdar.net\/tr\/wp-json\/wp\/v2\/product"}],"about":[{"href":"https:\/\/mod.wisdar.net\/tr\/wp-json\/wp\/v2\/types\/product"}],"replies":[{"embeddable":true,"href":"https:\/\/mod.wisdar.net\/tr\/wp-json\/wp\/v2\/comments?post=76833"}],"wp:featuredmedia":[{"embeddable":true,"href":"https:\/\/mod.wisdar.net\/tr\/wp-json\/wp\/v2\/media\/76825"}],"wp:attachment":[{"href":"https:\/\/mod.wisdar.net\/tr\/wp-json\/wp\/v2\/media?parent=76833"}],"wp:term":[{"taxonomy":"product_brand","embeddable":true,"href":"https:\/\/mod.wisdar.net\/tr\/wp-json\/wp\/v2\/product_brand?post=76833"},{"taxonomy":"product_cat","embeddable":true,"href":"https:\/\/mod.wisdar.net\/tr\/wp-json\/wp\/v2\/product_cat?post=76833"},{"taxonomy":"product_tag","embeddable":true,"href":"https:\/\/mod.wisdar.net\/tr\/wp-json\/wp\/v2\/product_tag?post=76833"}],"curies":[{"name":"wp","href":"https:\/\/api.w.org\/{rel}","templated":true}]}}