{"id":76848,"date":"2026-01-21T17:17:03","date_gmt":"2026-01-21T17:17:03","guid":{"rendered":"https:\/\/modesthanim.com\/product\/crash-dokulu-uzun-etek-kahve\/"},"modified":"2026-04-09T11:53:29","modified_gmt":"2026-04-09T11:53:29","slug":"crash-dokulu-uzun-etek-kahve","status":"publish","type":"product","link":"https:\/\/mod.wisdar.net\/tr\/urun\/crash-dokulu-uzun-etek-kahve\/","title":{"rendered":"Crash Dokulu Uzun Etek \u2013 Kahve"},"content":{"rendered":"<p>Crash dokusu ete\u011fe do\u011fal bir hareket kazand\u0131r\u0131rken, uzun formu sil\u00fceti zarif ve ak\u0131c\u0131 bir \u015fekilde tamamlar. Tok yap\u0131s\u0131 ve sade tasar\u0131m\u0131yla g\u00fcnl\u00fck kombinlerden daha \u00f6zenli stillere kolayca uyum sa\u011flar.<br \/>\nKuma\u015f \u0130\u00e7eri\u011fi: %100 Viskon<br \/>\nDesen: D\u00fcz<br \/>\nBel Tipi: Y\u00fcksek Bel<br \/>\nEtek Tipi: \u00c7an Etek<br \/>\nCep: Cepsiz<br \/>\nAstar: Astarl\u0131<br \/>\n\u00dcr\u00fcn Boyu: 92 cm<br \/>\nKal\u0131p Tipi: Normal Kal\u0131p<br \/>\nManken \u00d6l\u00e7\u00fcleri:Boy: 176 cmG\u00f6\u011f\u00fcs: 78 cmBel: 59 cmBasen: 88 cm<br \/>\nMankenin Giydi\u011fi Beden: 38<\/p>\n","protected":false},"excerpt":{"rendered":"<p>Crash dokusu ete\u011fe do\u011fal bir hareket kazand\u0131r\u0131rken, uzun formu sil\u00fceti zarif ve ak\u0131c\u0131 bir \u015fekilde tamamlar. Tok yap\u0131s\u0131 ve sade tasar\u0131m\u0131yla g\u00fcnl\u00fck kombinlerden daha \u00f6zenli stillere kolayca uyum sa\u011flar. Kuma\u015f \u0130\u00e7eri\u011fi: %100 Viskon Desen: D\u00fcz Bel Tipi: Y\u00fcksek Bel Etek Tipi: \u00c7an Etek Cep: Cepsiz Astar: Astarl\u0131 \u00dcr\u00fcn Boyu: 92 cm Kal\u0131p Tipi: Normal Kal\u0131p [&hellip;]<\/p>\n","protected":false},"featured_media":76828,"comment_status":"open","ping_status":"closed","template":"","meta":[],"product_brand":[],"product_cat":[1969],"product_tag":[6936,5012,8246,7144,7601,7650],"class_list":{"0":"post-76848","1":"product","2":"type-product","3":"status-publish","4":"has-post-thumbnail","6":"product_cat-etekler","7":"product_tag-cok-yonlu","8":"product_tag-elegant","9":"product_tag-kahverengi-etek","10":"product_tag-minimalist","11":"product_tag-uzun-etek","12":"product_tag-yuksek-bel-3","13":"pa_brand-tugba","14":"pa_color-kahve","15":"pa_size-4701","16":"pa_size-4706","17":"pa_size-4711","18":"pa_size-4713","19":"pa_size-4751","20":"pa_size-4749","22":"first","23":"instock","24":"sale","25":"shipping-taxable","26":"purchasable","27":"product-type-variable"},"_links":{"self":[{"href":"https:\/\/mod.wisdar.net\/tr\/wp-json\/wp\/v2\/product\/76848","targetHints":{"allow":["GET"]}}],"collection":[{"href":"https:\/\/mod.wisdar.net\/tr\/wp-json\/wp\/v2\/product"}],"about":[{"href":"https:\/\/mod.wisdar.net\/tr\/wp-json\/wp\/v2\/types\/product"}],"replies":[{"embeddable":true,"href":"https:\/\/mod.wisdar.net\/tr\/wp-json\/wp\/v2\/comments?post=76848"}],"wp:featuredmedia":[{"embeddable":true,"href":"https:\/\/mod.wisdar.net\/tr\/wp-json\/wp\/v2\/media\/76828"}],"wp:attachment":[{"href":"https:\/\/mod.wisdar.net\/tr\/wp-json\/wp\/v2\/media?parent=76848"}],"wp:term":[{"taxonomy":"product_brand","embeddable":true,"href":"https:\/\/mod.wisdar.net\/tr\/wp-json\/wp\/v2\/product_brand?post=76848"},{"taxonomy":"product_cat","embeddable":true,"href":"https:\/\/mod.wisdar.net\/tr\/wp-json\/wp\/v2\/product_cat?post=76848"},{"taxonomy":"product_tag","embeddable":true,"href":"https:\/\/mod.wisdar.net\/tr\/wp-json\/wp\/v2\/product_tag?post=76848"}],"curies":[{"name":"wp","href":"https:\/\/api.w.org\/{rel}","templated":true}]}}