{"id":76924,"date":"2026-01-21T17:18:25","date_gmt":"2026-01-21T17:18:25","guid":{"rendered":"https:\/\/modesthanim.com\/product\/desenli-etek-kahve\/"},"modified":"2026-03-22T03:41:37","modified_gmt":"2026-03-22T03:41:37","slug":"desenli-etek-kahve","status":"publish","type":"product","link":"https:\/\/mod.wisdar.net\/tr\/urun\/desenli-etek-kahve\/","title":{"rendered":"Desenli Etek \u2013 Kahve"},"content":{"rendered":"<p>Rahat kesimi sayesinde g\u00fcn boyu konfor sunar. G\u00fcnl\u00fck kullan\u0131mdan daha \u00f6zenli stillere kadar geni\u015f bir kullan\u0131m alan\u0131na sahip, kombinleri tamamlayan g\u00fc\u00e7l\u00fc bir par\u00e7ad\u0131r.<br \/>\nKuma\u015f \u0130\u00e7eri\u011fi: %100 Viskon<br \/>\nDesen: \u00c7i\u00e7ek Desen<br \/>\nBel Tipi: Y\u00fcksek Bel<br \/>\nEtek Tipi: Godet Etek<br \/>\nCep: Cepsiz<br \/>\nAstar: Astarl\u0131<br \/>\n\u00dcr\u00fcn Boyu: 97 cm<br \/>\nKal\u0131p Tipi: Normal Kal\u0131p<br \/>\nManken \u00d6l\u00e7\u00fcleri:Boy: 173 cmG\u00f6\u011f\u00fcs: 83 cmBel: 61 cmBasen: 89 cm<br \/>\nMankenin Giydi\u011fi Beden: 36<\/p>\n","protected":false},"excerpt":{"rendered":"<p>Rahat kesimi sayesinde g\u00fcn boyu konfor sunar. G\u00fcnl\u00fck kullan\u0131mdan daha \u00f6zenli stillere kadar geni\u015f bir kullan\u0131m alan\u0131na sahip, kombinleri tamamlayan g\u00fc\u00e7l\u00fc bir par\u00e7ad\u0131r. Kuma\u015f \u0130\u00e7eri\u011fi: %100 Viskon Desen: \u00c7i\u00e7ek Desen Bel Tipi: Y\u00fcksek Bel Etek Tipi: Godet Etek Cep: Cepsiz Astar: Astarl\u0131 \u00dcr\u00fcn Boyu: 97 cm Kal\u0131p Tipi: Normal Kal\u0131p Manken \u00d6l\u00e7\u00fcleri:Boy: 173 cmG\u00f6\u011f\u00fcs: 83 [&hellip;]<\/p>\n","protected":false},"featured_media":76911,"comment_status":"open","ping_status":"closed","template":"","meta":[],"product_brand":[],"product_cat":[1969],"product_tag":[6770,7225,7650],"class_list":{"0":"post-76924","1":"product","2":"type-product","3":"status-publish","4":"has-post-thumbnail","6":"product_cat-etekler","7":"product_tag-gunluk-giyim","8":"product_tag-kahve-kahverengi","9":"product_tag-yuksek-bel-3","10":"pa_color-kahve","11":"pa_size-4701","12":"pa_size-4706","13":"pa_size-4711","14":"pa_size-4713","15":"pa_size-4751","16":"pa_size-4749","18":"first","19":"outofstock","20":"shipping-taxable","21":"product-type-variable"},"_links":{"self":[{"href":"https:\/\/mod.wisdar.net\/tr\/wp-json\/wp\/v2\/product\/76924","targetHints":{"allow":["GET"]}}],"collection":[{"href":"https:\/\/mod.wisdar.net\/tr\/wp-json\/wp\/v2\/product"}],"about":[{"href":"https:\/\/mod.wisdar.net\/tr\/wp-json\/wp\/v2\/types\/product"}],"replies":[{"embeddable":true,"href":"https:\/\/mod.wisdar.net\/tr\/wp-json\/wp\/v2\/comments?post=76924"}],"wp:featuredmedia":[{"embeddable":true,"href":"https:\/\/mod.wisdar.net\/tr\/wp-json\/wp\/v2\/media\/76911"}],"wp:attachment":[{"href":"https:\/\/mod.wisdar.net\/tr\/wp-json\/wp\/v2\/media?parent=76924"}],"wp:term":[{"taxonomy":"product_brand","embeddable":true,"href":"https:\/\/mod.wisdar.net\/tr\/wp-json\/wp\/v2\/product_brand?post=76924"},{"taxonomy":"product_cat","embeddable":true,"href":"https:\/\/mod.wisdar.net\/tr\/wp-json\/wp\/v2\/product_cat?post=76924"},{"taxonomy":"product_tag","embeddable":true,"href":"https:\/\/mod.wisdar.net\/tr\/wp-json\/wp\/v2\/product_tag?post=76924"}],"curies":[{"name":"wp","href":"https:\/\/api.w.org\/{rel}","templated":true}]}}