{"id":77028,"date":"2026-01-21T17:20:17","date_gmt":"2026-01-21T17:20:17","guid":{"rendered":"https:\/\/modesthanim.com\/product\/v-yaka-blazer-ceket-bej\/"},"modified":"2026-04-09T11:52:41","modified_gmt":"2026-04-09T11:52:41","slug":"v-yaka-blazer-ceket-bej","status":"publish","type":"product","link":"https:\/\/mod.wisdar.net\/tr\/urun\/v-yaka-blazer-ceket-bej\/","title":{"rendered":"V Yaka Blazer Ceket \u2013 Bej"},"content":{"rendered":"<p>V Yaka Blazer Ceket, net kesimi ve dengeli formuyla \u00fcst bedende zarif bir duru\u015f sunar.<br \/>\nKuma\u015f \u0130\u00e7eri\u011fi: %60 Polyester, %26 Viskon, %10 Y\u00fcn, %4 Elastan<br \/>\nDesen: D\u00fcz<br \/>\nYaka Tipi: V Yaka<br \/>\nKol Tipi: Uzun Kol<br \/>\nCep: Cepsiz<br \/>\nAstar: Astarl\u0131<br \/>\n\u00dcr\u00fcn Boyu: 75 cm<br \/>\nKal\u0131p Tipi: Normal Kal\u0131p<br \/>\nManken \u00d6l\u00e7\u00fcleri:Boy: 176 cmG\u00f6\u011f\u00fcs: 78 cmBel: 59 cmBasen: 88 cm<br \/>\nMankenin Giydi\u011fi Beden: 38<\/p>\n","protected":false},"excerpt":{"rendered":"<p>V Yaka Blazer Ceket, net kesimi ve dengeli formuyla \u00fcst bedende zarif bir duru\u015f sunar. Kuma\u015f \u0130\u00e7eri\u011fi: %60 Polyester, %26 Viskon, %10 Y\u00fcn, %4 Elastan Desen: D\u00fcz Yaka Tipi: V Yaka Kol Tipi: Uzun Kol Cep: Cepsiz Astar: Astarl\u0131 \u00dcr\u00fcn Boyu: 75 cm Kal\u0131p Tipi: Normal Kal\u0131p Manken \u00d6l\u00e7\u00fcleri:Boy: 176 cmG\u00f6\u011f\u00fcs: 78 cmBel: 59 cmBasen: [&hellip;]<\/p>\n","protected":false},"featured_media":77014,"comment_status":"open","ping_status":"closed","template":"","meta":[],"product_brand":[],"product_cat":[2044],"product_tag":[6753,7943,5012,6754,4999],"class_list":{"0":"post-77028","1":"product","2":"type-product","3":"status-publish","4":"has-post-thumbnail","6":"product_cat-ceketler","7":"product_tag-bej","8":"product_tag-blazer","9":"product_tag-elegant","10":"product_tag-ofis-kiyafeti","11":"product_tag-outerwear","12":"pa_brand-tugba","13":"pa_color-bej","14":"pa_size-4706","15":"pa_size-4711","16":"pa_size-4713","17":"pa_size-4751","18":"pa_size-4749","19":"pa_size-4747","21":"first","22":"instock","23":"sale","24":"shipping-taxable","25":"purchasable","26":"product-type-variable"},"_links":{"self":[{"href":"https:\/\/mod.wisdar.net\/tr\/wp-json\/wp\/v2\/product\/77028","targetHints":{"allow":["GET"]}}],"collection":[{"href":"https:\/\/mod.wisdar.net\/tr\/wp-json\/wp\/v2\/product"}],"about":[{"href":"https:\/\/mod.wisdar.net\/tr\/wp-json\/wp\/v2\/types\/product"}],"replies":[{"embeddable":true,"href":"https:\/\/mod.wisdar.net\/tr\/wp-json\/wp\/v2\/comments?post=77028"}],"wp:featuredmedia":[{"embeddable":true,"href":"https:\/\/mod.wisdar.net\/tr\/wp-json\/wp\/v2\/media\/77014"}],"wp:attachment":[{"href":"https:\/\/mod.wisdar.net\/tr\/wp-json\/wp\/v2\/media?parent=77028"}],"wp:term":[{"taxonomy":"product_brand","embeddable":true,"href":"https:\/\/mod.wisdar.net\/tr\/wp-json\/wp\/v2\/product_brand?post=77028"},{"taxonomy":"product_cat","embeddable":true,"href":"https:\/\/mod.wisdar.net\/tr\/wp-json\/wp\/v2\/product_cat?post=77028"},{"taxonomy":"product_tag","embeddable":true,"href":"https:\/\/mod.wisdar.net\/tr\/wp-json\/wp\/v2\/product_tag?post=77028"}],"curies":[{"name":"wp","href":"https:\/\/api.w.org\/{rel}","templated":true}]}}