{"id":7706,"date":"2025-11-07T20:16:06","date_gmt":"2025-11-01T19:55:46","guid":{"rendered":"https:\/\/modesthanim.com\/product\/aleyna-atalar-secimi-haki-trenckot\/"},"modified":"2026-04-03T14:57:40","modified_gmt":"2026-04-03T14:57:40","slug":"aleyna-atalar-secimi-haki-trenckot","status":"publish","type":"product","link":"https:\/\/mod.wisdar.net\/tr\/urun\/aleyna-atalar-secimi-haki-trenckot\/","title":{"rendered":"ALEYNA ATALAR SE\u00c7\u0130M\u0130 HAK\u0130 TREN\u00c7KOT"},"content":{"rendered":"<p>\u00d6ZEL TASARIM %100 SU GE\u00c7\u0130RMEZ KUMA\u015e TREN\u00c7KOT. KU\u015eA\u011eI KEND\u0130NDEN D\u00dc\u011eME DETAYLI OLUP HEM KU\u015eAK HEM KEMER OLARAK KULLANILAB\u0130L\u0130R FONKS\u0130YONELD\u0130R. REGLAN KOL KALIPTIR. \u0130\u00c7\u0130 FULL ASTARLIDIR. DI\u015e KUMA\u015eI %100 PAMUK. \u0130\u00c7 ASTARI %100 POLY. 1 BEDEN :36-38, 2 BEDEN: 38-40, 3 BEDEN:40-42, 4 BEDEN : 44-46. \u00dcR\u00dcN \u00d6ZELL\u0130KLER\u0130 1 BEDEN \u0130\u00c7\u0130N; G\u00d6\u011e\u00dcS 42 CM, BEL 41 CM, BASEN 50 CM, \u00dcR\u00dcN BOYU 117 CM. MANKEN \u00dcZER\u0130NDE K\u0130 BEDEN 1<\/p>\n","protected":false},"excerpt":{"rendered":"<p>\u00d6ZEL TASARIM %100 SU GE\u00c7\u0130RMEZ KUMA\u015e TREN\u00c7KOT. KU\u015eA\u011eI KEND\u0130NDEN D\u00dc\u011eME DETAYLI OLUP HEM KU\u015eAK HEM KEMER OLARAK KULLANILAB\u0130L\u0130R FONKS\u0130YONELD\u0130R. REGLAN KOL KALIPTIR. \u0130\u00c7\u0130 FULL ASTARLIDIR. DI\u015e KUMA\u015eI %100 PAMUK. \u0130\u00c7 ASTARI %100 POLY. 1 BEDEN :36-38, 2 BEDEN: 38-40, 3 BEDEN:40-42, 4 BEDEN : 44-46. \u00dcR\u00dcN \u00d6ZELL\u0130KLER\u0130 1 BEDEN \u0130\u00c7\u0130N; G\u00d6\u011e\u00dcS 42 CM, BEL 41 [&hellip;]<\/p>\n","protected":false},"featured_media":51942,"comment_status":"open","ping_status":"closed","template":"","meta":[],"product_brand":[],"product_cat":[2047],"product_tag":[],"class_list":{"0":"post-7706","1":"product","2":"type-product","3":"status-publish","4":"has-post-thumbnail","6":"product_cat-paltolar","7":"pa_brand-nurkalay","8":"pa_color-haki","9":"pa_size-4446","10":"pa_size-4463","11":"pa_size-4680","12":"pa_size-36-38","13":"pa_size-38-40-2","14":"pa_size-4694","15":"pa_size-40-42","16":"pa_size-44-46","18":"first","19":"instock","20":"sale","21":"shipping-taxable","22":"purchasable","23":"product-type-variable"},"_links":{"self":[{"href":"https:\/\/mod.wisdar.net\/tr\/wp-json\/wp\/v2\/product\/7706","targetHints":{"allow":["GET"]}}],"collection":[{"href":"https:\/\/mod.wisdar.net\/tr\/wp-json\/wp\/v2\/product"}],"about":[{"href":"https:\/\/mod.wisdar.net\/tr\/wp-json\/wp\/v2\/types\/product"}],"replies":[{"embeddable":true,"href":"https:\/\/mod.wisdar.net\/tr\/wp-json\/wp\/v2\/comments?post=7706"}],"wp:featuredmedia":[{"embeddable":true,"href":"https:\/\/mod.wisdar.net\/tr\/wp-json\/wp\/v2\/media\/51942"}],"wp:attachment":[{"href":"https:\/\/mod.wisdar.net\/tr\/wp-json\/wp\/v2\/media?parent=7706"}],"wp:term":[{"taxonomy":"product_brand","embeddable":true,"href":"https:\/\/mod.wisdar.net\/tr\/wp-json\/wp\/v2\/product_brand?post=7706"},{"taxonomy":"product_cat","embeddable":true,"href":"https:\/\/mod.wisdar.net\/tr\/wp-json\/wp\/v2\/product_cat?post=7706"},{"taxonomy":"product_tag","embeddable":true,"href":"https:\/\/mod.wisdar.net\/tr\/wp-json\/wp\/v2\/product_tag?post=7706"}],"curies":[{"name":"wp","href":"https:\/\/api.w.org\/{rel}","templated":true}]}}