{"id":77142,"date":"2026-01-22T20:25:35","date_gmt":"2026-01-22T20:25:35","guid":{"rendered":"https:\/\/modesthanim.com\/product\/kemik-tokali-trenckot-kum-2\/"},"modified":"2026-01-22T20:25:50","modified_gmt":"2026-01-22T20:25:50","slug":"kemik-tokali-trenckot-kum-2","status":"publish","type":"product","link":"https:\/\/mod.wisdar.net\/tr\/urun\/kemik-tokali-trenckot-kum-2\/","title":{"rendered":"Kemik Tokal\u0131 Tren\u00e7kot Kum"},"content":{"rendered":"<p>Beden Yard\u0131m Rehberi <\/p>\n<p>BEDEN KILAVUZU<\/p>\n<p>\u00d6l\u00e7\u00fcler\tS\tM\tL<br \/>\nBoy\t133 cm\t135 cm\t137 cm<br \/>\nG\u00f6\u011f\u00fcs \u00c7evresi\t116 cm\t120 cm\t124 cm<br \/>\nKol Boyu\t76 cm\t76.5 cm\t77 cm<\/p>\n<p>Seyyar kemeri mevcuttur. Astarl\u0131 ve ceplidir.<\/p>\n","protected":false},"excerpt":{"rendered":"<p>Beden Yard\u0131m Rehberi BEDEN KILAVUZU \u00d6l\u00e7\u00fcler S M L Boy 133 cm 135 cm 137 cm G\u00f6\u011f\u00fcs \u00c7evresi 116 cm 120 cm 124 cm Kol Boyu 76 cm 76.5 cm 77 cm Seyyar kemeri mevcuttur. Astarl\u0131 ve ceplidir.<\/p>\n","protected":false},"featured_media":77134,"comment_status":"open","ping_status":"closed","template":"","meta":[],"product_brand":[],"product_cat":[2047],"product_tag":[],"class_list":{"0":"post-77142","1":"product","2":"type-product","3":"status-publish","4":"has-post-thumbnail","6":"product_cat-paltolar","7":"pa_brand-minik-terzi","8":"pa_color-kum","9":"pa_size-l","10":"pa_size-m","11":"pa_size-s","13":"first","14":"instock","15":"sale","16":"shipping-taxable","17":"purchasable","18":"product-type-variable"},"_links":{"self":[{"href":"https:\/\/mod.wisdar.net\/tr\/wp-json\/wp\/v2\/product\/77142","targetHints":{"allow":["GET"]}}],"collection":[{"href":"https:\/\/mod.wisdar.net\/tr\/wp-json\/wp\/v2\/product"}],"about":[{"href":"https:\/\/mod.wisdar.net\/tr\/wp-json\/wp\/v2\/types\/product"}],"replies":[{"embeddable":true,"href":"https:\/\/mod.wisdar.net\/tr\/wp-json\/wp\/v2\/comments?post=77142"}],"wp:featuredmedia":[{"embeddable":true,"href":"https:\/\/mod.wisdar.net\/tr\/wp-json\/wp\/v2\/media\/77134"}],"wp:attachment":[{"href":"https:\/\/mod.wisdar.net\/tr\/wp-json\/wp\/v2\/media?parent=77142"}],"wp:term":[{"taxonomy":"product_brand","embeddable":true,"href":"https:\/\/mod.wisdar.net\/tr\/wp-json\/wp\/v2\/product_brand?post=77142"},{"taxonomy":"product_cat","embeddable":true,"href":"https:\/\/mod.wisdar.net\/tr\/wp-json\/wp\/v2\/product_cat?post=77142"},{"taxonomy":"product_tag","embeddable":true,"href":"https:\/\/mod.wisdar.net\/tr\/wp-json\/wp\/v2\/product_tag?post=77142"}],"curies":[{"name":"wp","href":"https:\/\/api.w.org\/{rel}","templated":true}]}}