{"id":77268,"date":"2026-01-22T20:37:52","date_gmt":"2026-01-22T20:37:52","guid":{"rendered":"https:\/\/modesthanim.com\/product\/kadin-yuksek-bel-genis-paca-kumas-pantolon-18289pnt-black\/"},"modified":"2026-04-02T20:55:24","modified_gmt":"2026-04-02T20:55:24","slug":"kadin-yuksek-bel-genis-paca-kumas-pantolon-18289pnt-black","status":"publish","type":"product","link":"https:\/\/mod.wisdar.net\/tr\/urun\/kadin-yuksek-bel-genis-paca-kumas-pantolon-18289pnt-black\/","title":{"rendered":"Kad\u0131n Y\u00fcksek Bel Geni\u015f Pa\u00e7a Kuma\u015f Pantolon -18289PNT \u2013 BLACK"},"content":{"rendered":"<p>A\u00e7\u0131klama : Y\u00fcksek bel tasar\u0131m\u0131yla beli toparlayan bu geni\u015f pa\u00e7a kuma\u015f pantolon, konforlu ve \u015f\u0131k bir kullan\u0131m sunar. Ak\u0131c\u0131 kuma\u015f yap\u0131s\u0131 g\u00fcn boyu rahat hareket imk\u00e2n\u0131 sa\u011flarken, geni\u015f pa\u00e7a kesimi modern ve zarif bir siluet olu\u015fturur. G\u00fcnl\u00fck kombinlerden ofis stiline kadar bir\u00e7ok farkl\u0131 kullan\u0131m i\u00e7in ideal, zamans\u0131z bir par\u00e7ad\u0131r.<\/p>\n<p>\u2014 Technical Details \u2014<br \/>\nKuma\u015f: Dokuma<br \/>\nBoy: Uzun<br \/>\nKal\u0131p: Regular<br \/>\nBel: Y\u00fcksel Bel<br \/>\nYa\u015f Grubu: Yeti\u015fkin<br \/>\nDesen: D\u00fcz<br \/>\nKuma\u015f \u0130\u00e7eri\u011fi: 100% POLYESTER<\/p>\n","protected":false},"excerpt":{"rendered":"<p>A\u00e7\u0131klama : Y\u00fcksek bel tasar\u0131m\u0131yla beli toparlayan bu geni\u015f pa\u00e7a kuma\u015f pantolon, konforlu ve \u015f\u0131k bir kullan\u0131m sunar. Ak\u0131c\u0131 kuma\u015f yap\u0131s\u0131 g\u00fcn boyu rahat hareket imk\u00e2n\u0131 sa\u011flarken, geni\u015f pa\u00e7a kesimi modern ve zarif bir siluet olu\u015fturur. G\u00fcnl\u00fck kombinlerden ofis stiline kadar bir\u00e7ok farkl\u0131 kullan\u0131m i\u00e7in ideal, zamans\u0131z bir par\u00e7ad\u0131r. \u2014 Technical Details \u2014 Kuma\u015f: Dokuma [&hellip;]<\/p>\n","protected":false},"featured_media":77255,"comment_status":"open","ping_status":"closed","template":"","meta":[],"product_brand":[],"product_cat":[1882],"product_tag":[6727,7729,6744,7860],"class_list":{"0":"post-77268","1":"product","2":"type-product","3":"status-publish","4":"has-post-thumbnail","6":"product_cat-alt-giyim","7":"product_tag-25w-18289pnt","8":"product_tag-bol-paca-pantolon","9":"product_tag-kadin-modasi","10":"product_tag-siyah-pantolon-2","11":"pa_brand-puane","12":"pa_color-siyah","13":"pa_size-l","14":"pa_size-m","15":"pa_size-s","16":"pa_size-xl","18":"first","19":"outofstock","20":"shipping-taxable","21":"product-type-variable"},"_links":{"self":[{"href":"https:\/\/mod.wisdar.net\/tr\/wp-json\/wp\/v2\/product\/77268","targetHints":{"allow":["GET"]}}],"collection":[{"href":"https:\/\/mod.wisdar.net\/tr\/wp-json\/wp\/v2\/product"}],"about":[{"href":"https:\/\/mod.wisdar.net\/tr\/wp-json\/wp\/v2\/types\/product"}],"replies":[{"embeddable":true,"href":"https:\/\/mod.wisdar.net\/tr\/wp-json\/wp\/v2\/comments?post=77268"}],"wp:featuredmedia":[{"embeddable":true,"href":"https:\/\/mod.wisdar.net\/tr\/wp-json\/wp\/v2\/media\/77255"}],"wp:attachment":[{"href":"https:\/\/mod.wisdar.net\/tr\/wp-json\/wp\/v2\/media?parent=77268"}],"wp:term":[{"taxonomy":"product_brand","embeddable":true,"href":"https:\/\/mod.wisdar.net\/tr\/wp-json\/wp\/v2\/product_brand?post=77268"},{"taxonomy":"product_cat","embeddable":true,"href":"https:\/\/mod.wisdar.net\/tr\/wp-json\/wp\/v2\/product_cat?post=77268"},{"taxonomy":"product_tag","embeddable":true,"href":"https:\/\/mod.wisdar.net\/tr\/wp-json\/wp\/v2\/product_tag?post=77268"}],"curies":[{"name":"wp","href":"https:\/\/api.w.org\/{rel}","templated":true}]}}