{"id":77281,"date":"2026-01-22T20:38:09","date_gmt":"2026-01-22T20:38:09","guid":{"rendered":"https:\/\/modesthanim.com\/product\/kadin-fermuarli-gomlek-yaka-belden-kemerli-uzun-elbise-12667-antracite\/"},"modified":"2026-04-02T22:09:37","modified_gmt":"2026-04-02T22:09:37","slug":"kadin-fermuarli-gomlek-yaka-belden-kemerli-uzun-elbise-12667-antracite","status":"publish","type":"product","link":"https:\/\/mod.wisdar.net\/tr\/urun\/kadin-fermuarli-gomlek-yaka-belden-kemerli-uzun-elbise-12667-antracite\/","title":{"rendered":"Kad\u0131n Fermuarl\u0131 G\u00f6mlek Yaka Belden Kemerli Uzun Elbise-12667 \u2013 ANTRACITE"},"content":{"rendered":"<p>A\u00e7\u0131klama : Zamans\u0131z tasar\u0131m\u0131 ve fonksiyonel detaylar\u0131yla \u00f6ne \u00e7\u0131kan fermuarl\u0131 g\u00f6mlek yaka uzun elbise, \u015f\u0131k ve rahat bir stil sunar. \u00d6n boydan fermuar detay\u0131 modern bir g\u00f6r\u00fcn\u00fcm kazand\u0131r\u0131rken, bel k\u0131sm\u0131ndaki kemer detay\u0131 v\u00fccuda uyumlu ve zarif bir siluet olu\u015fturur. G\u00f6mlek yaka ve uzun kollu tasar\u0131m\u0131 klasik \u015f\u0131kl\u0131\u011f\u0131 destekler. Maxi boy kesimi sayesinde konforlu bir kullan\u0131m sunan bu elbise, g\u00fcnl\u00fck hayattan \u00f6zel davetlere kadar geni\u015f bir kullan\u0131m alan\u0131na sahiptir. Tesett\u00fcr giyime uygun yap\u0131s\u0131 ile farkl\u0131 ayakkab\u0131 ve aksesuarlarla kolayca kombinlenebilir<\/p>\n<p>\u2014 Technical Details \u2014<br \/>\nKuma\u015f: Dokuma<br \/>\nBoy: Uzun<br \/>\nKal\u0131p: Regular<br \/>\nBel: Ku\u015fakl\u0131<br \/>\nYa\u015f Grubu: Gen\u00e7<br \/>\nKuma\u015f \u0130\u00e7eri\u011fi: 93% MODAL 7% POLYESTER<\/p>\n","protected":false},"excerpt":{"rendered":"<p>A\u00e7\u0131klama : Zamans\u0131z tasar\u0131m\u0131 ve fonksiyonel detaylar\u0131yla \u00f6ne \u00e7\u0131kan fermuarl\u0131 g\u00f6mlek yaka uzun elbise, \u015f\u0131k ve rahat bir stil sunar. \u00d6n boydan fermuar detay\u0131 modern bir g\u00f6r\u00fcn\u00fcm kazand\u0131r\u0131rken, bel k\u0131sm\u0131ndaki kemer detay\u0131 v\u00fccuda uyumlu ve zarif bir siluet olu\u015fturur. G\u00f6mlek yaka ve uzun kollu tasar\u0131m\u0131 klasik \u015f\u0131kl\u0131\u011f\u0131 destekler. Maxi boy kesimi sayesinde konforlu bir kullan\u0131m [&hellip;]<\/p>\n","protected":false},"featured_media":77279,"comment_status":"open","ping_status":"closed","template":"","meta":[],"product_brand":[],"product_cat":[6249,1933],"product_tag":[6322,6327],"class_list":{"0":"post-77281","1":"product","2":"type-product","3":"status-publish","4":"has-post-thumbnail","6":"product_cat-elbiseler","7":"product_cat-gunluk-ve-gunduz-elbiseleri","8":"product_tag-26s-12667elb","9":"product_tag-womens-zippered-shirt-collar-waist-belted-long-dress-12667-anthracite","10":"pa_brand-puane","11":"pa_color-antracite","12":"pa_size-l","13":"pa_size-m","14":"pa_size-s","15":"pa_size-xl","17":"first","18":"outofstock","19":"sale","20":"shipping-taxable","21":"purchasable","22":"product-type-variable"},"_links":{"self":[{"href":"https:\/\/mod.wisdar.net\/tr\/wp-json\/wp\/v2\/product\/77281","targetHints":{"allow":["GET"]}}],"collection":[{"href":"https:\/\/mod.wisdar.net\/tr\/wp-json\/wp\/v2\/product"}],"about":[{"href":"https:\/\/mod.wisdar.net\/tr\/wp-json\/wp\/v2\/types\/product"}],"replies":[{"embeddable":true,"href":"https:\/\/mod.wisdar.net\/tr\/wp-json\/wp\/v2\/comments?post=77281"}],"wp:featuredmedia":[{"embeddable":true,"href":"https:\/\/mod.wisdar.net\/tr\/wp-json\/wp\/v2\/media\/77279"}],"wp:attachment":[{"href":"https:\/\/mod.wisdar.net\/tr\/wp-json\/wp\/v2\/media?parent=77281"}],"wp:term":[{"taxonomy":"product_brand","embeddable":true,"href":"https:\/\/mod.wisdar.net\/tr\/wp-json\/wp\/v2\/product_brand?post=77281"},{"taxonomy":"product_cat","embeddable":true,"href":"https:\/\/mod.wisdar.net\/tr\/wp-json\/wp\/v2\/product_cat?post=77281"},{"taxonomy":"product_tag","embeddable":true,"href":"https:\/\/mod.wisdar.net\/tr\/wp-json\/wp\/v2\/product_tag?post=77281"}],"curies":[{"name":"wp","href":"https:\/\/api.w.org\/{rel}","templated":true}]}}