{"id":77404,"date":"2026-01-22T20:53:04","date_gmt":"2026-01-22T20:53:04","guid":{"rendered":"https:\/\/modesthanim.com\/product\/dokumlu-palazzo-pantolon-gri\/"},"modified":"2026-04-02T05:41:53","modified_gmt":"2026-04-02T05:41:53","slug":"dokumlu-palazzo-pantolon-gri","status":"publish","type":"product","link":"https:\/\/mod.wisdar.net\/tr\/urun\/dokumlu-palazzo-pantolon-gri\/","title":{"rendered":"D\u00f6k\u00fcml\u00fc Palazzo Pantolon Gri"},"content":{"rendered":"<p>Dokuma kuma\u015ftan, y\u00fcksek bel, \u00f6n cepli, pileli, \u00f6n\u00fc fermuar ve d\u00fc\u011fme kapamal\u0131 pantolon.<\/p>\n<p>36BEDEN Uzunluk 107 cm, Basen:46 cm, Bel:35 cm.<\/p>\n<p>38 BEDEN Uzunluk:107 cm, Basen:48 cm,Bel:37 cm.<\/p>\n<p>40 BEDEN Uzunluk:108 cm, Basen:50 cm, Bel:39 cm.<\/p>\n<p>42 BEDEN Uzunluk:108 cm, Basen:52 cm, Bel:41 cm.<\/p>\n","protected":false},"excerpt":{"rendered":"<p>Dokuma kuma\u015ftan, y\u00fcksek bel, \u00f6n cepli, pileli, \u00f6n\u00fc fermuar ve d\u00fc\u011fme kapamal\u0131 pantolon. 36BEDEN Uzunluk 107 cm, Basen:46 cm, Bel:35 cm. 38 BEDEN Uzunluk:107 cm, Basen:48 cm,Bel:37 cm. 40 BEDEN Uzunluk:108 cm, Basen:50 cm, Bel:39 cm. 42 BEDEN Uzunluk:108 cm, Basen:52 cm, Bel:41 cm.<\/p>\n","protected":false},"featured_media":77400,"comment_status":"open","ping_status":"closed","template":"","meta":[],"product_brand":[],"product_cat":[1882],"product_tag":[8210,6749],"class_list":{"0":"post-77404","1":"product","2":"type-product","3":"status-publish","4":"has-post-thumbnail","6":"product_cat-alt-giyim","7":"product_tag-aw26","8":"product_tag-pantolon","9":"pa_brand-fahhar","10":"pa_color-gri","11":"pa_size-4701","12":"pa_size-4706","13":"pa_size-4711","14":"pa_size-4713","16":"first","17":"instock","18":"shipping-taxable","19":"purchasable","20":"product-type-variable"},"_links":{"self":[{"href":"https:\/\/mod.wisdar.net\/tr\/wp-json\/wp\/v2\/product\/77404","targetHints":{"allow":["GET"]}}],"collection":[{"href":"https:\/\/mod.wisdar.net\/tr\/wp-json\/wp\/v2\/product"}],"about":[{"href":"https:\/\/mod.wisdar.net\/tr\/wp-json\/wp\/v2\/types\/product"}],"replies":[{"embeddable":true,"href":"https:\/\/mod.wisdar.net\/tr\/wp-json\/wp\/v2\/comments?post=77404"}],"wp:featuredmedia":[{"embeddable":true,"href":"https:\/\/mod.wisdar.net\/tr\/wp-json\/wp\/v2\/media\/77400"}],"wp:attachment":[{"href":"https:\/\/mod.wisdar.net\/tr\/wp-json\/wp\/v2\/media?parent=77404"}],"wp:term":[{"taxonomy":"product_brand","embeddable":true,"href":"https:\/\/mod.wisdar.net\/tr\/wp-json\/wp\/v2\/product_brand?post=77404"},{"taxonomy":"product_cat","embeddable":true,"href":"https:\/\/mod.wisdar.net\/tr\/wp-json\/wp\/v2\/product_cat?post=77404"},{"taxonomy":"product_tag","embeddable":true,"href":"https:\/\/mod.wisdar.net\/tr\/wp-json\/wp\/v2\/product_tag?post=77404"}],"curies":[{"name":"wp","href":"https:\/\/api.w.org\/{rel}","templated":true}]}}