{"id":77425,"date":"2026-01-22T20:53:12","date_gmt":"2026-01-22T20:53:12","guid":{"rendered":"https:\/\/modesthanim.com\/product\/dokumlu-palazzo-pantolon-siyah\/"},"modified":"2026-04-02T21:08:19","modified_gmt":"2026-04-02T21:08:19","slug":"dokumlu-palazzo-pantolon-siyah","status":"publish","type":"product","link":"https:\/\/mod.wisdar.net\/tr\/urun\/dokumlu-palazzo-pantolon-siyah\/","title":{"rendered":"D\u00f6k\u00fcml\u00fc Palazzo Pantolon Siyah"},"content":{"rendered":"<p>Dokuma kuma\u015ftan, y\u00fcksek bel, \u00f6n cepli, pileli, \u00f6n\u00fc fermuar ve d\u00fc\u011fme kapamal\u0131 pantolon.<\/p>\n<p>36BEDEN Uzunluk 107 cm, Basen:46 cm, Bel:35 cm.<\/p>\n<p>38 BEDEN Uzunluk:107 cm, Basen:48 cm,Bel:37 cm.<\/p>\n<p>40 BEDEN Uzunluk:108 cm, Basen:50 cm, Bel:39 cm.<\/p>\n<p>42 BEDEN Uzunluk:108 cm, Basen:52 cm, Bel:41 cm.<\/p>\n","protected":false},"excerpt":{"rendered":"<p>Dokuma kuma\u015ftan, y\u00fcksek bel, \u00f6n cepli, pileli, \u00f6n\u00fc fermuar ve d\u00fc\u011fme kapamal\u0131 pantolon. 36BEDEN Uzunluk 107 cm, Basen:46 cm, Bel:35 cm. 38 BEDEN Uzunluk:107 cm, Basen:48 cm,Bel:37 cm. 40 BEDEN Uzunluk:108 cm, Basen:50 cm, Bel:39 cm. 42 BEDEN Uzunluk:108 cm, Basen:52 cm, Bel:41 cm.<\/p>\n","protected":false},"featured_media":77410,"comment_status":"open","ping_status":"closed","template":"","meta":[],"product_brand":[],"product_cat":[1882],"product_tag":[6744,8443,7860,8031],"class_list":{"0":"post-77425","1":"product","2":"type-product","3":"status-publish","4":"has-post-thumbnail","6":"product_cat-alt-giyim","7":"product_tag-kadin-modasi","8":"product_tag-palazzo-pantolon","9":"product_tag-siyah-pantolon-2","10":"product_tag-yuksek-bel-pantolon","11":"pa_brand-fahhar","12":"pa_color-siyah","13":"pa_size-4701","14":"pa_size-4706","15":"pa_size-4711","16":"pa_size-4713","18":"first","19":"outofstock","20":"shipping-taxable","21":"product-type-variable"},"_links":{"self":[{"href":"https:\/\/mod.wisdar.net\/tr\/wp-json\/wp\/v2\/product\/77425","targetHints":{"allow":["GET"]}}],"collection":[{"href":"https:\/\/mod.wisdar.net\/tr\/wp-json\/wp\/v2\/product"}],"about":[{"href":"https:\/\/mod.wisdar.net\/tr\/wp-json\/wp\/v2\/types\/product"}],"replies":[{"embeddable":true,"href":"https:\/\/mod.wisdar.net\/tr\/wp-json\/wp\/v2\/comments?post=77425"}],"wp:featuredmedia":[{"embeddable":true,"href":"https:\/\/mod.wisdar.net\/tr\/wp-json\/wp\/v2\/media\/77410"}],"wp:attachment":[{"href":"https:\/\/mod.wisdar.net\/tr\/wp-json\/wp\/v2\/media?parent=77425"}],"wp:term":[{"taxonomy":"product_brand","embeddable":true,"href":"https:\/\/mod.wisdar.net\/tr\/wp-json\/wp\/v2\/product_brand?post=77425"},{"taxonomy":"product_cat","embeddable":true,"href":"https:\/\/mod.wisdar.net\/tr\/wp-json\/wp\/v2\/product_cat?post=77425"},{"taxonomy":"product_tag","embeddable":true,"href":"https:\/\/mod.wisdar.net\/tr\/wp-json\/wp\/v2\/product_tag?post=77425"}],"curies":[{"name":"wp","href":"https:\/\/api.w.org\/{rel}","templated":true}]}}