{"id":77495,"date":"2026-01-22T20:53:42","date_gmt":"2026-01-22T20:53:42","guid":{"rendered":"https:\/\/modesthanim.com\/product\/pilise-etek-gri\/"},"modified":"2026-04-02T20:11:24","modified_gmt":"2026-04-02T20:11:24","slug":"pilise-etek-gri","status":"publish","type":"product","link":"https:\/\/mod.wisdar.net\/tr\/urun\/pilise-etek-gri\/","title":{"rendered":"Pilise Etek Gri"},"content":{"rendered":"<p>Polyviscone dokuma kuma\u015ftan \u00fcretilmi\u015f, kemer arkas\u0131 lastikli, k\u00f6pr\u00fcl\u00fc tasar\u0131m\u0131yla dikkat \u00e7eken maxi boy etek<\/p>\n<p>\u00dcr\u00fcn \u0130\u00e7eri\u011fi:<br \/>\n%65 Pamuk<br \/>\n%35 Polyester<\/p>\n","protected":false},"excerpt":{"rendered":"<p>Polyviscone dokuma kuma\u015ftan \u00fcretilmi\u015f, kemer arkas\u0131 lastikli, k\u00f6pr\u00fcl\u00fc tasar\u0131m\u0131yla dikkat \u00e7eken maxi boy etek \u00dcr\u00fcn \u0130\u00e7eri\u011fi: %65 Pamuk %35 Polyester<\/p>\n","protected":false},"featured_media":77474,"comment_status":"open","ping_status":"closed","template":"","meta":[],"product_brand":[],"product_cat":[1969],"product_tag":[8210],"class_list":{"0":"post-77495","1":"product","2":"type-product","3":"status-publish","4":"has-post-thumbnail","6":"product_cat-etekler","7":"product_tag-aw26","8":"pa_brand-fahhar","9":"pa_color-gri","10":"pa_size-4701","11":"pa_size-4706","12":"pa_size-4711","13":"pa_size-4713","15":"first","16":"outofstock","17":"shipping-taxable","18":"product-type-variable"},"_links":{"self":[{"href":"https:\/\/mod.wisdar.net\/tr\/wp-json\/wp\/v2\/product\/77495","targetHints":{"allow":["GET"]}}],"collection":[{"href":"https:\/\/mod.wisdar.net\/tr\/wp-json\/wp\/v2\/product"}],"about":[{"href":"https:\/\/mod.wisdar.net\/tr\/wp-json\/wp\/v2\/types\/product"}],"replies":[{"embeddable":true,"href":"https:\/\/mod.wisdar.net\/tr\/wp-json\/wp\/v2\/comments?post=77495"}],"wp:featuredmedia":[{"embeddable":true,"href":"https:\/\/mod.wisdar.net\/tr\/wp-json\/wp\/v2\/media\/77474"}],"wp:attachment":[{"href":"https:\/\/mod.wisdar.net\/tr\/wp-json\/wp\/v2\/media?parent=77495"}],"wp:term":[{"taxonomy":"product_brand","embeddable":true,"href":"https:\/\/mod.wisdar.net\/tr\/wp-json\/wp\/v2\/product_brand?post=77495"},{"taxonomy":"product_cat","embeddable":true,"href":"https:\/\/mod.wisdar.net\/tr\/wp-json\/wp\/v2\/product_cat?post=77495"},{"taxonomy":"product_tag","embeddable":true,"href":"https:\/\/mod.wisdar.net\/tr\/wp-json\/wp\/v2\/product_tag?post=77495"}],"curies":[{"name":"wp","href":"https:\/\/api.w.org\/{rel}","templated":true}]}}