{"id":77597,"date":"2026-01-22T20:54:44","date_gmt":"2026-01-22T20:54:44","guid":{"rendered":"https:\/\/modesthanim.com\/product\/sac-orgu-triko-takim-pembe\/"},"modified":"2026-04-02T05:51:10","modified_gmt":"2026-04-02T05:51:10","slug":"sac-orgu-triko-takim-pembe","status":"publish","type":"product","link":"https:\/\/mod.wisdar.net\/tr\/urun\/sac-orgu-triko-takim-pembe\/","title":{"rendered":"Sa\u00e7 \u00d6rg\u00fc Triko Tak\u0131m Pembe"},"content":{"rendered":"<p>STANDART BEDEN \u00dcST Uzunluk: 72 cm, \u0130ki Omuz Aras\u0131 Mesafe:46 cm, Kol Uzunlu\u011fu: 55 cm, G\u00f6\u011f\u00fcs: 66 cm, Bel: 63 cm. PANTOLON Uzunluk: 110 cm, Bel:30 cm , Basen: 39 cm. \u00dcr\u00fcn \u0130\u00e7eri\u011fi: % 70 Akrilik % 15 Polyester % 15 Elastan<\/p>\n","protected":false},"excerpt":{"rendered":"<p>STANDART BEDEN \u00dcST Uzunluk: 72 cm, \u0130ki Omuz Aras\u0131 Mesafe:46 cm, Kol Uzunlu\u011fu: 55 cm, G\u00f6\u011f\u00fcs: 66 cm, Bel: 63 cm. PANTOLON Uzunluk: 110 cm, Bel:30 cm , Basen: 39 cm. \u00dcr\u00fcn \u0130\u00e7eri\u011fi: % 70 Akrilik % 15 Polyester % 15 Elastan<\/p>\n","protected":false},"featured_media":77577,"comment_status":"open","ping_status":"closed","template":"","meta":[],"product_brand":[],"product_cat":[1900],"product_tag":[7426,7744],"class_list":{"0":"post-77597","1":"product","2":"type-product","3":"status-publish","4":"has-post-thumbnail","6":"product_cat-koordinatlar-setler","7":"product_tag-gunluk-giyim-3","8":"product_tag-pembe","9":"pa_brand-fahhar","10":"pa_color-pembe","11":"pa_size-standart","13":"first","14":"instock","15":"sale","16":"shipping-taxable","17":"purchasable","18":"product-type-variable"},"_links":{"self":[{"href":"https:\/\/mod.wisdar.net\/tr\/wp-json\/wp\/v2\/product\/77597","targetHints":{"allow":["GET"]}}],"collection":[{"href":"https:\/\/mod.wisdar.net\/tr\/wp-json\/wp\/v2\/product"}],"about":[{"href":"https:\/\/mod.wisdar.net\/tr\/wp-json\/wp\/v2\/types\/product"}],"replies":[{"embeddable":true,"href":"https:\/\/mod.wisdar.net\/tr\/wp-json\/wp\/v2\/comments?post=77597"}],"wp:featuredmedia":[{"embeddable":true,"href":"https:\/\/mod.wisdar.net\/tr\/wp-json\/wp\/v2\/media\/77577"}],"wp:attachment":[{"href":"https:\/\/mod.wisdar.net\/tr\/wp-json\/wp\/v2\/media?parent=77597"}],"wp:term":[{"taxonomy":"product_brand","embeddable":true,"href":"https:\/\/mod.wisdar.net\/tr\/wp-json\/wp\/v2\/product_brand?post=77597"},{"taxonomy":"product_cat","embeddable":true,"href":"https:\/\/mod.wisdar.net\/tr\/wp-json\/wp\/v2\/product_cat?post=77597"},{"taxonomy":"product_tag","embeddable":true,"href":"https:\/\/mod.wisdar.net\/tr\/wp-json\/wp\/v2\/product_tag?post=77597"}],"curies":[{"name":"wp","href":"https:\/\/api.w.org\/{rel}","templated":true}]}}