{"id":77599,"date":"2026-01-22T20:54:43","date_gmt":"2026-01-22T20:54:43","guid":{"rendered":"https:\/\/modesthanim.com\/product\/sac-orgu-triko-takim-kahverengi\/"},"modified":"2026-04-02T05:50:44","modified_gmt":"2026-04-02T05:50:44","slug":"sac-orgu-triko-takim-kahverengi","status":"publish","type":"product","link":"https:\/\/mod.wisdar.net\/tr\/urun\/sac-orgu-triko-takim-kahverengi\/","title":{"rendered":"Sa\u00e7 \u00d6rg\u00fc Triko Tak\u0131m Kahverengi"},"content":{"rendered":"<p>STANDART BEDEN \u00dcST Uzunluk: 72 cm, \u0130ki Omuz Aras\u0131 Mesafe:46 cm, Kol Uzunlu\u011fu: 55 cm, G\u00f6\u011f\u00fcs: 66 cm, Bel: 63 cm. PANTOLON Uzunluk: 110 cm, Bel:30 cm , Basen: 39 cm. \u00dcr\u00fcn \u0130\u00e7eri\u011fi: % 70 Akrilik % 15 Polyester % 15 Elastan<\/p>\n","protected":false},"excerpt":{"rendered":"<p>STANDART BEDEN \u00dcST Uzunluk: 72 cm, \u0130ki Omuz Aras\u0131 Mesafe:46 cm, Kol Uzunlu\u011fu: 55 cm, G\u00f6\u011f\u00fcs: 66 cm, Bel: 63 cm. PANTOLON Uzunluk: 110 cm, Bel:30 cm , Basen: 39 cm. \u00dcr\u00fcn \u0130\u00e7eri\u011fi: % 70 Akrilik % 15 Polyester % 15 Elastan<\/p>\n","protected":false},"featured_media":77575,"comment_status":"open","ping_status":"closed","template":"","meta":[],"product_brand":[],"product_cat":[1900],"product_tag":[8210],"class_list":{"0":"post-77599","1":"product","2":"type-product","3":"status-publish","4":"has-post-thumbnail","6":"product_cat-koordinatlar-setler","7":"product_tag-aw26","8":"pa_brand-fahhar","9":"pa_color-kahverengi","10":"pa_size-standart","12":"first","13":"instock","14":"sale","15":"shipping-taxable","16":"purchasable","17":"product-type-variable"},"_links":{"self":[{"href":"https:\/\/mod.wisdar.net\/tr\/wp-json\/wp\/v2\/product\/77599","targetHints":{"allow":["GET"]}}],"collection":[{"href":"https:\/\/mod.wisdar.net\/tr\/wp-json\/wp\/v2\/product"}],"about":[{"href":"https:\/\/mod.wisdar.net\/tr\/wp-json\/wp\/v2\/types\/product"}],"replies":[{"embeddable":true,"href":"https:\/\/mod.wisdar.net\/tr\/wp-json\/wp\/v2\/comments?post=77599"}],"wp:featuredmedia":[{"embeddable":true,"href":"https:\/\/mod.wisdar.net\/tr\/wp-json\/wp\/v2\/media\/77575"}],"wp:attachment":[{"href":"https:\/\/mod.wisdar.net\/tr\/wp-json\/wp\/v2\/media?parent=77599"}],"wp:term":[{"taxonomy":"product_brand","embeddable":true,"href":"https:\/\/mod.wisdar.net\/tr\/wp-json\/wp\/v2\/product_brand?post=77599"},{"taxonomy":"product_cat","embeddable":true,"href":"https:\/\/mod.wisdar.net\/tr\/wp-json\/wp\/v2\/product_cat?post=77599"},{"taxonomy":"product_tag","embeddable":true,"href":"https:\/\/mod.wisdar.net\/tr\/wp-json\/wp\/v2\/product_tag?post=77599"}],"curies":[{"name":"wp","href":"https:\/\/api.w.org\/{rel}","templated":true}]}}