{"id":77735,"date":"2026-01-22T20:56:17","date_gmt":"2026-01-22T20:56:17","guid":{"rendered":"https:\/\/modesthanim.com\/product\/lacivert-keten-duz-kesim-pantolon\/"},"modified":"2026-04-09T11:25:32","modified_gmt":"2026-04-09T11:25:32","slug":"lacivert-keten-duz-kesim-pantolon","status":"publish","type":"product","link":"https:\/\/mod.wisdar.net\/tr\/urun\/lacivert-keten-duz-kesim-pantolon\/","title":{"rendered":"Lacivert Keten D\u00fcz Kesim Pantolon"},"content":{"rendered":"<p>1(36-38) BEDEN Uzunluk: 106 cm, Normal Bel: 35 cm, Elle A\u00e7\u0131lm\u0131\u015f Bel: 39 cm, Basen: 38 cm.<\/p>\n<p>2(40-42) BEDEN Uzunluk: 106 cm, Normal Bel: 37 cm, Elle A\u00e7\u0131lm\u0131\u015f Bel: 41 cm, Basen: 42 cm<\/p>\n<p>\u00dcr\u00fcn \u0130\u00e7eri\u011fi: %70 Pamuk, %30 Keten<\/p>\n","protected":false},"excerpt":{"rendered":"<p>1(36-38) BEDEN Uzunluk: 106 cm, Normal Bel: 35 cm, Elle A\u00e7\u0131lm\u0131\u015f Bel: 39 cm, Basen: 38 cm. 2(40-42) BEDEN Uzunluk: 106 cm, Normal Bel: 37 cm, Elle A\u00e7\u0131lm\u0131\u015f Bel: 41 cm, Basen: 42 cm \u00dcr\u00fcn \u0130\u00e7eri\u011fi: %70 Pamuk, %30 Keten<\/p>\n","protected":false},"featured_media":77724,"comment_status":"open","ping_status":"closed","template":"","meta":[],"product_brand":[],"product_cat":[1882],"product_tag":[],"class_list":{"0":"post-77735","1":"product","2":"type-product","3":"status-publish","4":"has-post-thumbnail","6":"product_cat-alt-giyim","7":"pa_brand-fahhar","8":"pa_color-lacivert","9":"pa_size-1-36-38","10":"pa_size-2-40-42","12":"first","13":"instock","14":"shipping-taxable","15":"purchasable","16":"product-type-variable"},"_links":{"self":[{"href":"https:\/\/mod.wisdar.net\/tr\/wp-json\/wp\/v2\/product\/77735","targetHints":{"allow":["GET"]}}],"collection":[{"href":"https:\/\/mod.wisdar.net\/tr\/wp-json\/wp\/v2\/product"}],"about":[{"href":"https:\/\/mod.wisdar.net\/tr\/wp-json\/wp\/v2\/types\/product"}],"replies":[{"embeddable":true,"href":"https:\/\/mod.wisdar.net\/tr\/wp-json\/wp\/v2\/comments?post=77735"}],"wp:featuredmedia":[{"embeddable":true,"href":"https:\/\/mod.wisdar.net\/tr\/wp-json\/wp\/v2\/media\/77724"}],"wp:attachment":[{"href":"https:\/\/mod.wisdar.net\/tr\/wp-json\/wp\/v2\/media?parent=77735"}],"wp:term":[{"taxonomy":"product_brand","embeddable":true,"href":"https:\/\/mod.wisdar.net\/tr\/wp-json\/wp\/v2\/product_brand?post=77735"},{"taxonomy":"product_cat","embeddable":true,"href":"https:\/\/mod.wisdar.net\/tr\/wp-json\/wp\/v2\/product_cat?post=77735"},{"taxonomy":"product_tag","embeddable":true,"href":"https:\/\/mod.wisdar.net\/tr\/wp-json\/wp\/v2\/product_tag?post=77735"}],"curies":[{"name":"wp","href":"https:\/\/api.w.org\/{rel}","templated":true}]}}