{"id":77745,"date":"2026-01-22T20:56:21","date_gmt":"2026-01-22T20:56:21","guid":{"rendered":"https:\/\/modesthanim.com\/product\/keten-duz-kesim-pantolon-tas-rengi\/"},"modified":"2026-03-22T02:31:38","modified_gmt":"2026-03-22T02:31:38","slug":"keten-duz-kesim-pantolon-tas-rengi","status":"publish","type":"product","link":"https:\/\/mod.wisdar.net\/tr\/urun\/keten-duz-kesim-pantolon-tas-rengi\/","title":{"rendered":"Keten D\u00fcz Kesim Pantolon Ta\u015f Rengi"},"content":{"rendered":"<p>1(36-38) BEDEN: Uzunluk: 106 cm, Normal Bel: 35 cm, Esnetilmi\u015f Bel: 39 cm, Basen: 38 cm.<\/p>\n<p>2(40-42) BEDEN: Uzunluk: 106 cm, Normal Bel: 37 cm, Esnetilmi\u015f Bel: 41 cm, Basen: 42 cm.<\/p>\n<p>\u00dcr\u00fcn \u0130\u00e7eri\u011fi: %70 Pamuk, %30 Keten<\/p>\n","protected":false},"excerpt":{"rendered":"<p>1(36-38) BEDEN: Uzunluk: 106 cm, Normal Bel: 35 cm, Esnetilmi\u015f Bel: 39 cm, Basen: 38 cm. 2(40-42) BEDEN: Uzunluk: 106 cm, Normal Bel: 37 cm, Esnetilmi\u015f Bel: 41 cm, Basen: 42 cm. \u00dcr\u00fcn \u0130\u00e7eri\u011fi: %70 Pamuk, %30 Keten<\/p>\n","protected":false},"featured_media":77730,"comment_status":"open","ping_status":"closed","template":"","meta":[],"product_brand":[],"product_cat":[1882],"product_tag":[],"class_list":{"0":"post-77745","1":"product","2":"type-product","3":"status-publish","4":"has-post-thumbnail","6":"product_cat-alt-giyim","7":"pa_brand-fahhar","8":"pa_color-tas","9":"pa_size-1-36-38","10":"pa_size-2-40-42","12":"first","13":"outofstock","14":"shipping-taxable","15":"product-type-variable"},"_links":{"self":[{"href":"https:\/\/mod.wisdar.net\/tr\/wp-json\/wp\/v2\/product\/77745","targetHints":{"allow":["GET"]}}],"collection":[{"href":"https:\/\/mod.wisdar.net\/tr\/wp-json\/wp\/v2\/product"}],"about":[{"href":"https:\/\/mod.wisdar.net\/tr\/wp-json\/wp\/v2\/types\/product"}],"replies":[{"embeddable":true,"href":"https:\/\/mod.wisdar.net\/tr\/wp-json\/wp\/v2\/comments?post=77745"}],"wp:featuredmedia":[{"embeddable":true,"href":"https:\/\/mod.wisdar.net\/tr\/wp-json\/wp\/v2\/media\/77730"}],"wp:attachment":[{"href":"https:\/\/mod.wisdar.net\/tr\/wp-json\/wp\/v2\/media?parent=77745"}],"wp:term":[{"taxonomy":"product_brand","embeddable":true,"href":"https:\/\/mod.wisdar.net\/tr\/wp-json\/wp\/v2\/product_brand?post=77745"},{"taxonomy":"product_cat","embeddable":true,"href":"https:\/\/mod.wisdar.net\/tr\/wp-json\/wp\/v2\/product_cat?post=77745"},{"taxonomy":"product_tag","embeddable":true,"href":"https:\/\/mod.wisdar.net\/tr\/wp-json\/wp\/v2\/product_tag?post=77745"}],"curies":[{"name":"wp","href":"https:\/\/api.w.org\/{rel}","templated":true}]}}