{"id":77807,"date":"2026-01-22T20:57:01","date_gmt":"2026-01-22T20:57:01","guid":{"rendered":"https:\/\/modesthanim.com\/product\/keten-duz-kesim-pantolon-aci-kahve\/"},"modified":"2026-04-02T20:10:35","modified_gmt":"2026-04-02T20:10:35","slug":"keten-duz-kesim-pantolon-aci-kahve","status":"publish","type":"product","link":"https:\/\/mod.wisdar.net\/tr\/urun\/keten-duz-kesim-pantolon-aci-kahve\/","title":{"rendered":"Keten D\u00fcz Kesim Pantolon Ac\u0131 Kahve"},"content":{"rendered":"<p>1(36-38) BEDEN: Uzunluk: 106 cm, Normal Bel: 35 cm, Esnetilebilir Bel: 39 cm, Basen: 38 cm.<\/p>\n<p>2(40-42) BEDEN: Uzunluk: 106 cm, Normal Bel: 37 cm, Esnetilebilir Bel: 41 cm, Basen: 42 cm.<\/p>\n<p>\u00dcr\u00fcn \u0130\u00e7eri\u011fi: %70 Pamuk, %30 Keten<\/p>\n","protected":false},"excerpt":{"rendered":"<p>1(36-38) BEDEN: Uzunluk: 106 cm, Normal Bel: 35 cm, Esnetilebilir Bel: 39 cm, Basen: 38 cm. 2(40-42) BEDEN: Uzunluk: 106 cm, Normal Bel: 37 cm, Esnetilebilir Bel: 41 cm, Basen: 42 cm. \u00dcr\u00fcn \u0130\u00e7eri\u011fi: %70 Pamuk, %30 Keten<\/p>\n","protected":false},"featured_media":77794,"comment_status":"open","ping_status":"closed","template":"","meta":[],"product_brand":[],"product_cat":[1882],"product_tag":[3761,6341,6342],"class_list":{"0":"post-77807","1":"product","2":"type-product","3":"status-publish","4":"has-post-thumbnail","6":"product_cat-alt-giyim","7":"product_tag-pantolon","8":"product_tag-shai-lino","9":"product_tag-ss25","10":"pa_brand-fahhar","11":"pa_color-aci-kahve-1","12":"pa_size-1-36-38","13":"pa_size-2-40-42","15":"first","16":"outofstock","17":"shipping-taxable","18":"product-type-variable"},"_links":{"self":[{"href":"https:\/\/mod.wisdar.net\/tr\/wp-json\/wp\/v2\/product\/77807","targetHints":{"allow":["GET"]}}],"collection":[{"href":"https:\/\/mod.wisdar.net\/tr\/wp-json\/wp\/v2\/product"}],"about":[{"href":"https:\/\/mod.wisdar.net\/tr\/wp-json\/wp\/v2\/types\/product"}],"replies":[{"embeddable":true,"href":"https:\/\/mod.wisdar.net\/tr\/wp-json\/wp\/v2\/comments?post=77807"}],"wp:featuredmedia":[{"embeddable":true,"href":"https:\/\/mod.wisdar.net\/tr\/wp-json\/wp\/v2\/media\/77794"}],"wp:attachment":[{"href":"https:\/\/mod.wisdar.net\/tr\/wp-json\/wp\/v2\/media?parent=77807"}],"wp:term":[{"taxonomy":"product_brand","embeddable":true,"href":"https:\/\/mod.wisdar.net\/tr\/wp-json\/wp\/v2\/product_brand?post=77807"},{"taxonomy":"product_cat","embeddable":true,"href":"https:\/\/mod.wisdar.net\/tr\/wp-json\/wp\/v2\/product_cat?post=77807"},{"taxonomy":"product_tag","embeddable":true,"href":"https:\/\/mod.wisdar.net\/tr\/wp-json\/wp\/v2\/product_tag?post=77807"}],"curies":[{"name":"wp","href":"https:\/\/api.w.org\/{rel}","templated":true}]}}