{"id":77857,"date":"2026-01-22T20:57:34","date_gmt":"2026-01-22T20:57:34","guid":{"rendered":"https:\/\/modesthanim.com\/product\/cok-pileli-vual-pantolon-ekru\/"},"modified":"2026-04-02T20:09:40","modified_gmt":"2026-04-02T20:09:40","slug":"cok-pileli-vual-pantolon-ekru","status":"publish","type":"product","link":"https:\/\/mod.wisdar.net\/tr\/urun\/cok-pileli-vual-pantolon-ekru\/","title":{"rendered":"\u00c7ok Pileli Vual Pantolon Ekru"},"content":{"rendered":"<p>%100 pamuk s\u0131k dokuma vual kuma\u015ftan \u00fcretilmi\u015f, astarl\u0131, ince kemerli, patl\u0131 fermuar kapamal\u0131, \u00f6n\u00fc ince pile detayl\u0131, palazzo kesim \u015f\u0131k pantolon.<\/p>\n<p>1(36-38) BEDEN \u00d6l\u00e7\u00fcleri: Uzunluk: 105 cm, Normal Bel: 34 cm, Esnetilmi\u015f Bel: 41 cm, Basen: 48 cm.<\/p>\n<p>2(40-42) BEDEN \u00d6l\u00e7\u00fcleri: Uzunluk: 106 cm, Normal Bel: 39 cm, Esnetilmi\u015f Bel: 44 cm, Basen: 54 cm.<\/p>\n","protected":false},"excerpt":{"rendered":"<p>%100 pamuk s\u0131k dokuma vual kuma\u015ftan \u00fcretilmi\u015f, astarl\u0131, ince kemerli, patl\u0131 fermuar kapamal\u0131, \u00f6n\u00fc ince pile detayl\u0131, palazzo kesim \u015f\u0131k pantolon. 1(36-38) BEDEN \u00d6l\u00e7\u00fcleri: Uzunluk: 105 cm, Normal Bel: 34 cm, Esnetilmi\u015f Bel: 41 cm, Basen: 48 cm. 2(40-42) BEDEN \u00d6l\u00e7\u00fcleri: Uzunluk: 106 cm, Normal Bel: 39 cm, Esnetilmi\u015f Bel: 44 cm, Basen: 54 cm.<\/p>\n","protected":false},"featured_media":77851,"comment_status":"open","ping_status":"closed","template":"","meta":[],"product_brand":[],"product_cat":[1882],"product_tag":[],"class_list":{"0":"post-77857","1":"product","2":"type-product","3":"status-publish","4":"has-post-thumbnail","6":"product_cat-alt-giyim","7":"pa_brand-fahhar","8":"pa_color-ekru","9":"pa_size-1-36-38","10":"pa_size-2-40-42","12":"first","13":"outofstock","14":"shipping-taxable","15":"product-type-variable"},"_links":{"self":[{"href":"https:\/\/mod.wisdar.net\/tr\/wp-json\/wp\/v2\/product\/77857","targetHints":{"allow":["GET"]}}],"collection":[{"href":"https:\/\/mod.wisdar.net\/tr\/wp-json\/wp\/v2\/product"}],"about":[{"href":"https:\/\/mod.wisdar.net\/tr\/wp-json\/wp\/v2\/types\/product"}],"replies":[{"embeddable":true,"href":"https:\/\/mod.wisdar.net\/tr\/wp-json\/wp\/v2\/comments?post=77857"}],"wp:featuredmedia":[{"embeddable":true,"href":"https:\/\/mod.wisdar.net\/tr\/wp-json\/wp\/v2\/media\/77851"}],"wp:attachment":[{"href":"https:\/\/mod.wisdar.net\/tr\/wp-json\/wp\/v2\/media?parent=77857"}],"wp:term":[{"taxonomy":"product_brand","embeddable":true,"href":"https:\/\/mod.wisdar.net\/tr\/wp-json\/wp\/v2\/product_brand?post=77857"},{"taxonomy":"product_cat","embeddable":true,"href":"https:\/\/mod.wisdar.net\/tr\/wp-json\/wp\/v2\/product_cat?post=77857"},{"taxonomy":"product_tag","embeddable":true,"href":"https:\/\/mod.wisdar.net\/tr\/wp-json\/wp\/v2\/product_tag?post=77857"}],"curies":[{"name":"wp","href":"https:\/\/api.w.org\/{rel}","templated":true}]}}