{"id":77870,"date":"2026-01-22T20:57:39","date_gmt":"2026-01-22T20:57:39","guid":{"rendered":"https:\/\/modesthanim.com\/product\/cok-pileli-vual-pantolon-acik-sari\/"},"modified":"2026-04-09T11:25:18","modified_gmt":"2026-04-09T11:25:18","slug":"cok-pileli-vual-pantolon-acik-sari","status":"publish","type":"product","link":"https:\/\/mod.wisdar.net\/tr\/urun\/cok-pileli-vual-pantolon-acik-sari\/","title":{"rendered":"\u00c7ok Pileli Vual Pantolon A\u00e7\u0131k Sar\u0131"},"content":{"rendered":"<p>%100 pamuk s\u0131k dokuma vual kuma\u015ftan, astarl\u0131, ince kemerli, patl\u0131 fermuar kapamal\u0131, \u00f6n\u00fc ince pileli, palazzo kesim pantolon.<\/p>\n<p>1(36-38)BEDEN Uzunluk: 105 cm , Normal Bel:34 cm , Elle A\u00e7\u0131lm\u0131\u015f Bel: 41 cm , Basen:48 cm.<\/p>\n<p>2(40-42)BEDEN Uzunluk:106 cm, Normal Bel:39 cm, Elle A\u00e7\u0131lm\u0131\u015f Bel:44 cm , Basen:54 cm.<\/p>\n","protected":false},"excerpt":{"rendered":"<p>%100 pamuk s\u0131k dokuma vual kuma\u015ftan, astarl\u0131, ince kemerli, patl\u0131 fermuar kapamal\u0131, \u00f6n\u00fc ince pileli, palazzo kesim pantolon. 1(36-38)BEDEN Uzunluk: 105 cm , Normal Bel:34 cm , Elle A\u00e7\u0131lm\u0131\u015f Bel: 41 cm , Basen:48 cm. 2(40-42)BEDEN Uzunluk:106 cm, Normal Bel:39 cm, Elle A\u00e7\u0131lm\u0131\u015f Bel:44 cm , Basen:54 cm.<\/p>\n","protected":false},"featured_media":77860,"comment_status":"open","ping_status":"closed","template":"","meta":[],"product_brand":[],"product_cat":[1882],"product_tag":[7856,6842],"class_list":{"0":"post-77870","1":"product","2":"type-product","3":"status-publish","4":"has-post-thumbnail","6":"product_cat-alt-giyim","7":"product_tag-kadin-pantolon","8":"product_tag-pileli-pantolon-2","9":"pa_brand-fahhar","10":"pa_color-acik-sari","11":"pa_size-1-36-38","12":"pa_size-2-40-42","14":"first","15":"instock","16":"shipping-taxable","17":"purchasable","18":"product-type-variable"},"_links":{"self":[{"href":"https:\/\/mod.wisdar.net\/tr\/wp-json\/wp\/v2\/product\/77870","targetHints":{"allow":["GET"]}}],"collection":[{"href":"https:\/\/mod.wisdar.net\/tr\/wp-json\/wp\/v2\/product"}],"about":[{"href":"https:\/\/mod.wisdar.net\/tr\/wp-json\/wp\/v2\/types\/product"}],"replies":[{"embeddable":true,"href":"https:\/\/mod.wisdar.net\/tr\/wp-json\/wp\/v2\/comments?post=77870"}],"wp:featuredmedia":[{"embeddable":true,"href":"https:\/\/mod.wisdar.net\/tr\/wp-json\/wp\/v2\/media\/77860"}],"wp:attachment":[{"href":"https:\/\/mod.wisdar.net\/tr\/wp-json\/wp\/v2\/media?parent=77870"}],"wp:term":[{"taxonomy":"product_brand","embeddable":true,"href":"https:\/\/mod.wisdar.net\/tr\/wp-json\/wp\/v2\/product_brand?post=77870"},{"taxonomy":"product_cat","embeddable":true,"href":"https:\/\/mod.wisdar.net\/tr\/wp-json\/wp\/v2\/product_cat?post=77870"},{"taxonomy":"product_tag","embeddable":true,"href":"https:\/\/mod.wisdar.net\/tr\/wp-json\/wp\/v2\/product_tag?post=77870"}],"curies":[{"name":"wp","href":"https:\/\/api.w.org\/{rel}","templated":true}]}}