{"id":78031,"date":"2026-01-22T20:59:41","date_gmt":"2026-01-22T20:59:41","guid":{"rendered":"https:\/\/modesthanim.com\/product\/kadin-uzun-kollu-dugmeli-salas-gomlek-10744gml-plum\/"},"modified":"2026-04-09T11:23:11","modified_gmt":"2026-04-09T11:23:11","slug":"kadin-uzun-kollu-dugmeli-salas-gomlek-10744gml-plum","status":"publish","type":"product","link":"https:\/\/mod.wisdar.net\/tr\/urun\/kadin-uzun-kollu-dugmeli-salas-gomlek-10744gml-plum\/","title":{"rendered":"Kad\u0131n Uzun Kollu D\u00fc\u011fmeli Sala\u015f G\u00f6mlek \u2013 10744GML \u2013 PLUM"},"content":{"rendered":"<p>A\u00e7\u0131klama : Rahat kesimi ve sade tasar\u0131m\u0131yla \u00f6ne \u00e7\u0131kan uzun kollu d\u00fc\u011fmeli sala\u015f g\u00f6mlek modeli,g\u00fcnl\u00fck ve ofis kombinlerinde konforlu bir kullan\u0131m sunar. Ak\u0131c\u0131 yap\u0131s\u0131 sayesinde v\u00fccuda rahat oturur ve g\u00fcn boyu hareket \u00f6zg\u00fcrl\u00fc\u011f\u00fc sa\u011flar.Uzun formu sayesinde tunik olarak da kullan\u0131labilen bu kad\u0131n g\u00f6mlek modeli, pantolon ve taytlarla kolayca kombinlenebilir. Minimal tasar\u0131m\u0131yla zamans\u0131z bir stil sunan g\u00f6mlek, dolab\u0131n\u0131z\u0131n kurtar\u0131c\u0131 par\u00e7alar\u0131 aras\u0131nda yer al\u0131r.<\/p>\n<p>\u2014 Technical Details \u2014<br \/>\nKuma\u015f: Dokuma<br \/>\nBoy: Uzun<br \/>\nKal\u0131p: Regular<br \/>\nYa\u015f Grubu: Yeti\u015fkin<br \/>\nDesen: D\u00fcz<br \/>\nKuma\u015f \u0130\u00e7eri\u011fi: 90% POLYESTER 10% NYLON<\/p>\n","protected":false},"excerpt":{"rendered":"<p>A\u00e7\u0131klama : Rahat kesimi ve sade tasar\u0131m\u0131yla \u00f6ne \u00e7\u0131kan uzun kollu d\u00fc\u011fmeli sala\u015f g\u00f6mlek modeli,g\u00fcnl\u00fck ve ofis kombinlerinde konforlu bir kullan\u0131m sunar. Ak\u0131c\u0131 yap\u0131s\u0131 sayesinde v\u00fccuda rahat oturur ve g\u00fcn boyu hareket \u00f6zg\u00fcrl\u00fc\u011f\u00fc sa\u011flar.Uzun formu sayesinde tunik olarak da kullan\u0131labilen bu kad\u0131n g\u00f6mlek modeli, pantolon ve taytlarla kolayca kombinlenebilir. Minimal tasar\u0131m\u0131yla zamans\u0131z bir stil sunan [&hellip;]<\/p>\n","protected":false},"featured_media":78023,"comment_status":"open","ping_status":"closed","template":"","meta":[],"product_brand":[],"product_cat":[1909],"product_tag":[6333,6356],"class_list":{"0":"post-78031","1":"product","2":"type-product","3":"status-publish","4":"has-post-thumbnail","6":"product_cat-bluzlar-ve-gomlekler","7":"product_tag-25w-10744gml","8":"product_tag-womens-long-sleeve-button-down-oversized-shirt-10744gml-plum","9":"pa_brand-puane","10":"pa_color-plum","11":"pa_size-l","12":"pa_size-m","13":"pa_size-s","15":"first","16":"instock","17":"shipping-taxable","18":"purchasable","19":"product-type-variable"},"_links":{"self":[{"href":"https:\/\/mod.wisdar.net\/tr\/wp-json\/wp\/v2\/product\/78031","targetHints":{"allow":["GET"]}}],"collection":[{"href":"https:\/\/mod.wisdar.net\/tr\/wp-json\/wp\/v2\/product"}],"about":[{"href":"https:\/\/mod.wisdar.net\/tr\/wp-json\/wp\/v2\/types\/product"}],"replies":[{"embeddable":true,"href":"https:\/\/mod.wisdar.net\/tr\/wp-json\/wp\/v2\/comments?post=78031"}],"wp:featuredmedia":[{"embeddable":true,"href":"https:\/\/mod.wisdar.net\/tr\/wp-json\/wp\/v2\/media\/78023"}],"wp:attachment":[{"href":"https:\/\/mod.wisdar.net\/tr\/wp-json\/wp\/v2\/media?parent=78031"}],"wp:term":[{"taxonomy":"product_brand","embeddable":true,"href":"https:\/\/mod.wisdar.net\/tr\/wp-json\/wp\/v2\/product_brand?post=78031"},{"taxonomy":"product_cat","embeddable":true,"href":"https:\/\/mod.wisdar.net\/tr\/wp-json\/wp\/v2\/product_cat?post=78031"},{"taxonomy":"product_tag","embeddable":true,"href":"https:\/\/mod.wisdar.net\/tr\/wp-json\/wp\/v2\/product_tag?post=78031"}],"curies":[{"name":"wp","href":"https:\/\/api.w.org\/{rel}","templated":true}]}}