{"id":78183,"date":"2026-01-23T17:15:47","date_gmt":"2026-01-23T17:15:47","guid":{"rendered":"https:\/\/modesthanim.com\/product\/irmak-elbise-siyah\/"},"modified":"2026-04-15T22:27:33","modified_gmt":"2026-04-15T22:27:33","slug":"irmak-elbise-siyah","status":"publish","type":"product","link":"https:\/\/mod.wisdar.net\/tr\/urun\/irmak-elbise-siyah\/","title":{"rendered":"Irmak Elbise Siyah"},"content":{"rendered":"<p>Elbise, birinci s\u0131n\u0131f dabl krep kuma\u015ftan \u00fcretilmi\u015ftir. \u0130\u00e7 k\u0131sm\u0131 astarl\u0131d\u0131r. Ayarlanabilir kemer detay\u0131na sahiptir. \u00d6n k\u0131sm\u0131nda d\u00fc\u011fme detay\u0131 bulunur. Boy: 143 cm, Omuz: 38 cm, G\u00f6\u011f\u00fcs: 96 cm.<\/p>\n","protected":false},"excerpt":{"rendered":"<p>Elbise, birinci s\u0131n\u0131f dabl krep kuma\u015ftan \u00fcretilmi\u015ftir. \u0130\u00e7 k\u0131sm\u0131 astarl\u0131d\u0131r. Ayarlanabilir kemer detay\u0131na sahiptir. \u00d6n k\u0131sm\u0131nda d\u00fc\u011fme detay\u0131 bulunur. Boy: 143 cm, Omuz: 38 cm, G\u00f6\u011f\u00fcs: 96 cm.<\/p>\n","protected":false},"featured_media":78167,"comment_status":"open","ping_status":"closed","template":"","meta":[],"product_brand":[],"product_cat":[1900],"product_tag":[],"class_list":{"0":"post-78183","1":"product","2":"type-product","3":"status-publish","4":"has-post-thumbnail","6":"product_cat-koordinatlar-setler","7":"pa_brand-butikkolik","8":"pa_color-beyaz","9":"pa_color-bordo","10":"pa_color-lacivert","11":"pa_color-siyah","12":"pa_size-4706","13":"pa_size-4711","14":"pa_size-4713","15":"pa_size-4751","16":"pa_size-4749","18":"first","19":"outofstock","20":"shipping-taxable","21":"product-type-variable"},"_links":{"self":[{"href":"https:\/\/mod.wisdar.net\/tr\/wp-json\/wp\/v2\/product\/78183","targetHints":{"allow":["GET"]}}],"collection":[{"href":"https:\/\/mod.wisdar.net\/tr\/wp-json\/wp\/v2\/product"}],"about":[{"href":"https:\/\/mod.wisdar.net\/tr\/wp-json\/wp\/v2\/types\/product"}],"replies":[{"embeddable":true,"href":"https:\/\/mod.wisdar.net\/tr\/wp-json\/wp\/v2\/comments?post=78183"}],"wp:featuredmedia":[{"embeddable":true,"href":"https:\/\/mod.wisdar.net\/tr\/wp-json\/wp\/v2\/media\/78167"}],"wp:attachment":[{"href":"https:\/\/mod.wisdar.net\/tr\/wp-json\/wp\/v2\/media?parent=78183"}],"wp:term":[{"taxonomy":"product_brand","embeddable":true,"href":"https:\/\/mod.wisdar.net\/tr\/wp-json\/wp\/v2\/product_brand?post=78183"},{"taxonomy":"product_cat","embeddable":true,"href":"https:\/\/mod.wisdar.net\/tr\/wp-json\/wp\/v2\/product_cat?post=78183"},{"taxonomy":"product_tag","embeddable":true,"href":"https:\/\/mod.wisdar.net\/tr\/wp-json\/wp\/v2\/product_tag?post=78183"}],"curies":[{"name":"wp","href":"https:\/\/api.w.org\/{rel}","templated":true}]}}