{"id":78690,"date":"2026-01-25T14:12:28","date_gmt":"2026-01-25T14:12:28","guid":{"rendered":"https:\/\/modesthanim.com\/product\/floral-gleam-cicek-isiltisi\/"},"modified":"2026-01-25T14:13:57","modified_gmt":"2026-01-25T14:13:57","slug":"floral-gleam-cicek-isiltisi","status":"publish","type":"product","link":"https:\/\/mod.wisdar.net\/tr\/urun\/floral-gleam-cicek-isiltisi\/","title":{"rendered":"Floral Gleam | \u00c7i\u00e7ek I\u015f\u0131lt\u0131s\u0131"},"content":{"rendered":"<p>\u00c7i\u00e7ek I\u015f\u0131lt\u0131s\u0131 \u2013 Floral Gleam<br \/>\n\ud83d\udc96 Zarafet ve \u00e7ekicili\u011fin d\u00fcnyas\u0131na ad\u0131m at. Floral Gleam, kollar\u0131ndaki \u00e7i\u00e7ek desenli kristal i\u015flemeleriyle zarafeti ve modern \u015f\u0131kl\u0131\u011f\u0131 bir araya getiriyor. Zamans\u0131z \u00e7i\u00e7ek detaylar\u0131n\u0131 seven kad\u0131nlar i\u00e7in \u00f6zel olarak tasarland\u0131. \ud83c\udf38\ud83d\udcab<br \/>\n\ud83d\udccc \u00d6ne \u00c7\u0131kan \u00d6zellikler<br \/>\n\ud83c\udf3c \u00c7i\u00e7ek desenli kristal i\u015flemeli, ak\u0131c\u0131 siluet\ud83c\udf1f Hafif krep kuma\u015f ile yumu\u015fak ve zarif duru\u015f\ud83d\udda4 Klasik a\u00e7\u0131k ferace modeli\u2728 G\u00fcnl\u00fck zarafet ve \u00f6zel g\u00fcnler i\u00e7in m\u00fckemmel tercih<br \/>\n\ud83d\udccf Beden &amp; Kal\u0131p<br \/>\n38\u201346 aras\u0131 beden se\u00e7enekleri mevcuttur\ud83d\udc83 Uzunluk: 145 cm\ud83d\udcd0 Model 38 beden giymekte\ud83d\udc57 A\u011f\u0131rl\u0131\u011fa g\u00f6re beden tablosu:<\/p>\n<p>Beden\tKilo (kg)\tKilo (lbs)<br \/>\n38\t45\u201359 kg\t99\u2013130 lbs<br \/>\n40\t60\u201369 kg\t132\u2013152 lbs<br \/>\n42\t70\u201375 kg\t154\u2013165 lbs<br \/>\n44\t76\u201384 kg\t167\u2013185 lbs<br \/>\n46\t85\u201394 kg\t187\u2013207 lbs<\/p>\n<p>\ud83c\udf81 Paket \u0130\u00e7eri\u011fi1 x D\u0131\u015f Ferace \u2728<br \/>\n\u26a0\ufe0f Not:\ud83d\udc57 \u0130\u00e7 elbise \u00fcr\u00fcne dahil de\u011fildir.<br \/>\n\ud83e\uddf5 Kuma\u015f: Premium Polyester (Krep) \ud83c\udf1f<\/p>\n","protected":false},"excerpt":{"rendered":"<p>\u00c7i\u00e7ek I\u015f\u0131lt\u0131s\u0131 \u2013 Floral Gleam \ud83d\udc96 Zarafet ve \u00e7ekicili\u011fin d\u00fcnyas\u0131na ad\u0131m at. Floral Gleam, kollar\u0131ndaki \u00e7i\u00e7ek desenli kristal i\u015flemeleriyle zarafeti ve modern \u015f\u0131kl\u0131\u011f\u0131 bir araya getiriyor. Zamans\u0131z \u00e7i\u00e7ek detaylar\u0131n\u0131 seven kad\u0131nlar i\u00e7in \u00f6zel olarak tasarland\u0131. \ud83c\udf38\ud83d\udcab \ud83d\udccc \u00d6ne \u00c7\u0131kan \u00d6zellikler \ud83c\udf3c \u00c7i\u00e7ek desenli kristal i\u015flemeli, ak\u0131c\u0131 siluet\ud83c\udf1f Hafif krep kuma\u015f ile yumu\u015fak ve zarif duru\u015f\ud83d\udda4 [&hellip;]<\/p>\n","protected":false},"featured_media":78654,"comment_status":"open","ping_status":"closed","template":"","meta":[],"product_brand":[],"product_cat":[4028],"product_tag":[8298,7508,5012,6744],"class_list":{"0":"post-78690","1":"product","2":"type-product","3":"status-publish","4":"has-post-thumbnail","6":"product_cat-abaya","7":"product_tag-abaya","8":"product_tag-cicekli","9":"product_tag-elegant","10":"product_tag-kadin-modasi","11":"pa_brand-lailora","12":"pa_color-kahverengi","13":"pa_color-krem","14":"pa_color-siyah","15":"pa_color-yesil","16":"pa_size-4706","17":"pa_size-4711","18":"pa_size-4713","19":"pa_size-4751","20":"pa_size-4749","22":"first","23":"instock","24":"sale","25":"shipping-taxable","26":"purchasable","27":"product-type-variable"},"_links":{"self":[{"href":"https:\/\/mod.wisdar.net\/tr\/wp-json\/wp\/v2\/product\/78690","targetHints":{"allow":["GET"]}}],"collection":[{"href":"https:\/\/mod.wisdar.net\/tr\/wp-json\/wp\/v2\/product"}],"about":[{"href":"https:\/\/mod.wisdar.net\/tr\/wp-json\/wp\/v2\/types\/product"}],"replies":[{"embeddable":true,"href":"https:\/\/mod.wisdar.net\/tr\/wp-json\/wp\/v2\/comments?post=78690"}],"wp:featuredmedia":[{"embeddable":true,"href":"https:\/\/mod.wisdar.net\/tr\/wp-json\/wp\/v2\/media\/78654"}],"wp:attachment":[{"href":"https:\/\/mod.wisdar.net\/tr\/wp-json\/wp\/v2\/media?parent=78690"}],"wp:term":[{"taxonomy":"product_brand","embeddable":true,"href":"https:\/\/mod.wisdar.net\/tr\/wp-json\/wp\/v2\/product_brand?post=78690"},{"taxonomy":"product_cat","embeddable":true,"href":"https:\/\/mod.wisdar.net\/tr\/wp-json\/wp\/v2\/product_cat?post=78690"},{"taxonomy":"product_tag","embeddable":true,"href":"https:\/\/mod.wisdar.net\/tr\/wp-json\/wp\/v2\/product_tag?post=78690"}],"curies":[{"name":"wp","href":"https:\/\/api.w.org\/{rel}","templated":true}]}}