{"id":79083,"date":"2026-01-25T14:23:00","date_gmt":"2026-01-25T14:23:00","guid":{"rendered":"https:\/\/modesthanim.com\/product\/our-land-forever-in-bloom-cicek-acan-vatan\/"},"modified":"2026-02-26T08:11:41","modified_gmt":"2026-02-26T08:11:41","slug":"our-land-forever-in-bloom-cicek-acan-vatan","status":"publish","type":"product","link":"https:\/\/mod.wisdar.net\/tr\/urun\/our-land-forever-in-bloom-cicek-acan-vatan\/","title":{"rendered":"Our Land Forever in Bloom | \u00c7i\u00e7ek A\u00e7an Vatan"},"content":{"rendered":"<p>Our Land Forever in Bloom | \u00c7i\u00e7ek A\u00e7an Vatan<br \/>\n\u00c7i\u00e7ek a\u00e7an bir vatan, zarafetle dolu.Bu zarif d\u0131\u015f ferace, sevilen bir toprak par\u00e7as\u0131n\u0131n haritas\u0131 \u015feklinde i\u015flenmi\u015f \u00e7i\u00e7ek nak\u0131\u015flar\u0131yla s\u00fcslenmi\u015f, ak\u0131c\u0131 bir siluete sahiptir. Her bir \u00e7i\u00e7ek; g\u00fczelli\u011fin, g\u00fcc\u00fcn ve k\u00fclt\u00fcrel miras\u0131n bir yans\u0131mas\u0131d\u0131r \u2013 renklerle i\u015flenmi\u015f bir umut hik\u00e2yesini anlat\u0131r.<br \/>\n\u2728 \u00d6ne \u00c7\u0131kan \u00d6zellikler<br \/>\n\u2022 Premium Dubai polyester kuma\u015f \u2013 yumu\u015fak, nefes alabilir, i\u00e7 g\u00f6stermeyen ve konforlu yap\u0131\u2022 Arka k\u0131sm\u0131nda harita formunda yer alan \u00e7i\u00e7ek nak\u0131\u015flar\u0131\u2022 Renkli p\u00fcsk\u00fcl detayl\u0131 geni\u015f kollar\u2022 Karpuz simgesi bulunan yan etiket \u2013 k\u00fclt\u00fcrel ba\u011fl\u0131l\u0131\u011fa zarif bir g\u00f6nderme\u2022 Ayarlanabilir kullan\u0131m i\u00e7in kuma\u015f ku\u015fak ile birlikte\u2022 Siyah ve beyaz renk se\u00e7enekleri mevcut\u2022 Vatan sevgisini kalbinde ta\u015f\u0131yanlar i\u00e7in \u015fiirsel bir tasar\u0131m<br \/>\n\ud83d\udccf Beden &amp; Kal\u0131p<br \/>\n\u2022 Tek beden \u2013 farkl\u0131 v\u00fccut tiplerine uyum sa\u011flar\u2022 Uygun kilo aral\u0131\u011f\u0131: 45\u201395 kg \/ 99\u2013209 lbs\u2022 Ferace uzunlu\u011fu: 145 cm \/ 57 in\u00e7\u2022 Model boyu: 172 cm \/ 5\u20197\u201d<br \/>\n\ud83d\udd38 K\u0131sa boylularda uzun durabilir\ud83d\udd38 D\u00f6k\u00fcml\u00fc ve tesett\u00fcre uygun bir tasar\u0131md\u0131r. Bel k\u0131sm\u0131n\u0131 ku\u015fakla diledi\u011finiz gibi \u015fekillendirebilirsiniz<br \/>\n\ud83d\udce6 Paket \u0130\u00e7eri\u011fi<br \/>\n\u2022 1 x Nak\u0131\u015fl\u0131 d\u0131\u015f ferace\u2022 1 x Kuma\u015f ku\u015fak<br \/>\n\ud83d\udda4 Bu \u00fcr\u00fcn yaln\u0131zca d\u0131\u015f feraceyi i\u00e7erir. \u0130\u00e7 elbise dahil de\u011fildir.<\/p>\n<p>\u2014 Technical Details \u2014<br \/>\nweight_range_kg: 45\u201395<br \/>\nweight_range_lbs: 99\u2013209<br \/>\nlength_cm: 145<br \/>\nlength_inches: 57<br \/>\nmodel_height_cm: 172<br \/>\nmodel_height_ft_in: 5\u20197\u201d<br \/>\npackage_contents: [&#8216;1 x Nak\u0131\u015fl\u0131 d\u0131\u015f ferace&#8217;, &#8216;1 x Kuma\u015f ku\u015fak&#8217;]<\/p>\n","protected":false},"excerpt":{"rendered":"<p>Our Land Forever in Bloom | \u00c7i\u00e7ek A\u00e7an Vatan \u00c7i\u00e7ek a\u00e7an bir vatan, zarafetle dolu.Bu zarif d\u0131\u015f ferace, sevilen bir<\/p>\n","protected":false},"featured_media":79073,"comment_status":"open","ping_status":"closed","template":"","meta":[],"product_brand":[],"product_cat":[],"product_tag":[],"class_list":{"0":"post-79083","1":"product","2":"type-product","3":"status-publish","4":"has-post-thumbnail","7":"first","8":"instock","9":"sale","10":"shipping-taxable","11":"purchasable","12":"product-type-variable"},"_links":{"self":[{"href":"https:\/\/mod.wisdar.net\/tr\/wp-json\/wp\/v2\/product\/79083","targetHints":{"allow":["GET"]}}],"collection":[{"href":"https:\/\/mod.wisdar.net\/tr\/wp-json\/wp\/v2\/product"}],"about":[{"href":"https:\/\/mod.wisdar.net\/tr\/wp-json\/wp\/v2\/types\/product"}],"replies":[{"embeddable":true,"href":"https:\/\/mod.wisdar.net\/tr\/wp-json\/wp\/v2\/comments?post=79083"}],"wp:featuredmedia":[{"embeddable":true,"href":"https:\/\/mod.wisdar.net\/tr\/wp-json\/wp\/v2\/media\/79073"}],"wp:attachment":[{"href":"https:\/\/mod.wisdar.net\/tr\/wp-json\/wp\/v2\/media?parent=79083"}],"wp:term":[{"taxonomy":"product_brand","embeddable":true,"href":"https:\/\/mod.wisdar.net\/tr\/wp-json\/wp\/v2\/product_brand?post=79083"},{"taxonomy":"product_cat","embeddable":true,"href":"https:\/\/mod.wisdar.net\/tr\/wp-json\/wp\/v2\/product_cat?post=79083"},{"taxonomy":"product_tag","embeddable":true,"href":"https:\/\/mod.wisdar.net\/tr\/wp-json\/wp\/v2\/product_tag?post=79083"}],"curies":[{"name":"wp","href":"https:\/\/api.w.org\/{rel}","templated":true}]}}