{"id":79302,"date":"2026-01-25T14:24:57","date_gmt":"2026-01-25T14:24:57","guid":{"rendered":"https:\/\/modesthanim.com\/product\/embrace-flow-akisin-zarafeti\/"},"modified":"2026-04-02T20:51:15","modified_gmt":"2026-04-02T20:51:15","slug":"embrace-flow-akisin-zarafeti","status":"publish","type":"product","link":"https:\/\/mod.wisdar.net\/tr\/urun\/embrace-flow-akisin-zarafeti\/","title":{"rendered":"Embrace Flow | Ak\u0131\u015f\u0131n Zarafeti"},"content":{"rendered":"<p>Embrace Flow | Ak\u0131\u015f\u0131n Zarafeti<br \/>\nZarafetin ve hafifli\u011fin zahmetsiz bir ifadesi.Embrace Flow, minimal tasar\u0131m\u0131 ve zarif detaylar\u0131 yumu\u015fak akan kuma\u015fla birle\u015ftiriyor. Kollar ve etek ucundaki dairesel nak\u0131\u015f motifleri modern ve huzurlu bir ritim yarat\u0131rken, sadelikteki \u015f\u0131kl\u0131\u011f\u0131 benimseyen kad\u0131nlar i\u00e7in m\u00fckemmel bir se\u00e7enektir.<br \/>\nMevcut renkler: Ada\u00e7ay\u0131 Ye\u015fili, Bej, Siyah ve Yumu\u015fak Gri.<\/p>\n<p>\u2728 \u00d6ne \u00c7\u0131kan \u00d6zellikler<br \/>\n\u2022 Y\u00fcksek kaliteli\u00a0 Dubai kuma\u015f \u2013 nefes alabilir, hafif ve i\u00e7 g\u00f6stermeyen yap\u0131\u2022 Zarif hareket ve zamans\u0131z tesett\u00fcr \u015f\u0131kl\u0131\u011f\u0131 i\u00e7in rahat kesim\u2022 Kollar ve etek ucunda tekrarlayan dairesel nak\u0131\u015f detaylar\u0131\u2022 \u00d6n k\u0131s\u0131mda yumu\u015fak biyeli detaylarla \u015f\u0131k bir g\u00f6r\u00fcn\u00fcm\u2022 A\u00e7\u0131k \u00f6n tasar\u0131m \u2013 elbiseler veya pantolonlarla kolayca kombinlenebilir\u2022 G\u00fcnl\u00fck kullan\u0131m ve \u00f6zel anlar i\u00e7in ideal<\/p>\n<p>\ud83d\udccf Beden ve Kal\u0131p<br \/>\n\u2022 Mevcut bedenler: 38 \u2013 40 \u2013 42 \u2013 44 \u2013 46\u2022 Normal kal\u0131p, d\u00f6k\u00fcml\u00fc yap\u0131ya sahiptir\u2022 Ferace uzunlu\u011fu: 145 cm\u2022 Model: 170 cm boyunda, 38 beden giymektedir<\/p>\n<p>Kilo (kg)<br \/>\n\u00d6nerilen Beden<\/p>\n<p>45\u201359<br \/>\n38<\/p>\n<p>60\u201369<br \/>\n40<\/p>\n<p>70\u201375<br \/>\n42<\/p>\n<p>76\u201384<br \/>\n44<\/p>\n<p>85\u201394<br \/>\n46<\/p>\n<p>\ud83d\udce6 Paket \u0130\u00e7eri\u011fi<br \/>\n\u2022 Bu \u00fcr\u00fcn sadece d\u0131\u015f feraceyi i\u00e7erir\u2022 Tek par\u00e7a d\u0131\u015f ferace olarak tasarlanm\u0131\u015ft\u0131r.\u2022 Foto\u011fraflarda g\u00f6r\u00fcnen i\u00e7 elbise ve aksesuarlar \u00fcr\u00fcne dahil de\u011fildir<\/p>\n","protected":false},"excerpt":{"rendered":"<p>Embrace Flow | Ak\u0131\u015f\u0131n Zarafeti Zarafetin ve hafifli\u011fin zahmetsiz bir ifadesi.Embrace Flow, minimal tasar\u0131m\u0131 ve zarif detaylar\u0131 yumu\u015fak akan kuma\u015fla birle\u015ftiriyor. Kollar ve etek ucundaki dairesel nak\u0131\u015f motifleri modern ve huzurlu bir ritim yarat\u0131rken, sadelikteki \u015f\u0131kl\u0131\u011f\u0131 benimseyen kad\u0131nlar i\u00e7in m\u00fckemmel bir se\u00e7enektir. Mevcut renkler: Ada\u00e7ay\u0131 Ye\u015fili, Bej, Siyah ve Yumu\u015fak Gri. \u2728 \u00d6ne \u00c7\u0131kan \u00d6zellikler [&hellip;]<\/p>\n","protected":false},"featured_media":79272,"comment_status":"open","ping_status":"closed","template":"","meta":[],"product_brand":[],"product_cat":[4028],"product_tag":[8298,5012,7354,6766,7548,6772],"class_list":{"0":"post-79302","1":"product","2":"type-product","3":"status-publish","4":"has-post-thumbnail","6":"product_cat-abaya","7":"product_tag-abaya","8":"product_tag-elegant","9":"product_tag-gunluk-giyim-2","10":"product_tag-hafif","11":"product_tag-mutevazi-moda","12":"product_tag-ozel-gun","13":"pa_brand-leyla-e-store","14":"pa_color-bej","15":"pa_color-gray","16":"pa_color-siyah","17":"pa_color-yesil","18":"pa_size-4706","19":"pa_size-4711","20":"pa_size-4713","21":"pa_size-4751","22":"pa_size-4749","24":"first","25":"outofstock","26":"shipping-taxable","27":"purchasable","28":"product-type-variable"},"_links":{"self":[{"href":"https:\/\/mod.wisdar.net\/tr\/wp-json\/wp\/v2\/product\/79302","targetHints":{"allow":["GET"]}}],"collection":[{"href":"https:\/\/mod.wisdar.net\/tr\/wp-json\/wp\/v2\/product"}],"about":[{"href":"https:\/\/mod.wisdar.net\/tr\/wp-json\/wp\/v2\/types\/product"}],"replies":[{"embeddable":true,"href":"https:\/\/mod.wisdar.net\/tr\/wp-json\/wp\/v2\/comments?post=79302"}],"wp:featuredmedia":[{"embeddable":true,"href":"https:\/\/mod.wisdar.net\/tr\/wp-json\/wp\/v2\/media\/79272"}],"wp:attachment":[{"href":"https:\/\/mod.wisdar.net\/tr\/wp-json\/wp\/v2\/media?parent=79302"}],"wp:term":[{"taxonomy":"product_brand","embeddable":true,"href":"https:\/\/mod.wisdar.net\/tr\/wp-json\/wp\/v2\/product_brand?post=79302"},{"taxonomy":"product_cat","embeddable":true,"href":"https:\/\/mod.wisdar.net\/tr\/wp-json\/wp\/v2\/product_cat?post=79302"},{"taxonomy":"product_tag","embeddable":true,"href":"https:\/\/mod.wisdar.net\/tr\/wp-json\/wp\/v2\/product_tag?post=79302"}],"curies":[{"name":"wp","href":"https:\/\/api.w.org\/{rel}","templated":true}]}}