{"id":80125,"date":"2026-01-26T09:32:45","date_gmt":"2026-01-26T09:32:45","guid":{"rendered":"https:\/\/modesthanim.com\/product\/balikci-yaka-basic-kazak-yosun-2\/"},"modified":"2026-04-15T21:09:48","modified_gmt":"2026-04-15T21:09:48","slug":"balikci-yaka-basic-kazak-yosun-2","status":"publish","type":"product","link":"https:\/\/mod.wisdar.net\/tr\/urun\/balikci-yaka-basic-kazak-yosun-2\/","title":{"rendered":"Bal\u0131k\u00e7\u0131 Yaka Basic Kazak Yosun"},"content":{"rendered":"<p>%79 Akrilik ve %21 Polyester iplik kar\u0131\u015f\u0131m\u0131ndan \u00fcretilen bu bal\u0131k\u00e7\u0131 yaka basic kazak, s\u0131cak tutan, hafif ve dayan\u0131kl\u0131 yap\u0131s\u0131yla konforu \u015f\u0131kl\u0131kla birle\u015ftirir. Akrilik iplik, \u0131s\u0131 yal\u0131t\u0131m\u0131 sa\u011flayarak so\u011fuk havalarda s\u0131cak tutarken; Polyester kuma\u015fa dayan\u0131kl\u0131l\u0131k, form koruma ve k\u0131r\u0131\u015fmaya kar\u015f\u0131 diren\u00e7 kazand\u0131r\u0131r.Sade ve zarif tasar\u0131m\u0131yla \u00f6ne \u00e7\u0131kan bu kazak, v\u00fccudu saran formu ve klasik bal\u0131k\u00e7\u0131 yaka detay\u0131yla hem s\u0131cak tutar hem de \u015f\u0131k bir g\u00f6r\u00fcn\u00fcm olu\u015fturur. Minimal \u00e7izgisiyle her kombine uyum sa\u011flar; tek ba\u015f\u0131na ya da ceket ve montlarla kolayca tamamlanabilir. G\u00fcnl\u00fck ve \u015fehirli stiller i\u00e7in idealdir. Kendi bedeninizi tercih etmeniz \u00f6nerilir.Bak\u0131m \u00f6nerisi: 30\u00b0C\u2019de y\u0131kay\u0131n\u0131z. A\u011fart\u0131c\u0131 kullanmay\u0131n\u0131z. D\u00fc\u015f\u00fck \u0131s\u0131da \u00fct\u00fcleyiniz.Boy: 71 cm (\u00dcr\u00fcn boyu \u00fcretimler aras\u0131 1-5 cm de\u011fi\u015febilir. Bu boy \u00f6l\u00e7\u00fcs\u00fc \u00fcr\u00fcn\u00fcn d\u00fcz bir \u015fekilde yat\u0131r\u0131larak \u00f6l\u00e7\u00fclm\u00fc\u015f halidir. Giyildi\u011finde triko yap\u0131s\u0131 gere\u011fi a\u015fa\u011f\u0131 do\u011fru uzad\u0131\u011f\u0131ndan 5-8 cm aras\u0131 daha uzun olmaktad\u0131r.)Manken \u00d6l\u00e7\u00fcleri:Boy: 176 cmG\u00f6\u011f\u00fcs: 80 cmBel: 60 cmBasen: 90 cmMankenin \u00dczerindeki Beden: S<\/p>\n","protected":false},"excerpt":{"rendered":"<p>%79 Akrilik ve %21 Polyester iplik kar\u0131\u015f\u0131m\u0131ndan \u00fcretilen bu bal\u0131k\u00e7\u0131 yaka basic kazak, s\u0131cak tutan, hafif ve dayan\u0131kl\u0131 yap\u0131s\u0131yla konforu \u015f\u0131kl\u0131kla birle\u015ftirir. Akrilik iplik, \u0131s\u0131 yal\u0131t\u0131m\u0131 sa\u011flayarak so\u011fuk havalarda s\u0131cak tutarken; Polyester kuma\u015fa dayan\u0131kl\u0131l\u0131k, form koruma ve k\u0131r\u0131\u015fmaya kar\u015f\u0131 diren\u00e7 kazand\u0131r\u0131r.Sade ve zarif tasar\u0131m\u0131yla \u00f6ne \u00e7\u0131kan bu kazak, v\u00fccudu saran formu ve klasik bal\u0131k\u00e7\u0131 yaka [&hellip;]<\/p>\n","protected":false},"featured_media":80119,"comment_status":"open","ping_status":"closed","template":"","meta":[],"product_brand":[],"product_cat":[1909],"product_tag":[7354,6766,7144,6825],"class_list":{"0":"post-80125","1":"product","2":"type-product","3":"status-publish","4":"has-post-thumbnail","6":"product_cat-bluzlar-ve-gomlekler","7":"product_tag-gunluk-giyim-2","8":"product_tag-hafif","9":"product_tag-minimalist","10":"product_tag-sehir-stili","11":"pa_brand-he-qa","12":"pa_color-yosun","13":"pa_size-l","14":"pa_size-m","15":"pa_size-s","17":"first","18":"outofstock","19":"shipping-taxable","20":"product-type-variable"},"_links":{"self":[{"href":"https:\/\/mod.wisdar.net\/tr\/wp-json\/wp\/v2\/product\/80125","targetHints":{"allow":["GET"]}}],"collection":[{"href":"https:\/\/mod.wisdar.net\/tr\/wp-json\/wp\/v2\/product"}],"about":[{"href":"https:\/\/mod.wisdar.net\/tr\/wp-json\/wp\/v2\/types\/product"}],"replies":[{"embeddable":true,"href":"https:\/\/mod.wisdar.net\/tr\/wp-json\/wp\/v2\/comments?post=80125"}],"wp:featuredmedia":[{"embeddable":true,"href":"https:\/\/mod.wisdar.net\/tr\/wp-json\/wp\/v2\/media\/80119"}],"wp:attachment":[{"href":"https:\/\/mod.wisdar.net\/tr\/wp-json\/wp\/v2\/media?parent=80125"}],"wp:term":[{"taxonomy":"product_brand","embeddable":true,"href":"https:\/\/mod.wisdar.net\/tr\/wp-json\/wp\/v2\/product_brand?post=80125"},{"taxonomy":"product_cat","embeddable":true,"href":"https:\/\/mod.wisdar.net\/tr\/wp-json\/wp\/v2\/product_cat?post=80125"},{"taxonomy":"product_tag","embeddable":true,"href":"https:\/\/mod.wisdar.net\/tr\/wp-json\/wp\/v2\/product_tag?post=80125"}],"curies":[{"name":"wp","href":"https:\/\/api.w.org\/{rel}","templated":true}]}}