{"id":80172,"date":"2026-01-26T17:50:31","date_gmt":"2026-01-26T17:50:31","guid":{"rendered":"https:\/\/modesthanim.com\/product\/buklet-hirka-sutlu-kahve\/"},"modified":"2026-04-09T11:00:46","modified_gmt":"2026-04-09T11:00:46","slug":"buklet-hirka-sutlu-kahve","status":"publish","type":"product","link":"https:\/\/mod.wisdar.net\/tr\/urun\/buklet-hirka-sutlu-kahve\/","title":{"rendered":"Buklet H\u0131rka S\u00fctl\u00fc Kahve"},"content":{"rendered":"<p>Premium buklet iplikle \u00f6r\u00fclm\u00fc\u015f h\u0131rka. Kollar\u0131 ve etek ucu lastik \u00f6rg\u00fc detayl\u0131. Pantolon veya eteklerinizle kolbinleyebilece\u011finiz buklet h\u0131rkalar\u0131m\u0131z, hafif bol bir kal\u0131ba sahiptir. Model \u00fczerindeki gibi bol duru\u015f istemeyenler bir beden k\u00fc\u00e7\u00fck sipari\u015f verebilir. T\u00fcm trikolar\u0131m\u0131z ultra kaliteli premium ipliklerle \u00f6r\u00fclm\u00fc\u015ft\u00fcr.Tek ba\u015f\u0131na, 30 derecede narin y\u0131kama yaparak uzun \u00f6m\u00fcrl\u00fc kullan\u0131m sa\u011flayabilirsiniz. Aksesuar ve \u00e7anta s\u00fcrt\u00fcnmesine kar\u015f\u0131 dikkatli kullan\u0131m gerektirir.Boy: 55 cm (\u00dcr\u00fcn boyu \u00fcretimler aras\u0131 1-5 cm de\u011fi\u015febilir.)Manken \u00d6l\u00e7\u00fcleri:Boy: 174 cm G\u00f6\u011f\u00fcs: 83 cm Bel: 62 cm Basen: 92 cm Mankenin \u00dczerindeki Beden: 1<\/p>\n","protected":false},"excerpt":{"rendered":"<p>Premium buklet iplikle \u00f6r\u00fclm\u00fc\u015f h\u0131rka. Kollar\u0131 ve etek ucu lastik \u00f6rg\u00fc detayl\u0131. Pantolon veya eteklerinizle kolbinleyebilece\u011finiz buklet h\u0131rkalar\u0131m\u0131z, hafif bol bir kal\u0131ba sahiptir. Model \u00fczerindeki gibi bol duru\u015f istemeyenler bir beden k\u00fc\u00e7\u00fck sipari\u015f verebilir. T\u00fcm trikolar\u0131m\u0131z ultra kaliteli premium ipliklerle \u00f6r\u00fclm\u00fc\u015ft\u00fcr.Tek ba\u015f\u0131na, 30 derecede narin y\u0131kama yaparak uzun \u00f6m\u00fcrl\u00fc kullan\u0131m sa\u011flayabilirsiniz. Aksesuar ve \u00e7anta s\u00fcrt\u00fcnmesine [&hellip;]<\/p>\n","protected":false},"featured_media":80167,"comment_status":"open","ping_status":"closed","template":"","meta":[],"product_brand":[],"product_cat":[1909],"product_tag":[5267,5246,5923,4992,5258,3531],"class_list":{"0":"post-80172","1":"product","2":"type-product","3":"status-publish","4":"has-post-thumbnail","6":"product_cat-bluzlar-ve-gomlekler","7":"product_tag-boucle-cardigan","8":"product_tag-delicate-wash","9":"product_tag-milk-coffee-color","10":"product_tag-oversized-fit","11":"product_tag-premium-knitwear","12":"product_tag-ribbed-detail","13":"pa_brand-he-qa","14":"pa_color-milky-brown","15":"pa_size-4446","16":"pa_size-4463","18":"first","19":"outofstock","20":"shipping-taxable","21":"product-type-variable"},"_links":{"self":[{"href":"https:\/\/mod.wisdar.net\/tr\/wp-json\/wp\/v2\/product\/80172","targetHints":{"allow":["GET"]}}],"collection":[{"href":"https:\/\/mod.wisdar.net\/tr\/wp-json\/wp\/v2\/product"}],"about":[{"href":"https:\/\/mod.wisdar.net\/tr\/wp-json\/wp\/v2\/types\/product"}],"replies":[{"embeddable":true,"href":"https:\/\/mod.wisdar.net\/tr\/wp-json\/wp\/v2\/comments?post=80172"}],"wp:featuredmedia":[{"embeddable":true,"href":"https:\/\/mod.wisdar.net\/tr\/wp-json\/wp\/v2\/media\/80167"}],"wp:attachment":[{"href":"https:\/\/mod.wisdar.net\/tr\/wp-json\/wp\/v2\/media?parent=80172"}],"wp:term":[{"taxonomy":"product_brand","embeddable":true,"href":"https:\/\/mod.wisdar.net\/tr\/wp-json\/wp\/v2\/product_brand?post=80172"},{"taxonomy":"product_cat","embeddable":true,"href":"https:\/\/mod.wisdar.net\/tr\/wp-json\/wp\/v2\/product_cat?post=80172"},{"taxonomy":"product_tag","embeddable":true,"href":"https:\/\/mod.wisdar.net\/tr\/wp-json\/wp\/v2\/product_tag?post=80172"}],"curies":[{"name":"wp","href":"https:\/\/api.w.org\/{rel}","templated":true}]}}