{"id":80211,"date":"2026-01-26T17:50:51","date_gmt":"2026-01-26T17:50:51","guid":{"rendered":"https:\/\/modesthanim.com\/product\/bone-rengi-bukle-kardigan\/"},"modified":"2026-04-09T10:55:00","modified_gmt":"2026-04-09T10:55:00","slug":"bone-rengi-bukle-kardigan","status":"publish","type":"product","link":"https:\/\/mod.wisdar.net\/tr\/urun\/bone-rengi-bukle-kardigan\/","title":{"rendered":"Bone Rengi Bukle Kardigan"},"content":{"rendered":"<p>Bu kardigan, premium bukle iplikten \u00f6r\u00fclm\u00fc\u015f olup, man\u015fet ve etek u\u00e7lar\u0131nda ribana detaylar\u0131 bulunmaktad\u0131r. Pantolon veya eteklerle kombinlenebilir ve hafif bol bir kesime sahiptir. Daha az hacimli bir g\u00f6r\u00fcn\u00fcm tercih ediliyorsa, bir beden k\u00fc\u00e7\u00fck sipari\u015f verilmesi \u00f6nerilir.<\/p>\n<p>T\u00fcm \u00f6rg\u00fc \u00fcr\u00fcnlerimiz ultra y\u00fcksek kaliteli premium ipliklerden \u00fcretilmi\u015ftir. Uzun s\u00fcreli kullan\u0131m i\u00e7in 30 derecede yaln\u0131z ba\u015f\u0131na hassas y\u0131kama yap\u0131labilir. Aksesuar ve \u00e7antalardan kaynaklanan s\u00fcrt\u00fcnmelerden ka\u00e7\u0131n\u0131lmal\u0131d\u0131r.<\/p>\n<p>Uzunluk: 55 cm (\u00dcr\u00fcn uzunlu\u011fu, \u00fcretim partileri aras\u0131nda 1-5 cm de\u011fi\u015fiklik g\u00f6sterebilir.)<\/p>\n<p>Modelin \u00d6l\u00e7\u00fcleri:<\/p>\n<p>Boy: 174 cm<\/p>\n<p>G\u00f6\u011f\u00fcs: 83 cm<\/p>\n<p>Bel: 62 cm<\/p>\n<p>Kal\u00e7a: 92 cm<\/p>\n<p>Modelin Giyindi\u011fi Beden: 1<\/p>\n","protected":false},"excerpt":{"rendered":"<p>Bu kardigan, premium bukle iplikten \u00f6r\u00fclm\u00fc\u015f olup, man\u015fet ve etek u\u00e7lar\u0131nda ribana detaylar\u0131 bulunmaktad\u0131r. Pantolon veya eteklerle kombinlenebilir ve hafif bol bir kesime sahiptir. Daha az hacimli bir g\u00f6r\u00fcn\u00fcm tercih ediliyorsa, bir beden k\u00fc\u00e7\u00fck sipari\u015f verilmesi \u00f6nerilir. T\u00fcm \u00f6rg\u00fc \u00fcr\u00fcnlerimiz ultra y\u00fcksek kaliteli premium ipliklerden \u00fcretilmi\u015ftir. Uzun s\u00fcreli kullan\u0131m i\u00e7in 30 derecede yaln\u0131z ba\u015f\u0131na hassas [&hellip;]<\/p>\n","protected":false},"featured_media":80195,"comment_status":"open","ping_status":"closed","template":"","meta":[],"product_brand":[],"product_cat":[1909],"product_tag":[],"class_list":{"0":"post-80211","1":"product","2":"type-product","3":"status-publish","4":"has-post-thumbnail","6":"product_cat-bluzlar-ve-gomlekler","7":"pa_brand-he-qa","8":"pa_color-bone","9":"pa_size-4446","10":"pa_size-4463","12":"first","13":"outofstock","14":"shipping-taxable","15":"product-type-variable"},"_links":{"self":[{"href":"https:\/\/mod.wisdar.net\/tr\/wp-json\/wp\/v2\/product\/80211","targetHints":{"allow":["GET"]}}],"collection":[{"href":"https:\/\/mod.wisdar.net\/tr\/wp-json\/wp\/v2\/product"}],"about":[{"href":"https:\/\/mod.wisdar.net\/tr\/wp-json\/wp\/v2\/types\/product"}],"replies":[{"embeddable":true,"href":"https:\/\/mod.wisdar.net\/tr\/wp-json\/wp\/v2\/comments?post=80211"}],"wp:featuredmedia":[{"embeddable":true,"href":"https:\/\/mod.wisdar.net\/tr\/wp-json\/wp\/v2\/media\/80195"}],"wp:attachment":[{"href":"https:\/\/mod.wisdar.net\/tr\/wp-json\/wp\/v2\/media?parent=80211"}],"wp:term":[{"taxonomy":"product_brand","embeddable":true,"href":"https:\/\/mod.wisdar.net\/tr\/wp-json\/wp\/v2\/product_brand?post=80211"},{"taxonomy":"product_cat","embeddable":true,"href":"https:\/\/mod.wisdar.net\/tr\/wp-json\/wp\/v2\/product_cat?post=80211"},{"taxonomy":"product_tag","embeddable":true,"href":"https:\/\/mod.wisdar.net\/tr\/wp-json\/wp\/v2\/product_tag?post=80211"}],"curies":[{"name":"wp","href":"https:\/\/api.w.org\/{rel}","templated":true}]}}