{"id":80311,"date":"2026-01-26T17:52:43","date_gmt":"2026-01-26T17:52:43","guid":{"rendered":"https:\/\/modesthanim.com\/product\/muslin-beli-buzgulu-elbise-yag-yesili\/"},"modified":"2026-04-02T04:33:31","modified_gmt":"2026-04-02T04:33:31","slug":"muslin-beli-buzgulu-elbise-yag-yesili","status":"publish","type":"product","link":"https:\/\/mod.wisdar.net\/tr\/urun\/muslin-beli-buzgulu-elbise-yag-yesili\/","title":{"rendered":"M\u00fcslin Beli B\u00fczg\u00fcl\u00fc Elbise Ya\u011f Ye\u015fili"},"content":{"rendered":"<p>%100 Pamuk m\u00fcslin kuma\u015f ile \u00fcretti\u011fimiz elbiselerimiz, zamans\u0131z tasar\u0131m\u0131 ve nefes alan dokusu ile en s\u0131cak g\u00fcnlerde bile konfor sunar. En a\u00e7\u0131k renkleri bile ten rengi atlet ile kullan\u0131ld\u0131\u011f\u0131nda i\u00e7 belli etmez. 2025 pantonelerine uygun renklerde \u00f6zel olarak haz\u0131rlatt\u0131\u011f\u0131m\u0131z m\u00fcslinlerimizi 30 derecede narin y\u0131kama yaparsan\u0131z uzun y\u0131llar ilk g\u00fcnk\u00fc gibi kullanabilirsiniz. \u00dcr\u00fcn bol bir kal\u0131ba sahiptir, model \u00fczerindeki kadar bol bir duru\u015f istemiyorsan\u0131z bir beden k\u00fc\u00e7\u00fck tercih edebilirsiniz. Boy: 138 cm (\u00dcr\u00fcn boyu \u00fcretimler aras\u0131 1-5 cm de\u011fi\u015febilir.) Kal\u0131p Bilgisi: G\u00f6\u011f\u00fcs Pazu Kol Boyu 36 Beden: 102 cm 38 cm 59 cm 38 Beden: 106 cm 40 cm 60 cm 40 Beden: 110 cm 42 cm 61 cm 42 Beden: 114 cm 44 cm 62 cm Manken \u00d6l\u00e7\u00fcleri: Boy: 176 cm G\u00f6\u011f\u00fcs: 80 cm Bel: 61 cm Basen: 90 cm Mankenin \u00dczerindeki Beden: 36<\/p>\n","protected":false},"excerpt":{"rendered":"<p>%100 Pamuk m\u00fcslin kuma\u015f ile \u00fcretti\u011fimiz elbiselerimiz, zamans\u0131z tasar\u0131m\u0131 ve nefes alan dokusu ile en s\u0131cak g\u00fcnlerde bile konfor sunar. En a\u00e7\u0131k renkleri bile ten rengi atlet ile kullan\u0131ld\u0131\u011f\u0131nda i\u00e7 belli etmez. 2025 pantonelerine uygun renklerde \u00f6zel olarak haz\u0131rlatt\u0131\u011f\u0131m\u0131z m\u00fcslinlerimizi 30 derecede narin y\u0131kama yaparsan\u0131z uzun y\u0131llar ilk g\u00fcnk\u00fc gibi kullanabilirsiniz. \u00dcr\u00fcn bol bir kal\u0131ba [&hellip;]<\/p>\n","protected":false},"featured_media":80299,"comment_status":"open","ping_status":"closed","template":"","meta":[],"product_brand":[],"product_cat":[6249,1933],"product_tag":[7326,7591,7488,6877],"class_list":{"0":"post-80311","1":"product","2":"type-product","3":"status-publish","4":"has-post-thumbnail","6":"product_cat-elbiseler","7":"product_cat-gunluk-ve-gunduz-elbiseleri","8":"product_tag-bol-kesim","9":"product_tag-muslin-elbise","10":"product_tag-pamuk","11":"product_tag-yaz-elbisesi","12":"pa_brand-he-qa","13":"pa_color-oil-green","14":"pa_size-4701","15":"pa_size-4706","16":"pa_size-4711","17":"pa_size-4713","19":"first","20":"instock","21":"sale","22":"shipping-taxable","23":"purchasable","24":"product-type-variable"},"_links":{"self":[{"href":"https:\/\/mod.wisdar.net\/tr\/wp-json\/wp\/v2\/product\/80311","targetHints":{"allow":["GET"]}}],"collection":[{"href":"https:\/\/mod.wisdar.net\/tr\/wp-json\/wp\/v2\/product"}],"about":[{"href":"https:\/\/mod.wisdar.net\/tr\/wp-json\/wp\/v2\/types\/product"}],"replies":[{"embeddable":true,"href":"https:\/\/mod.wisdar.net\/tr\/wp-json\/wp\/v2\/comments?post=80311"}],"wp:featuredmedia":[{"embeddable":true,"href":"https:\/\/mod.wisdar.net\/tr\/wp-json\/wp\/v2\/media\/80299"}],"wp:attachment":[{"href":"https:\/\/mod.wisdar.net\/tr\/wp-json\/wp\/v2\/media?parent=80311"}],"wp:term":[{"taxonomy":"product_brand","embeddable":true,"href":"https:\/\/mod.wisdar.net\/tr\/wp-json\/wp\/v2\/product_brand?post=80311"},{"taxonomy":"product_cat","embeddable":true,"href":"https:\/\/mod.wisdar.net\/tr\/wp-json\/wp\/v2\/product_cat?post=80311"},{"taxonomy":"product_tag","embeddable":true,"href":"https:\/\/mod.wisdar.net\/tr\/wp-json\/wp\/v2\/product_tag?post=80311"}],"curies":[{"name":"wp","href":"https:\/\/api.w.org\/{rel}","templated":true}]}}