{"id":80324,"date":"2026-01-26T17:53:06","date_gmt":"2026-01-26T17:53:06","guid":{"rendered":"https:\/\/modesthanim.com\/product\/keten-uzun-pileli-elbise-sedef\/"},"modified":"2026-04-15T21:49:10","modified_gmt":"2026-04-15T21:49:10","slug":"keten-uzun-pileli-elbise-sedef","status":"publish","type":"product","link":"https:\/\/mod.wisdar.net\/tr\/urun\/keten-uzun-pileli-elbise-sedef\/","title":{"rendered":"Keten Uzun Pileli Elbise Sedef"},"content":{"rendered":"<p>%100 keten kuma\u015ftan \u00fcretilen bu elbise, nefes alan yap\u0131s\u0131 sayesinde g\u00fcn boyu konfor sa\u011flar. Tam kal\u0131p olup, genellikle giydi\u011finiz bedeni tercih edebilirsiniz. Do\u011fru beden se\u00e7imi i\u00e7in bel \u00f6l\u00e7\u00fcn\u00fcz\u00fc dikkate alman\u0131z\u0131 \u00f6neririz. \u00dcr\u00fcn astars\u0131zd\u0131r ve kolsuz harici astar kullan\u0131m\u0131 gerektirir. 30 derecede hassas y\u0131kama program\u0131nda tek ba\u015f\u0131na y\u0131kaman\u0131z\u0131 tavsiye ederiz; aksi takdirde kuma\u015fta solma veya k\u0131r\u0131\u015fma olu\u015fabilir. Kurutma makinesi kullan\u0131lmamal\u0131d\u0131r. T\u00fcm keten \u00fcr\u00fcnlerimiz European Flax\u00ae sertifikal\u0131 olup, bu sertifika ketenin Avrupa&#8217;da s\u00fcrd\u00fcr\u00fclebilir tar\u0131m y\u00f6ntemleriyle, yapay sulama veya GDO olmadan yeti\u015ftirildi\u011fini ve \u00e7evreye duyarl\u0131 bir \u00fcretim s\u00fcrecinden ge\u00e7ti\u011fini garanti eder. Ayr\u0131ca, kuma\u015f\u0131n hammaddesinin kayna\u011f\u0131n\u0131n ve \u00fcretim s\u00fcrecinin izlenebilir oldu\u011funu teyit eder. Kulland\u0131\u011f\u0131m\u0131z premium kalite keten lifleri, kuma\u015f\u0131n hafifli\u011finden dokusuna kadar her detayda kendini hissettirir. Keyifle kullanman\u0131z\u0131 dileriz&#8230; Boy: 150 cm (\u00dcr\u00fcn boyu \u00fcretimler aras\u0131nda 1-5 cm de\u011fi\u015fiklik g\u00f6sterebilir.) Kal\u0131p Bilgisi: G\u00f6\u011f\u00fcs\/Bel\/Basen\/Pazu 36 Beden: 92 cm\/78 cm\/142 cm\/38 cm 38 Beden: 96 cm\/82 cm\/146 cm\/40 cm Manken \u00d6l\u00e7\u00fcleri: Boy: 176 cm G\u00f6\u011f\u00fcs: 80 cm Bel: 61 cm Basen: 90 cm Mankenin \u00dczerindeki Beden: 36<\/p>\n","protected":false},"excerpt":{"rendered":"<p>%100 keten kuma\u015ftan \u00fcretilen bu elbise, nefes alan yap\u0131s\u0131 sayesinde g\u00fcn boyu konfor sa\u011flar. Tam kal\u0131p olup, genellikle giydi\u011finiz bedeni tercih edebilirsiniz. Do\u011fru beden se\u00e7imi i\u00e7in bel \u00f6l\u00e7\u00fcn\u00fcz\u00fc dikkate alman\u0131z\u0131 \u00f6neririz. \u00dcr\u00fcn astars\u0131zd\u0131r ve kolsuz harici astar kullan\u0131m\u0131 gerektirir. 30 derecede hassas y\u0131kama program\u0131nda tek ba\u015f\u0131na y\u0131kaman\u0131z\u0131 tavsiye ederiz; aksi takdirde kuma\u015fta solma veya k\u0131r\u0131\u015fma [&hellip;]<\/p>\n","protected":false},"featured_media":80308,"comment_status":"open","ping_status":"closed","template":"","meta":[],"product_brand":[],"product_cat":[6249,1933],"product_tag":[],"class_list":{"0":"post-80324","1":"product","2":"type-product","3":"status-publish","4":"has-post-thumbnail","6":"product_cat-elbiseler","7":"product_cat-gunluk-ve-gunduz-elbiseleri","8":"pa_brand-he-qa","9":"pa_color-sedef","10":"pa_size-4701","11":"pa_size-4706","13":"first","14":"outofstock","15":"shipping-taxable","16":"product-type-variable"},"_links":{"self":[{"href":"https:\/\/mod.wisdar.net\/tr\/wp-json\/wp\/v2\/product\/80324","targetHints":{"allow":["GET"]}}],"collection":[{"href":"https:\/\/mod.wisdar.net\/tr\/wp-json\/wp\/v2\/product"}],"about":[{"href":"https:\/\/mod.wisdar.net\/tr\/wp-json\/wp\/v2\/types\/product"}],"replies":[{"embeddable":true,"href":"https:\/\/mod.wisdar.net\/tr\/wp-json\/wp\/v2\/comments?post=80324"}],"wp:featuredmedia":[{"embeddable":true,"href":"https:\/\/mod.wisdar.net\/tr\/wp-json\/wp\/v2\/media\/80308"}],"wp:attachment":[{"href":"https:\/\/mod.wisdar.net\/tr\/wp-json\/wp\/v2\/media?parent=80324"}],"wp:term":[{"taxonomy":"product_brand","embeddable":true,"href":"https:\/\/mod.wisdar.net\/tr\/wp-json\/wp\/v2\/product_brand?post=80324"},{"taxonomy":"product_cat","embeddable":true,"href":"https:\/\/mod.wisdar.net\/tr\/wp-json\/wp\/v2\/product_cat?post=80324"},{"taxonomy":"product_tag","embeddable":true,"href":"https:\/\/mod.wisdar.net\/tr\/wp-json\/wp\/v2\/product_tag?post=80324"}],"curies":[{"name":"wp","href":"https:\/\/api.w.org\/{rel}","templated":true}]}}